{"id":156357,"date":"2025-09-11T15:41:36","date_gmt":"2025-09-11T13:41:36","guid":{"rendered":"https:\/\/secureus.se\/evolis-lvr037naa-hologram-varnish-ribbon-1200-prints\/"},"modified":"2026-04-23T12:29:10","modified_gmt":"2026-04-23T10:29:10","slug":"evolis-lvr037naa-hologram-varnish-ribbon-1200-prints","status":"publish","type":"product","link":"https:\/\/secureus.se\/fr\/evolis-lvr037naa-hologram-varnish-ribbon-1200-prints\/","title":{"rendered":"Ruban de peinture Evolis \u2013 LVR037NAA (1200 impressions)"},"content":{"rendered":"<h1>Lackband<br \/>\n  Evolis &#8211; LVR037NAA (1200 utskrifter)<\/h1>\n<p>Lackband Evolis &#8211; LVR037NAA (1200 utskrifter) \u00e4r en overlayfilm<br \/>\n  som skyddar kortets yta mot repor, fukt och dagligt slitage.<\/p>\n<p>Un bon choix si vous souhaitez augmenter la dur\u00e9e de vie de vos cartes et les am\u00e9liorer.<br \/>\n  durabilit\u00e9 et un r\u00e9sultat final plus professionnel.<\/p>\n<ul>\n<li>Capacit\u00e9 : jusqu&#039;\u00e0 1\u00a0200 impressions par rouleau<\/li>\n<li>Offre une s\u00e9curit\u00e9 visuelle suppl\u00e9mentaire gr\u00e2ce \u00e0 son effet holographique.<\/li>\n<li>Hologramme Globe pour une meilleure protection contre la contrefa\u00e7on<\/li>\n<li>Num\u00e9ro d&#039;article : LVR037NAA<\/li>\n<\/ul>\n<p><strong>Kompatibel med Evolis Primacy, Primacy 2 och<br \/>\n  Avansia.<\/strong><\/p>\n<p><strong>Poids du produit :<\/strong> 0,20kg<\/p>","protected":false},"excerpt":{"rendered":"<p>Lackband Evolis &#8211; LVR037NAA (1200 utskrifter) Lackband Evolis &#8211; LVR037NAA (1200 utskrifter) \u00e4r en overlayfilm som skyddar kortets yta mot repor, fukt och dagligt slitage. Ett bra val n\u00e4r du<\/p>","protected":false},"featured_media":156356,"template":"","meta":{"_acf_changed":false},"product_brand":[],"product_cat":[4855,4858,4859],"product_tag":[4863],"class_list":{"0":"post-156357","1":"product","2":"type-product","3":"status-publish","4":"has-post-thumbnail","6":"product_cat-avansia","7":"product_cat-primacy","8":"product_cat-primacy-2","9":"product_tag-pf","10":"pa_brands-evolis","11":"tm-no-options","13":"first","14":"outofstock","15":"sale","16":"taxable","17":"shipping-taxable","18":"purchasable","19":"product-type-simple"},"acf":[],"_links":{"self":[{"href":"https:\/\/secureus.se\/fr\/wp-json\/wp\/v2\/product\/156357","targetHints":{"allow":["GET"]}}],"collection":[{"href":"https:\/\/secureus.se\/fr\/wp-json\/wp\/v2\/product"}],"about":[{"href":"https:\/\/secureus.se\/fr\/wp-json\/wp\/v2\/types\/product"}],"wp:featuredmedia":[{"embeddable":true,"href":"https:\/\/secureus.se\/fr\/wp-json\/wp\/v2\/media\/156356"}],"wp:attachment":[{"href":"https:\/\/secureus.se\/fr\/wp-json\/wp\/v2\/media?parent=156357"}],"wp:term":[{"taxonomy":"product_brand","embeddable":true,"href":"https:\/\/secureus.se\/fr\/wp-json\/wp\/v2\/product_brand?post=156357"},{"taxonomy":"product_cat","embeddable":true,"href":"https:\/\/secureus.se\/fr\/wp-json\/wp\/v2\/product_cat?post=156357"},{"taxonomy":"product_tag","embeddable":true,"href":"https:\/\/secureus.se\/fr\/wp-json\/wp\/v2\/product_tag?post=156357"}],"curies":[{"name":"wp","href":"https:\/\/api.w.org\/{rel}","templated":true}]}}