{"id":156361,"date":"2025-09-11T15:41:26","date_gmt":"2025-09-11T13:41:26","guid":{"rendered":"https:\/\/secureus.se\/evolis-rct216naaa-metallic-gold-monochrome-ribbon-1000-prints\/"},"modified":"2026-03-26T09:59:18","modified_gmt":"2026-03-26T08:59:18","slug":"evolis-rct216naaa-metallic-gold-monochrome-ribbon-1000-prints","status":"publish","type":"product","link":"https:\/\/secureus.se\/fr\/evolis-rct216naaa-metallic-gold-monochrome-ribbon-1000-prints\/","title":{"rendered":"Ruban monochrome or m\u00e9tallis\u00e9 Evolis RCT216NAAA (1000 impressions)"},"content":{"rendered":"<p>Le ruban monochrome or m\u00e9tallis\u00e9 Evolis RCT216NAAA permet d&#039;imprimer facilement et efficacement des textes dor\u00e9s d&#039;une qualit\u00e9 exceptionnelle et des illustrations \u00e0 trait unique sur des cartes existantes. Avec une capacit\u00e9 d&#039;impression de 1\u00a0000 pages, ce ruban est id\u00e9al pour renouveler rapidement les cartes des entreprises de taille moyenne \u00e0 grande.<\/p>\n<ul>\n<li>1000 impressions par rouleau<\/li>\n<li>Ruban d&#039;imprimante monochrome dor\u00e9 m\u00e9tallis\u00e9<\/li>\n<li>R\u00e9f\u00e9rence fabricant\u00a0: RCT216NAAA<\/li>\n<\/ul>\n<p><strong>Avant de passer votre commande, veuillez v\u00e9rifier que ce ruban est compatible avec votre imprimante. Ce ruban est compatible UNIQUEMENT avec les imprimantes de cartes Evolis Primacy 2 et Zenius 2.<\/strong><\/p>\n<p>\n <strong><br \/>\n Poids du produit :<br \/>\n 0,20 kg<br \/>\n <\/strong>\n <\/p>","protected":false},"excerpt":{"rendered":"<p>The Evolis RCT216NAAA metallic gold monochrome ribbon prints brilliant quality gold text and single-line art to pre-existing cards easily and effectively. With 1,000 print capacity, this ribbon is a great<\/p>","protected":false},"featured_media":156359,"template":"","meta":{"_acf_changed":false},"product_brand":[],"product_cat":[4859],"product_tag":[4863],"class_list":{"0":"post-156361","1":"product","2":"type-product","3":"status-publish","4":"has-post-thumbnail","6":"product_cat-primacy-2","7":"product_tag-pf","8":"pa_brands-evolis","9":"tm-no-options","11":"first","12":"instock","13":"sale","14":"taxable","15":"shipping-taxable","16":"purchasable","17":"product-type-simple"},"acf":[],"_links":{"self":[{"href":"https:\/\/secureus.se\/fr\/wp-json\/wp\/v2\/product\/156361","targetHints":{"allow":["GET"]}}],"collection":[{"href":"https:\/\/secureus.se\/fr\/wp-json\/wp\/v2\/product"}],"about":[{"href":"https:\/\/secureus.se\/fr\/wp-json\/wp\/v2\/types\/product"}],"wp:featuredmedia":[{"embeddable":true,"href":"https:\/\/secureus.se\/fr\/wp-json\/wp\/v2\/media\/156359"}],"wp:attachment":[{"href":"https:\/\/secureus.se\/fr\/wp-json\/wp\/v2\/media?parent=156361"}],"wp:term":[{"taxonomy":"product_brand","embeddable":true,"href":"https:\/\/secureus.se\/fr\/wp-json\/wp\/v2\/product_brand?post=156361"},{"taxonomy":"product_cat","embeddable":true,"href":"https:\/\/secureus.se\/fr\/wp-json\/wp\/v2\/product_cat?post=156361"},{"taxonomy":"product_tag","embeddable":true,"href":"https:\/\/secureus.se\/fr\/wp-json\/wp\/v2\/product_tag?post=156361"}],"curies":[{"name":"wp","href":"https:\/\/api.w.org\/{rel}","templated":true}]}}