{"id":156364,"date":"2025-09-11T15:41:40","date_gmt":"2025-09-11T13:41:40","guid":{"rendered":"https:\/\/secureus.se\/evolis-badgy-v-1-vbdg204eu-ymcko-ribbon-100-prints\/"},"modified":"2026-04-08T17:00:18","modified_gmt":"2026-04-08T15:00:18","slug":"evolis-badgy-v-1-vbdg204eu-ymcko-ribbon-100-prints","status":"publish","type":"product","link":"https:\/\/secureus.se\/fr\/evolis-badgy-v-1-vbdg204eu-ymcko-ribbon-100-prints\/","title":{"rendered":"Ruban Evolis Badgy v.1 YMCKO \u2013 VBDG204EU (100 impressions)"},"content":{"rendered":"<h1>Ruban<br \/>\n  Evolis Badgy v.1 YMCKO &#8211; VBDG204EU (100 utskrifter)<\/h1>\n<p>F\u00e4rgband Evolis Badgy v.1 YMCKO &#8211; VBDG204EU (100 utskrifter) \u00e4r<br \/>\n  ett f\u00e4rgband f\u00f6r utskrift av plastkort med skarpa f\u00e4rger, tydlig text och bra<br \/>\n  Reproduction d\u00e9taill\u00e9e. Le ruban YMCKO assure la combinaison correcte de panneaux de couleur et<br \/>\n  Couche de protection pour l&#039;impression professionnelle de cartes.<\/p>\n<p>Convient aux cartes d&#039;identit\u00e9, cartes d&#039;acc\u00e8s, cartes de membre et autres.<br \/>\n  cartes en plastique o\u00f9 une qualit\u00e9 d&#039;impression et une fiabilit\u00e9 \u00e9lev\u00e9es sont<br \/>\n  important.<\/p>\n<ul>\n<li>Capacit\u00e9 : jusqu&#039;\u00e0 100 impressions<\/li>\n<li>Type de ruban : YMCKO<\/li>\n<li>Artikelnummer: VBDG204EU<\/li>\n<\/ul>\n<p><strong>Kompatibel med Badgy1.<\/strong><\/p>\n<p><strong>Poids du produit :<\/strong> 0,15 kg<\/p>","protected":false},"excerpt":{"rendered":"<p>F\u00e4rgband Evolis Badgy v.1 YMCKO &#8211; VBDG204EU (100 utskrifter) F\u00e4rgband Evolis Badgy v.1 YMCKO &#8211; VBDG204EU (100 utskrifter) \u00e4r ett f\u00e4rgband f\u00f6r utskrift av plastkort med skarpa f\u00e4rger, tydlig text<\/p>","protected":false},"featured_media":156362,"template":"","meta":{"_acf_changed":false},"product_brand":[],"product_cat":[3213],"product_tag":[4863],"class_list":{"0":"post-156364","1":"product","2":"type-product","3":"status-publish","4":"has-post-thumbnail","6":"product_cat-evolis-fargband-retransfer","7":"product_tag-pf","8":"pa_brands-evolis","9":"tm-has-options","11":"first","12":"instock","13":"sale","14":"taxable","15":"shipping-taxable","16":"purchasable","17":"product-type-simple"},"acf":[],"_links":{"self":[{"href":"https:\/\/secureus.se\/fr\/wp-json\/wp\/v2\/product\/156364","targetHints":{"allow":["GET"]}}],"collection":[{"href":"https:\/\/secureus.se\/fr\/wp-json\/wp\/v2\/product"}],"about":[{"href":"https:\/\/secureus.se\/fr\/wp-json\/wp\/v2\/types\/product"}],"wp:featuredmedia":[{"embeddable":true,"href":"https:\/\/secureus.se\/fr\/wp-json\/wp\/v2\/media\/156362"}],"wp:attachment":[{"href":"https:\/\/secureus.se\/fr\/wp-json\/wp\/v2\/media?parent=156364"}],"wp:term":[{"taxonomy":"product_brand","embeddable":true,"href":"https:\/\/secureus.se\/fr\/wp-json\/wp\/v2\/product_brand?post=156364"},{"taxonomy":"product_cat","embeddable":true,"href":"https:\/\/secureus.se\/fr\/wp-json\/wp\/v2\/product_cat?post=156364"},{"taxonomy":"product_tag","embeddable":true,"href":"https:\/\/secureus.se\/fr\/wp-json\/wp\/v2\/product_tag?post=156364"}],"curies":[{"name":"wp","href":"https:\/\/api.w.org\/{rel}","templated":true}]}}