{"id":156367,"date":"2025-09-11T15:41:31","date_gmt":"2025-09-11T13:41:31","guid":{"rendered":"https:\/\/secureus.se\/evolis-r3012-ko-black-ribbon-with-overlay-500-prints\/"},"modified":"2026-04-08T16:55:35","modified_gmt":"2026-04-08T14:55:35","slug":"evolis-r3012-ko-black-ribbon-with-overlay-500-prints","status":"publish","type":"product","link":"https:\/\/secureus.se\/fr\/evolis-r3012-ko-black-ribbon-with-overlay-500-prints\/","title":{"rendered":"Ruban Evolis KO \u2013 R3012, avec superposition (500 tirages)"},"content":{"rendered":"<h1>Ruban<br \/>\n  Evolis KO \u2013 R3012, avec superposition (500 exemplaires)<\/h1>\n<p>Ruban Evolis KO \u2013 R3012, avec surimpression (500 tirages) est un<br \/>\n  Ruban adh\u00e9sif KO avec panneau noir et film protecteur. C&#039;est un bon choix lorsque vous<br \/>\n  N\u00e9cessite un texte clair, des codes-barres et une protection suppl\u00e9mentaire sur la surface de la carte.<\/p>\n<p>Convient aux cartes d&#039;identit\u00e9, cartes d&#039;acc\u00e8s, cartes de membre et autres.<br \/>\n  cartes en plastique o\u00f9 une qualit\u00e9 d&#039;impression et une fiabilit\u00e9 \u00e9lev\u00e9es sont<br \/>\n  important.<\/p>\n<ul>\n<li>Capacit\u00e9 : jusqu&#039;\u00e0 500 impressions<\/li>\n<li>Type de bande : KO<\/li>\n<li>Num\u00e9ro d&#039;article : R3012<\/li>\n<\/ul>\n<p><strong>Compatible avec Evolis Pebble, Dualys, Quantum et Kiosk<br \/>\n  et la s\u00e9curit\u00e9.<\/strong><\/p>\n<p><strong>Poids du produit :<\/strong> 0,10 kg<\/p>","protected":false},"excerpt":{"rendered":"<p>F\u00e4rgband Evolis KO &#8211; R3012, med overlay (500 utskrifter) F\u00e4rgband Evolis KO &#8211; R3012, med overlay (500 utskrifter) \u00e4r ett KO-band med svart panel och skyddande overlay. Det \u00e4r ett<\/p>","protected":false},"featured_media":156366,"template":"","meta":{"_acf_changed":false},"product_brand":[],"product_cat":[4857,4860],"product_tag":[4863],"class_list":{"0":"post-156367","1":"product","2":"type-product","3":"status-publish","4":"has-post-thumbnail","6":"product_cat-pebble","7":"product_cat-quantum","8":"product_tag-pf","9":"pa_brands-evolis","10":"tm-no-options","12":"first","13":"instock","14":"sale","15":"taxable","16":"shipping-taxable","17":"purchasable","18":"product-type-simple"},"acf":[],"_links":{"self":[{"href":"https:\/\/secureus.se\/fr\/wp-json\/wp\/v2\/product\/156367","targetHints":{"allow":["GET"]}}],"collection":[{"href":"https:\/\/secureus.se\/fr\/wp-json\/wp\/v2\/product"}],"about":[{"href":"https:\/\/secureus.se\/fr\/wp-json\/wp\/v2\/types\/product"}],"wp:featuredmedia":[{"embeddable":true,"href":"https:\/\/secureus.se\/fr\/wp-json\/wp\/v2\/media\/156366"}],"wp:attachment":[{"href":"https:\/\/secureus.se\/fr\/wp-json\/wp\/v2\/media?parent=156367"}],"wp:term":[{"taxonomy":"product_brand","embeddable":true,"href":"https:\/\/secureus.se\/fr\/wp-json\/wp\/v2\/product_brand?post=156367"},{"taxonomy":"product_cat","embeddable":true,"href":"https:\/\/secureus.se\/fr\/wp-json\/wp\/v2\/product_cat?post=156367"},{"taxonomy":"product_tag","embeddable":true,"href":"https:\/\/secureus.se\/fr\/wp-json\/wp\/v2\/product_tag?post=156367"}],"curies":[{"name":"wp","href":"https:\/\/api.w.org\/{rel}","templated":true}]}}