{"id":156370,"date":"2025-09-11T15:41:26","date_gmt":"2025-09-11T13:41:26","guid":{"rendered":"https:\/\/secureus.se\/evolis-rct214naaa-green-monochrome-ribbon-1000-prints\/"},"modified":"2026-04-23T12:35:45","modified_gmt":"2026-04-23T10:35:45","slug":"evolis-rct214naaa-green-monochrome-ribbon-1000-prints","status":"publish","type":"product","link":"https:\/\/secureus.se\/fr\/evolis-rct214naaa-green-monochrome-ribbon-1000-prints\/","title":{"rendered":"Ruban Evolis \u2013 RCT214NAAA, monochrome vert (1000 impressions)"},"content":{"rendered":"<h1>Ruban<br \/>\n  Evolis &#8211; RCT214NAAA, gr\u00f6n monokrom (1000 utskrifter)<\/h1>\n<p>F\u00e4rgband Evolis &#8211; RCT214NAAA, gr\u00f6n monokrom (1000 utskrifter) \u00e4r<br \/>\n  un accessoire original pour imprimantes de cartes, con\u00e7u pour une fiabilit\u00e9 et une efficacit\u00e9 optimales.<br \/>\n  Production professionnelle de cartes.<\/p>\n<ul>\n<li>Capacit\u00e9 : jusqu&#039;\u00e0 1 000 impressions<\/li>\n<li>Artikelnummer: RCT214NAAA<\/li>\n<\/ul>\n<p><strong>Compatible avec les cartes Evolis Primacy 2 et Zenius 2<br \/>\n  Imprimantes uniquement.<\/strong><\/p>\n<p><strong>Poids du produit :<\/strong> 0,20kg<\/p>","protected":false},"excerpt":{"rendered":"<p>F\u00e4rgband Evolis &#8211; RCT214NAAA, gr\u00f6n monokrom (1000 utskrifter) F\u00e4rgband Evolis &#8211; RCT214NAAA, gr\u00f6n monokrom (1000 utskrifter) \u00e4r ett originaltillbeh\u00f6r f\u00f6r kortskrivare som \u00e4r anpassat f\u00f6r p\u00e5litlig och professionell kortproduktion. Kapacitet:<\/p>","protected":false},"featured_media":156369,"template":"","meta":{"_acf_changed":false},"product_brand":[],"product_cat":[4859],"product_tag":[4863],"class_list":{"0":"post-156370","1":"product","2":"type-product","3":"status-publish","4":"has-post-thumbnail","6":"product_cat-primacy-2","7":"product_tag-pf","8":"pa_brands-evolis","9":"tm-no-options","11":"first","12":"outofstock","13":"sale","14":"taxable","15":"shipping-taxable","16":"purchasable","17":"product-type-simple"},"acf":[],"_links":{"self":[{"href":"https:\/\/secureus.se\/fr\/wp-json\/wp\/v2\/product\/156370","targetHints":{"allow":["GET"]}}],"collection":[{"href":"https:\/\/secureus.se\/fr\/wp-json\/wp\/v2\/product"}],"about":[{"href":"https:\/\/secureus.se\/fr\/wp-json\/wp\/v2\/types\/product"}],"wp:featuredmedia":[{"embeddable":true,"href":"https:\/\/secureus.se\/fr\/wp-json\/wp\/v2\/media\/156369"}],"wp:attachment":[{"href":"https:\/\/secureus.se\/fr\/wp-json\/wp\/v2\/media?parent=156370"}],"wp:term":[{"taxonomy":"product_brand","embeddable":true,"href":"https:\/\/secureus.se\/fr\/wp-json\/wp\/v2\/product_brand?post=156370"},{"taxonomy":"product_cat","embeddable":true,"href":"https:\/\/secureus.se\/fr\/wp-json\/wp\/v2\/product_cat?post=156370"},{"taxonomy":"product_tag","embeddable":true,"href":"https:\/\/secureus.se\/fr\/wp-json\/wp\/v2\/product_tag?post=156370"}],"curies":[{"name":"wp","href":"https:\/\/api.w.org\/{rel}","templated":true}]}}