{"id":156374,"date":"2025-09-11T15:41:32","date_gmt":"2025-09-11T13:41:32","guid":{"rendered":"https:\/\/secureus.se\/evolis-rt5f014naa-ymcfk-retransfer-colour-ribbon-with-uv-panel-400-prints\/"},"modified":"2026-04-23T12:32:12","modified_gmt":"2026-04-23T10:32:12","slug":"evolis-rt5f014naa-ymcfk-retransfer-colour-ribbon-with-uv-panel-400-prints","status":"publish","type":"product","link":"https:\/\/secureus.se\/fr\/evolis-rt5f014naa-ymcfk-retransfer-colour-ribbon-with-uv-panel-400-prints\/","title":{"rendered":"Ruban Evolis YMCFK \u2013 RT5F014NAA, avec panneau UV (400 impressions)"},"content":{"rendered":"<h1>Ruban<br \/>\n  Evolis YMCFK &#8211; RT5F014NAA, med UV-panel (400 utskrifter)<\/h1>\n<p>Ruban Evolis YMCFK \u2013 RT5F014NAA, avec panneau UV (400 impressions)<br \/>\n  est un ruban encreur pour l&#039;impression de cartes plastiques aux couleurs vives, au texte net et<br \/>\n  bra detalj\u00e5tergivning. Bandtypen YMCFK ger r\u00e4tt kombination av f\u00e4rgpaneler<br \/>\n  f\u00f6r professionella kortutskrifter.<\/p>\n<p>Convient aux cartes d&#039;identit\u00e9, cartes d&#039;acc\u00e8s, cartes de membre et autres.<br \/>\n  cartes en plastique o\u00f9 une qualit\u00e9 d&#039;impression et une fiabilit\u00e9 \u00e9lev\u00e9es sont<br \/>\n  important.<\/p>\n<ul>\n<li>Capacit\u00e9 : jusqu&#039;\u00e0 400 impressions<\/li>\n<li>Type de bande : YMCFK<\/li>\n<li>Protection r\u00e9sistante aux UV<\/li>\n<li>Artikelnummer: RT5F014NAA<\/li>\n<\/ul>\n<p><strong>Kompatibel med Evolis<br \/>\n  Avansia.<\/strong><\/p>\n<p><strong>Poids du produit :<\/strong> 0,40 kg<\/p>","protected":false},"excerpt":{"rendered":"<p>F\u00e4rgband Evolis YMCFK &#8211; RT5F014NAA, med UV-panel (400 utskrifter) F\u00e4rgband Evolis YMCFK &#8211; RT5F014NAA, med UV-panel (400 utskrifter) \u00e4r ett f\u00e4rgband f\u00f6r utskrift av plastkort med skarpa f\u00e4rger, tydlig text<\/p>","protected":false},"featured_media":156371,"template":"","meta":{"_acf_changed":false},"product_brand":[],"product_cat":[4855],"product_tag":[4863],"class_list":{"0":"post-156374","1":"product","2":"type-product","3":"status-publish","4":"has-post-thumbnail","6":"product_cat-avansia","7":"product_tag-pf","8":"pa_brands-evolis","9":"tm-no-options","11":"first","12":"outofstock","13":"sale","14":"taxable","15":"shipping-taxable","16":"purchasable","17":"product-type-simple"},"acf":[],"_links":{"self":[{"href":"https:\/\/secureus.se\/fr\/wp-json\/wp\/v2\/product\/156374","targetHints":{"allow":["GET"]}}],"collection":[{"href":"https:\/\/secureus.se\/fr\/wp-json\/wp\/v2\/product"}],"about":[{"href":"https:\/\/secureus.se\/fr\/wp-json\/wp\/v2\/types\/product"}],"wp:featuredmedia":[{"embeddable":true,"href":"https:\/\/secureus.se\/fr\/wp-json\/wp\/v2\/media\/156371"}],"wp:attachment":[{"href":"https:\/\/secureus.se\/fr\/wp-json\/wp\/v2\/media?parent=156374"}],"wp:term":[{"taxonomy":"product_brand","embeddable":true,"href":"https:\/\/secureus.se\/fr\/wp-json\/wp\/v2\/product_brand?post=156374"},{"taxonomy":"product_cat","embeddable":true,"href":"https:\/\/secureus.se\/fr\/wp-json\/wp\/v2\/product_cat?post=156374"},{"taxonomy":"product_tag","embeddable":true,"href":"https:\/\/secureus.se\/fr\/wp-json\/wp\/v2\/product_tag?post=156374"}],"curies":[{"name":"wp","href":"https:\/\/api.w.org\/{rel}","templated":true}]}}