{"id":156395,"date":"2025-09-11T15:41:38","date_gmt":"2025-09-11T13:41:38","guid":{"rendered":"https:\/\/secureus.se\/evolis-lps033naa-0-6mil-generic-hologram-patch-laminate-600-prints\/"},"modified":"2026-04-08T17:02:01","modified_gmt":"2026-04-08T15:02:01","slug":"evolis-lps033naa-0-6mil-generic-hologram-patch-laminate-600-prints","status":"publish","type":"product","link":"https:\/\/secureus.se\/fr\/evolis-lps033naa-0-6mil-generic-hologram-patch-laminate-600-prints\/","title":{"rendered":"Film de plastification Evolis - LPS033NAA, Patch hologramme, G\u00e9n\u00e9rique (600 impressions)"},"content":{"rendered":"<h1>Film de plastification<br \/>\n  Evolis - \u00c9cusson hologramme g\u00e9n\u00e9rique LPS033NAA (600 impressions)<\/h1>\n<p>Film de plastification Evolis - LPS033NAA, patch hologramme, g\u00e9n\u00e9rique (600<br \/>\n  Le film de lamination (impressions) offre une couche de protection suppl\u00e9mentaire aux impressions.<br \/>\n  cartes en plastique et contribue \u00e0 r\u00e9duire les rayures, la d\u00e9coloration et les dommages courants<br \/>\n  usure normale.<\/p>\n<p>Un bon choix si vous souhaitez augmenter la dur\u00e9e de vie de vos cartes et les am\u00e9liorer.<br \/>\n  durabilit\u00e9 et un r\u00e9sultat final plus professionnel.<\/p>\n<ul>\n<li>Capacit\u00e9 : jusqu&#039;\u00e0 600 impressions par rouleau<\/li>\n<li>Offre une s\u00e9curit\u00e9 visuelle suppl\u00e9mentaire gr\u00e2ce \u00e0 son effet holographique.<\/li>\n<li>\u00e9paisseur de 0,6 mil<\/li>\n<li>Num\u00e9ro d&#039;article : LPS033NAA<\/li>\n<\/ul>\n<p><strong>Compatible avec Evolis Primacy et Primacy 2<br \/>\n  Imprimantes \u00e0 plastifier.<\/strong><\/p>\n<p><strong>Poids du produit :<\/strong> 0,12 kg<\/p>","protected":false},"excerpt":{"rendered":"<p>Lamineringsfilm Evolis &#8211; LPS033NAA, hologrampatch, generisk (600 utskrifter) Lamineringsfilm Evolis &#8211; LPS033NAA, hologrampatch, generisk (600 utskrifter) \u00e4r en lamineringsfilm som ger ett extra skyddslager till plastkort och hj\u00e4lper till att<\/p>","protected":false},"featured_media":156393,"template":"","meta":{"_acf_changed":false},"product_brand":[],"product_cat":[4858,4859],"product_tag":[4863],"class_list":{"0":"post-156395","1":"product","2":"type-product","3":"status-publish","4":"has-post-thumbnail","6":"product_cat-primacy","7":"product_cat-primacy-2","8":"product_tag-pf","9":"pa_brands-evolis","10":"tm-no-options","12":"first","13":"instock","14":"sale","15":"taxable","16":"shipping-taxable","17":"purchasable","18":"product-type-simple"},"acf":[],"_links":{"self":[{"href":"https:\/\/secureus.se\/fr\/wp-json\/wp\/v2\/product\/156395","targetHints":{"allow":["GET"]}}],"collection":[{"href":"https:\/\/secureus.se\/fr\/wp-json\/wp\/v2\/product"}],"about":[{"href":"https:\/\/secureus.se\/fr\/wp-json\/wp\/v2\/types\/product"}],"wp:featuredmedia":[{"embeddable":true,"href":"https:\/\/secureus.se\/fr\/wp-json\/wp\/v2\/media\/156393"}],"wp:attachment":[{"href":"https:\/\/secureus.se\/fr\/wp-json\/wp\/v2\/media?parent=156395"}],"wp:term":[{"taxonomy":"product_brand","embeddable":true,"href":"https:\/\/secureus.se\/fr\/wp-json\/wp\/v2\/product_brand?post=156395"},{"taxonomy":"product_cat","embeddable":true,"href":"https:\/\/secureus.se\/fr\/wp-json\/wp\/v2\/product_cat?post=156395"},{"taxonomy":"product_tag","embeddable":true,"href":"https:\/\/secureus.se\/fr\/wp-json\/wp\/v2\/product_tag?post=156395"}],"curies":[{"name":"wp","href":"https:\/\/api.w.org\/{rel}","templated":true}]}}