{"id":156396,"date":"2025-09-11T15:41:33","date_gmt":"2025-09-11T13:41:33","guid":{"rendered":"https:\/\/secureus.se\/evolis-lpa048naa-1-0mil-alternate-clear-patch-smart-mag-cut-ribbon-600-prints\/"},"modified":"2026-04-23T12:30:44","modified_gmt":"2026-04-23T10:30:44","slug":"evolis-lpa048naa-1-0mil-alternate-clear-patch-smart-mag-cut-ribbon-600-prints","status":"publish","type":"product","link":"https:\/\/secureus.se\/fr\/evolis-lpa048naa-1-0mil-alternate-clear-patch-smart-mag-cut-ribbon-600-prints\/","title":{"rendered":"Ruban Evolis \u2013 LPA048NAA, \u00e9cusson transparent, d\u00e9coupe intelligente\/magn\u00e9tique (600 impressions)"},"content":{"rendered":"<h1>Ruban<br \/>\n  Evolis - LPA048NAA, patch transparent, d\u00e9coupe intelligente\/magn\u00e9tique (600 impressions)<\/h1>\n<p>Ruban adh\u00e9sif couleur Evolis \u2013 LPA048NAA, patch transparent, d\u00e9coupe magn\u00e9tique (600)<br \/>\n  Le film de lamination (impressions) offre une couche de protection suppl\u00e9mentaire aux cartes en plastique.<br \/>\n  et contribue \u00e0 r\u00e9duire les rayures, la d\u00e9coloration et l&#039;usure normale.<\/p>\n<p>Un bon choix si vous souhaitez augmenter la dur\u00e9e de vie de vos cartes et les am\u00e9liorer.<br \/>\n  durabilit\u00e9 et un r\u00e9sultat final plus professionnel.<\/p>\n<ul>\n<li>Capacit\u00e9 : jusqu&#039;\u00e0 600 impressions par rouleau<\/li>\n<li>Convient \u00e0 l&#039;impression de cartes recto verso<\/li>\n<li>patch transparent lamin\u00e9<\/li>\n<li>Num\u00e9ro d&#039;article : LPA048NAA<\/li>\n<\/ul>\n<p><strong>Compatible avec Evolis Primacy et Primacy<br \/>\n  2.<\/strong><\/p>\n<p><strong>Poids du produit :<\/strong> 0,40 kg<\/p>","protected":false},"excerpt":{"rendered":"<p>F\u00e4rgband Evolis &#8211; LPA048NAA, klar patch, smart\/mag cut (600 utskrifter) F\u00e4rgband Evolis &#8211; LPA048NAA, klar patch, smart\/mag cut (600 utskrifter) \u00e4r en lamineringsfilm som ger ett extra skyddslager till plastkort<\/p>","protected":false},"featured_media":156394,"template":"","meta":{"_acf_changed":false},"product_brand":[],"product_cat":[4858,4859],"product_tag":[4863],"class_list":{"0":"post-156396","1":"product","2":"type-product","3":"status-publish","4":"has-post-thumbnail","6":"product_cat-primacy","7":"product_cat-primacy-2","8":"product_tag-pf","9":"pa_brands-evolis","10":"tm-no-options","12":"first","13":"outofstock","14":"sale","15":"taxable","16":"shipping-taxable","17":"purchasable","18":"product-type-simple"},"acf":[],"_links":{"self":[{"href":"https:\/\/secureus.se\/fr\/wp-json\/wp\/v2\/product\/156396","targetHints":{"allow":["GET"]}}],"collection":[{"href":"https:\/\/secureus.se\/fr\/wp-json\/wp\/v2\/product"}],"about":[{"href":"https:\/\/secureus.se\/fr\/wp-json\/wp\/v2\/types\/product"}],"wp:featuredmedia":[{"embeddable":true,"href":"https:\/\/secureus.se\/fr\/wp-json\/wp\/v2\/media\/156394"}],"wp:attachment":[{"href":"https:\/\/secureus.se\/fr\/wp-json\/wp\/v2\/media?parent=156396"}],"wp:term":[{"taxonomy":"product_brand","embeddable":true,"href":"https:\/\/secureus.se\/fr\/wp-json\/wp\/v2\/product_brand?post=156396"},{"taxonomy":"product_cat","embeddable":true,"href":"https:\/\/secureus.se\/fr\/wp-json\/wp\/v2\/product_cat?post=156396"},{"taxonomy":"product_tag","embeddable":true,"href":"https:\/\/secureus.se\/fr\/wp-json\/wp\/v2\/product_tag?post=156396"}],"curies":[{"name":"wp","href":"https:\/\/api.w.org\/{rel}","templated":true}]}}