{"id":156399,"date":"2025-09-11T15:41:40","date_gmt":"2025-09-11T13:41:40","guid":{"rendered":"https:\/\/secureus.se\/evolis-rct015naa-white-monochrome-ribbon-1000-prints\/"},"modified":"2026-05-06T09:44:30","modified_gmt":"2026-05-06T07:44:30","slug":"evolis-rct015naa-white-monochrome-ribbon-1000-prints","status":"publish","type":"product","link":"https:\/\/secureus.se\/fr\/evolis-rct015naa-white-monochrome-ribbon-1000-prints\/","title":{"rendered":"Ruban monochrome blanc Evolis RCT015NAA (1000 impressions)"},"content":{"rendered":"<h1>Ruban<br \/>\n  Evolis - RCT015NAA, Monochrome Blanc (1000 Tirages)<\/h1>\n<p>Ruban Evolis \u2013 RCT015NAA, monochrome blanc (1000 impressions) est un<br \/>\n  Ruban monochrome blanc adapt\u00e9 \u00e0 une impression nette sur fond fonc\u00e9 ou<br \/>\n  Cartes personnalis\u00e9es, telles que des cartes d&#039;affichage et des \u00e9tiquettes.<\/p>\n<p>Convient aux cartes d&#039;identit\u00e9, cartes d&#039;acc\u00e8s, cartes de membre et autres.<br \/>\n  cartes en plastique o\u00f9 une qualit\u00e9 d&#039;impression et une fiabilit\u00e9 \u00e9lev\u00e9es sont<br \/>\n  important.<\/p>\n<ul>\n<li>Capacit\u00e9 : jusqu&#039;\u00e0 1 000 impressions<\/li>\n<li>Type de bracelet : Blanc monochrome<\/li>\n<li>Num\u00e9ro d&#039;article : RCT015NAA<\/li>\n<\/ul>\n<p><strong>Compatible avec Evolis Primacy et Evolis<br \/>\n  Z\u00e9nius.<\/strong><\/p>\n<p><strong>Poids du produit :<\/strong> 0,20kg<\/p>","protected":false},"excerpt":{"rendered":"<p>F\u00e4rgband Evolis &#8211; RCT015NAA, vit monokrom (1000 utskrifter) F\u00e4rgband Evolis &#8211; RCT015NAA, vit monokrom (1000 utskrifter) \u00e4r ett vitt monokromt f\u00e4rgband som l\u00e4mpar sig f\u00f6r tydliga utskrifter p\u00e5 m\u00f6rka eller<\/p>","protected":false},"featured_media":156397,"template":"","meta":{"_acf_changed":false},"product_brand":[],"product_cat":[4858,4862],"product_tag":[4863],"class_list":{"0":"post-156399","1":"product","2":"type-product","3":"status-publish","4":"has-post-thumbnail","6":"product_cat-primacy","7":"product_cat-zenius","8":"product_tag-pf","9":"pa_brands-evolis","10":"tm-no-options","12":"first","13":"instock","14":"sale","15":"taxable","16":"shipping-taxable","17":"purchasable","18":"product-type-simple"},"acf":[],"_links":{"self":[{"href":"https:\/\/secureus.se\/fr\/wp-json\/wp\/v2\/product\/156399","targetHints":{"allow":["GET"]}}],"collection":[{"href":"https:\/\/secureus.se\/fr\/wp-json\/wp\/v2\/product"}],"about":[{"href":"https:\/\/secureus.se\/fr\/wp-json\/wp\/v2\/types\/product"}],"wp:featuredmedia":[{"embeddable":true,"href":"https:\/\/secureus.se\/fr\/wp-json\/wp\/v2\/media\/156397"}],"wp:attachment":[{"href":"https:\/\/secureus.se\/fr\/wp-json\/wp\/v2\/media?parent=156399"}],"wp:term":[{"taxonomy":"product_brand","embeddable":true,"href":"https:\/\/secureus.se\/fr\/wp-json\/wp\/v2\/product_brand?post=156399"},{"taxonomy":"product_cat","embeddable":true,"href":"https:\/\/secureus.se\/fr\/wp-json\/wp\/v2\/product_cat?post=156399"},{"taxonomy":"product_tag","embeddable":true,"href":"https:\/\/secureus.se\/fr\/wp-json\/wp\/v2\/product_tag?post=156399"}],"curies":[{"name":"wp","href":"https:\/\/api.w.org\/{rel}","templated":true}]}}