{"id":156427,"date":"2025-09-11T15:41:34","date_gmt":"2025-09-11T13:41:34","guid":{"rendered":"https:\/\/secureus.se\/evolis-lps030naa-1-0mil-clear-smart-cut-patch-ribbon-600-prints\/"},"modified":"2026-04-08T16:54:09","modified_gmt":"2026-04-08T14:54:09","slug":"evolis-lps030naa-1-0mil-clear-smart-cut-patch-ribbon-600-prints","status":"publish","type":"product","link":"https:\/\/secureus.se\/fr\/evolis-lps030naa-1-0mil-clear-smart-cut-patch-ribbon-600-prints\/","title":{"rendered":"F\u00e4rgband Evolis &#8211;\n  LPS030NAA, smart cut (600 utskrifter)"},"content":{"rendered":"<h1>Ruban<br \/>\n  Evolis &#8211; LPS030NAA, smart cut (600 utskrifter)<\/h1>\n<p>F\u00e4rgband Evolis &#8211; LPS030NAA, smart cut (600 utskrifter) \u00e4r ett<br \/>\n  Accessoire d&#039;origine pour imprimante de cartes, con\u00e7u pour une utilisation fiable et<br \/>\n  Production professionnelle de cartes.<\/p>\n<ul>\n<li>Capacit\u00e9 : jusqu&#039;\u00e0 600 impressions<\/li>\n<li>1,0 mil tjocklek<\/li>\n<li>Artikelnummer: LPS030NAA<\/li>\n<\/ul>\n<p><strong>Kompatibel med Evolis Primacy och Primacy<br \/>\n  2.<\/strong><\/p>\n<p><strong>Poids du produit :<\/strong> 0,40 kg<\/p>","protected":false},"excerpt":{"rendered":"<p>F\u00e4rgband Evolis &#8211; LPS030NAA, smart cut (600 utskrifter) F\u00e4rgband Evolis &#8211; LPS030NAA, smart cut (600 utskrifter) \u00e4r ett originaltillbeh\u00f6r f\u00f6r kortskrivare som \u00e4r anpassat f\u00f6r p\u00e5litlig och professionell kortproduktion. Kapacitet:<\/p>","protected":false},"featured_media":156421,"template":"","meta":{"_acf_changed":false},"product_brand":[],"product_cat":[4858,4859],"product_tag":[4863],"class_list":{"0":"post-156427","1":"product","2":"type-product","3":"status-publish","4":"has-post-thumbnail","6":"product_cat-primacy","7":"product_cat-primacy-2","8":"product_tag-pf","9":"pa_brands-evolis","10":"tm-no-options","12":"first","13":"instock","14":"sale","15":"taxable","16":"shipping-taxable","17":"purchasable","18":"product-type-simple"},"acf":[],"_links":{"self":[{"href":"https:\/\/secureus.se\/fr\/wp-json\/wp\/v2\/product\/156427","targetHints":{"allow":["GET"]}}],"collection":[{"href":"https:\/\/secureus.se\/fr\/wp-json\/wp\/v2\/product"}],"about":[{"href":"https:\/\/secureus.se\/fr\/wp-json\/wp\/v2\/types\/product"}],"wp:featuredmedia":[{"embeddable":true,"href":"https:\/\/secureus.se\/fr\/wp-json\/wp\/v2\/media\/156421"}],"wp:attachment":[{"href":"https:\/\/secureus.se\/fr\/wp-json\/wp\/v2\/media?parent=156427"}],"wp:term":[{"taxonomy":"product_brand","embeddable":true,"href":"https:\/\/secureus.se\/fr\/wp-json\/wp\/v2\/product_brand?post=156427"},{"taxonomy":"product_cat","embeddable":true,"href":"https:\/\/secureus.se\/fr\/wp-json\/wp\/v2\/product_cat?post=156427"},{"taxonomy":"product_tag","embeddable":true,"href":"https:\/\/secureus.se\/fr\/wp-json\/wp\/v2\/product_tag?post=156427"}],"curies":[{"name":"wp","href":"https:\/\/api.w.org\/{rel}","templated":true}]}}