{"id":156434,"date":"2025-09-11T15:41:27","date_gmt":"2025-09-11T13:41:27","guid":{"rendered":"https:\/\/secureus.se\/evolis-nct223naaa-easy4pro-black-monochrome-ribbon-2000-prints\/"},"modified":"2026-04-23T12:34:10","modified_gmt":"2026-04-23T10:34:10","slug":"evolis-nct223naaa-easy4pro-black-monochrome-ribbon-2000-prints","status":"publish","type":"product","link":"https:\/\/secureus.se\/fr\/evolis-nct223naaa-easy4pro-black-monochrome-ribbon-2000-prints\/","title":{"rendered":"Ruban couleur Evolis Easy4Pro - NCT223NAAA, noir monochrome (2000 impressions)"},"content":{"rendered":"<h1>Ruban<br \/>\n  Evolis Easy4Pro - NCT223NAAA, monochrome noir (2000 tirages)<\/h1>\n<p>Ruban Evolis Easy4Pro \u2013 NCT223NAAA, noir monochrome (2000)<br \/>\n  (impressions) est un ruban monochrome noir adapt\u00e9 aux textes clairs et simples<br \/>\n  Graphiques lin\u00e9aires et codes-barres lisibles sur cartes plastiques.<\/p>\n<p>Convient aux cartes d&#039;identit\u00e9, cartes d&#039;acc\u00e8s, cartes de membre et autres.<br \/>\n  cartes en plastique o\u00f9 une qualit\u00e9 d&#039;impression et une fiabilit\u00e9 \u00e9lev\u00e9es sont<br \/>\n  important.<\/p>\n<ul>\n<li>Capacit\u00e9 : jusqu&#039;\u00e0 2 000 impressions<\/li>\n<li>Type de bracelet : Noir monochrome<\/li>\n<li>Num\u00e9ro d&#039;article : NCT223NAAA<\/li>\n<\/ul>\n<p><strong>Compatible avec les cartes Evolis Primacy 2 et Zenius 2<br \/>\n  Imprimantes uniquement.<\/strong><\/p>\n<p><strong>Poids du produit :<\/strong> 0,20kg<\/p>","protected":false},"excerpt":{"rendered":"<p>F\u00e4rgband Evolis Easy4Pro &#8211; NCT223NAAA, svart monokrom (2000 utskrifter) F\u00e4rgband Evolis Easy4Pro &#8211; NCT223NAAA, svart monokrom (2000 utskrifter) \u00e4r ett svart monokromt f\u00e4rgband som passar f\u00f6r tydlig text, enkla linjegrafiker<\/p>","protected":false},"featured_media":156432,"template":"","meta":{"_acf_changed":false},"product_brand":[],"product_cat":[4856,4859],"product_tag":[4863],"class_list":{"0":"post-156434","1":"product","2":"type-product","3":"status-publish","4":"has-post-thumbnail","6":"product_cat-easy4-pro","7":"product_cat-primacy-2","8":"product_tag-pf","9":"pa_brands-evolis","10":"tm-no-options","12":"first","13":"outofstock","14":"sale","15":"taxable","16":"shipping-taxable","17":"purchasable","18":"product-type-simple"},"acf":[],"_links":{"self":[{"href":"https:\/\/secureus.se\/fr\/wp-json\/wp\/v2\/product\/156434","targetHints":{"allow":["GET"]}}],"collection":[{"href":"https:\/\/secureus.se\/fr\/wp-json\/wp\/v2\/product"}],"about":[{"href":"https:\/\/secureus.se\/fr\/wp-json\/wp\/v2\/types\/product"}],"wp:featuredmedia":[{"embeddable":true,"href":"https:\/\/secureus.se\/fr\/wp-json\/wp\/v2\/media\/156432"}],"wp:attachment":[{"href":"https:\/\/secureus.se\/fr\/wp-json\/wp\/v2\/media?parent=156434"}],"wp:term":[{"taxonomy":"product_brand","embeddable":true,"href":"https:\/\/secureus.se\/fr\/wp-json\/wp\/v2\/product_brand?post=156434"},{"taxonomy":"product_cat","embeddable":true,"href":"https:\/\/secureus.se\/fr\/wp-json\/wp\/v2\/product_cat?post=156434"},{"taxonomy":"product_tag","embeddable":true,"href":"https:\/\/secureus.se\/fr\/wp-json\/wp\/v2\/product_tag?post=156434"}],"curies":[{"name":"wp","href":"https:\/\/api.w.org\/{rel}","templated":true}]}}