{"id":156453,"date":"2025-09-11T15:41:28","date_gmt":"2025-09-11T13:41:28","guid":{"rendered":"https:\/\/secureus.se\/evolis-r4f227naaa-so-ko-silver-overlay-black-overlay-250-prints\/"},"modified":"2026-04-23T12:33:42","modified_gmt":"2026-04-23T10:33:42","slug":"evolis-r4f227naaa-so-ko-silver-overlay-black-overlay-250-prints","status":"publish","type":"product","link":"https:\/\/secureus.se\/fr\/evolis-r4f227naaa-so-ko-silver-overlay-black-overlay-250-prints\/","title":{"rendered":"Evolis \u2013 R4F227NAAA (250 tirages)"},"content":{"rendered":"<h1>Evolis<br \/>\n  \u2013 R4F227NAAA (250 tirages)<\/h1>\n<p>Evolis \u2013 R4F227NAAA (250 exemplaires) est un ruban argent\u00e9 sp\u00e9cial<br \/>\n  et noir pour personnaliser les cartes pr\u00e9-imprim\u00e9es fonc\u00e9es. Il offre une clart\u00e9<br \/>\n  contraste et r\u00e9sultat professionnel.<\/p>\n<p>Convient aux cartes d&#039;identit\u00e9, cartes d&#039;acc\u00e8s, cartes de membre et autres.<br \/>\n  cartes en plastique o\u00f9 une qualit\u00e9 d&#039;impression et une fiabilit\u00e9 \u00e9lev\u00e9es sont<br \/>\n  important.<\/p>\n<ul>\n<li>Capacit\u00e9 : jusqu&#039;\u00e0 250 impressions<\/li>\n<li>Type de bande : SO-KO<\/li>\n<li>Convient \u00e0 l&#039;impression de cartes recto verso<\/li>\n<li>Num\u00e9ro d&#039;article : R4F227NAAA<\/li>\n<\/ul>\n<p><strong>Compatible avec l&#039;imprimante de cartes Evolis Primacy 2<br \/>\n  seulement.<\/strong><\/p>\n<p><strong>Poids du produit :<\/strong> 0,20kg<\/p>","protected":false},"excerpt":{"rendered":"<p>Evolis &#8211; R4F227NAAA (250 utskrifter) Evolis &#8211; R4F227NAAA (250 utskrifter) \u00e4r ett specialband i silver och svart f\u00f6r personalisering av m\u00f6rka f\u00f6rtryckta kort. Det ger en tydlig kontrast och ett<\/p>","protected":false},"featured_media":156452,"template":"","meta":{"_acf_changed":false},"product_brand":[],"product_cat":[4859],"product_tag":[4863],"class_list":{"0":"post-156453","1":"product","2":"type-product","3":"status-publish","4":"has-post-thumbnail","6":"product_cat-primacy-2","7":"product_tag-pf","8":"pa_brands-evolis","9":"tm-no-options","11":"first","12":"outofstock","13":"sale","14":"taxable","15":"shipping-taxable","16":"purchasable","17":"product-type-simple"},"acf":[],"_links":{"self":[{"href":"https:\/\/secureus.se\/fr\/wp-json\/wp\/v2\/product\/156453","targetHints":{"allow":["GET"]}}],"collection":[{"href":"https:\/\/secureus.se\/fr\/wp-json\/wp\/v2\/product"}],"about":[{"href":"https:\/\/secureus.se\/fr\/wp-json\/wp\/v2\/types\/product"}],"wp:featuredmedia":[{"embeddable":true,"href":"https:\/\/secureus.se\/fr\/wp-json\/wp\/v2\/media\/156452"}],"wp:attachment":[{"href":"https:\/\/secureus.se\/fr\/wp-json\/wp\/v2\/media?parent=156453"}],"wp:term":[{"taxonomy":"product_brand","embeddable":true,"href":"https:\/\/secureus.se\/fr\/wp-json\/wp\/v2\/product_brand?post=156453"},{"taxonomy":"product_cat","embeddable":true,"href":"https:\/\/secureus.se\/fr\/wp-json\/wp\/v2\/product_cat?post=156453"},{"taxonomy":"product_tag","embeddable":true,"href":"https:\/\/secureus.se\/fr\/wp-json\/wp\/v2\/product_tag?post=156453"}],"curies":[{"name":"wp","href":"https:\/\/api.w.org\/{rel}","templated":true}]}}