{"id":156570,"date":"2025-09-11T16:15:43","date_gmt":"2025-09-11T14:15:43","guid":{"rendered":"https:\/\/secureus.se\/magicard-461-snowflake-overlay-film-1000-prints\/"},"modified":"2026-04-08T17:01:14","modified_gmt":"2026-04-08T15:01:14","slug":"magicard-461-snowflake-overlay-film-1000-prints","status":"publish","type":"product","link":"https:\/\/secureus.se\/fr\/magicard-461-snowflake-overlay-film-1000-prints\/","title":{"rendered":"Overlayfilm Magicard &#8211; 461, Snowflake (1000 utskrifter)"},"content":{"rendered":"<h1>Overlayfilm<br \/>\n  Magicard &#8211; 461, Snowflake (1000 utskrifter)<\/h1>\n<p>Overlayfilm Magicard &#8211; 461, Snowflake (1000 utskrifter) \u00e4r en<br \/>\n  lamineringsfilm som ger ett extra skyddslager till plastkort och hj\u00e4lper till<br \/>\n  att minska repor, blekning och vanligt slitage.<\/p>\n<p>Un bon choix si vous souhaitez augmenter la dur\u00e9e de vie de vos cartes et les am\u00e9liorer.<br \/>\n  durabilit\u00e9 et un r\u00e9sultat final plus professionnel.<\/p>\n<ul>\n<li>Capacit\u00e9 : jusqu&#039;\u00e0 1\u00a0000 impressions par rouleau<\/li>\n<li>Snowflake-design f\u00f6r \u00f6kad s\u00e4kerhet<\/li>\n<li>Artikelnummer: PRIMA461<\/li>\n<\/ul>\n<p><strong>Kompatibel med The Magicard 461 is a snowflake<br \/>\n  designed laminate that\u2019s made for use with the Magicard Prima 4 with the<br \/>\n  lamination module. This laminate helps deter counterfeiting och protect<br \/>\n  printed plastic cards from day to day abrasions och dye<br \/>\n  migrations.<\/strong><\/p>\n<p><strong>Poids du produit :<\/strong> 0,29 kg<\/p>","protected":false},"excerpt":{"rendered":"<p>Overlayfilm Magicard &#8211; 461, Snowflake (1000 utskrifter) Overlayfilm Magicard &#8211; 461, Snowflake (1000 utskrifter) \u00e4r en lamineringsfilm som ger ett extra skyddslager till plastkort och hj\u00e4lper till att minska repor,<\/p>","protected":false},"featured_media":156569,"template":"","meta":{"_acf_changed":false},"product_brand":[],"product_cat":[4838,3216],"product_tag":[4863],"class_list":{"0":"post-156570","1":"product","2":"type-product","3":"status-publish","4":"has-post-thumbnail","6":"product_cat-magicard-prima-band","7":"product_cat-magicard-fargband-retransfer","8":"product_tag-pf","9":"pa_brands-magicard","10":"tm-has-options","12":"first","13":"outofstock","14":"sale","15":"taxable","16":"shipping-taxable","17":"purchasable","18":"product-type-simple"},"acf":[],"_links":{"self":[{"href":"https:\/\/secureus.se\/fr\/wp-json\/wp\/v2\/product\/156570","targetHints":{"allow":["GET"]}}],"collection":[{"href":"https:\/\/secureus.se\/fr\/wp-json\/wp\/v2\/product"}],"about":[{"href":"https:\/\/secureus.se\/fr\/wp-json\/wp\/v2\/types\/product"}],"wp:featuredmedia":[{"embeddable":true,"href":"https:\/\/secureus.se\/fr\/wp-json\/wp\/v2\/media\/156569"}],"wp:attachment":[{"href":"https:\/\/secureus.se\/fr\/wp-json\/wp\/v2\/media?parent=156570"}],"wp:term":[{"taxonomy":"product_brand","embeddable":true,"href":"https:\/\/secureus.se\/fr\/wp-json\/wp\/v2\/product_brand?post=156570"},{"taxonomy":"product_cat","embeddable":true,"href":"https:\/\/secureus.se\/fr\/wp-json\/wp\/v2\/product_cat?post=156570"},{"taxonomy":"product_tag","embeddable":true,"href":"https:\/\/secureus.se\/fr\/wp-json\/wp\/v2\/product_tag?post=156570"}],"curies":[{"name":"wp","href":"https:\/\/api.w.org\/{rel}","templated":true}]}}