{"id":156592,"date":"2025-09-11T16:15:45","date_gmt":"2025-09-11T14:15:45","guid":{"rendered":"https:\/\/secureus.se\/magicard-mc600ko-black-monochrome-ribbon-600-prints\/"},"modified":"2025-10-21T12:23:29","modified_gmt":"2025-10-21T10:23:29","slug":"magicard-mc600ko-black-monochrome-ribbon-600-prints","status":"publish","type":"product","link":"https:\/\/secureus.se\/fr\/magicard-mc600ko-black-monochrome-ribbon-600-prints\/","title":{"rendered":"Magicard MC600KO Ruban noir monochrome (600 impressions)"},"content":{"rendered":"<p>Le ruban noir Magicard MC600KO est un film sp\u00e9cifique \u00e0 l'imprimante de cartes d'identit\u00e9 Magicard 300. Il permet de cr\u00e9er des textes nets et d\u00e9taill\u00e9s ainsi que des codes-barres pr\u00e9cis, parfaits pour les cartes d'identit\u00e9 monochromes. Produisant jusqu'\u00e0 600 impressions par rouleau, ce ruban est \u00e9galement dot\u00e9 d'un panneau transparent qui ajoute une couche de protection contre les rayures, la d\u00e9coloration et les abrasions quotidiennes.<\/p>\n<ul>\n<li>600 impressions couleur par rouleau<\/li>\n<li>Ruban KO (noir et superpos\u00e9)<\/li>\n<li>Num\u00e9ro de pi\u00e8ce du fabricant : MC600KO\/3<\/li>\n<\/ul>\n<p><strong>Compatible avec l&#039;imprimante de cartes Magicard 300.<\/strong><\/p>\n<p><strong><br \/>\nPoids du produit :<br \/>\n0,20 kg<br \/>\n<\/strong><\/p>","protected":false},"excerpt":{"rendered":"<p>The Magicard MC600KO black ribbon is film specific to the Magicard 300 ID card printer, creating crisp, detailed text and accurate barcodes that are perfect for monochrome ID cards. Producing<\/p>","protected":false},"featured_media":156587,"template":"","meta":{"_acf_changed":false},"product_brand":[],"product_cat":[4829,3216],"product_tag":[4863],"class_list":{"0":"post-156592","1":"product","2":"type-product","3":"status-publish","4":"has-post-thumbnail","6":"product_cat-magicard-300-band","7":"product_cat-magicard-fargband-retransfer","8":"product_tag-pf","9":"pa_brands-magicard","10":"tm-has-options","12":"first","13":"instock","14":"sale","15":"taxable","16":"shipping-taxable","17":"purchasable","18":"product-type-simple"},"acf":[],"_links":{"self":[{"href":"https:\/\/secureus.se\/fr\/wp-json\/wp\/v2\/product\/156592","targetHints":{"allow":["GET"]}}],"collection":[{"href":"https:\/\/secureus.se\/fr\/wp-json\/wp\/v2\/product"}],"about":[{"href":"https:\/\/secureus.se\/fr\/wp-json\/wp\/v2\/types\/product"}],"wp:featuredmedia":[{"embeddable":true,"href":"https:\/\/secureus.se\/fr\/wp-json\/wp\/v2\/media\/156587"}],"wp:attachment":[{"href":"https:\/\/secureus.se\/fr\/wp-json\/wp\/v2\/media?parent=156592"}],"wp:term":[{"taxonomy":"product_brand","embeddable":true,"href":"https:\/\/secureus.se\/fr\/wp-json\/wp\/v2\/product_brand?post=156592"},{"taxonomy":"product_cat","embeddable":true,"href":"https:\/\/secureus.se\/fr\/wp-json\/wp\/v2\/product_cat?post=156592"},{"taxonomy":"product_tag","embeddable":true,"href":"https:\/\/secureus.se\/fr\/wp-json\/wp\/v2\/product_tag?post=156592"}],"curies":[{"name":"wp","href":"https:\/\/api.w.org\/{rel}","templated":true}]}}