{"id":156618,"date":"2025-09-11T16:35:45","date_gmt":"2025-09-11T14:35:45","guid":{"rendered":"https:\/\/secureus.se\/fargo-45111-ez-ko-ribbon-500-prints\/"},"modified":"2026-04-08T17:01:51","modified_gmt":"2026-04-08T15:01:51","slug":"fargo-45111-ez-ko-ribbon-500-prints","status":"publish","type":"product","link":"https:\/\/secureus.se\/fr\/fargo-45111-ez-ko-ribbon-500-prints\/","title":{"rendered":"Fargo KO \u2013 Ruban 45111 (500 tirages)"},"content":{"rendered":"<h1>Ruban<br \/>\n  Fargo KO \u2013 45111 (500 exemplaires)<\/h1>\n<p>Le ruban Fargo KO \u2013 45111 (500 impressions) est un ruban KO avec<br \/>\n  Panneau noir et film protecteur. C&#039;est un bon choix lorsque vous avez besoin de transparence.<br \/>\n  Texte, codes-barres et protection suppl\u00e9mentaire sur la surface de la carte.<\/p>\n<p>Convient aux cartes d&#039;identit\u00e9, cartes d&#039;acc\u00e8s, cartes de membre et autres.<br \/>\n  cartes en plastique o\u00f9 une qualit\u00e9 d&#039;impression et une fiabilit\u00e9 \u00e9lev\u00e9es sont<br \/>\n  important.<\/p>\n<ul>\n<li>Capacit\u00e9 : jusqu&#039;\u00e0 500 impressions<\/li>\n<li>Type de bande : KO<\/li>\n<li>Convient \u00e0 l&#039;impression de cartes recto verso<\/li>\n<li>Num\u00e9ro d&#039;article : 45111<\/li>\n<\/ul>\n<p><strong>Compatible avec Fargo DTC1000, DTC1250e, DTC4000,<br \/>\n  DTC4250e, DTC4500e et C50.<\/strong><\/p>\n<p><strong>Poids du produit :<\/strong> 0,20kg<\/p>","protected":false},"excerpt":{"rendered":"<p>F\u00e4rgband Fargo KO &#8211; 45111 (500 utskrifter) F\u00e4rgband Fargo KO &#8211; 45111 (500 utskrifter) \u00e4r ett KO-band med svart panel och skyddande overlay. Det \u00e4r ett bra val n\u00e4r du<\/p>","protected":false},"featured_media":156617,"template":"","meta":{"_acf_changed":false},"product_brand":[],"product_cat":[4849,4841,4842,4844,4845,4846],"product_tag":[4863],"class_list":{"0":"post-156618","1":"product","2":"type-product","3":"status-publish","4":"has-post-thumbnail","6":"product_cat-c50-band","7":"product_cat-dtc1000-band","8":"product_cat-dtc1250-band","9":"product_cat-dtc4000-band","10":"product_cat-dtc4250-band","11":"product_cat-dtc4500-band","12":"product_tag-pf","13":"pa_brands-fargo","14":"tm-no-options","16":"first","17":"outofstock","18":"sale","19":"taxable","20":"shipping-taxable","21":"purchasable","22":"product-type-simple"},"acf":[],"_links":{"self":[{"href":"https:\/\/secureus.se\/fr\/wp-json\/wp\/v2\/product\/156618","targetHints":{"allow":["GET"]}}],"collection":[{"href":"https:\/\/secureus.se\/fr\/wp-json\/wp\/v2\/product"}],"about":[{"href":"https:\/\/secureus.se\/fr\/wp-json\/wp\/v2\/types\/product"}],"wp:featuredmedia":[{"embeddable":true,"href":"https:\/\/secureus.se\/fr\/wp-json\/wp\/v2\/media\/156617"}],"wp:attachment":[{"href":"https:\/\/secureus.se\/fr\/wp-json\/wp\/v2\/media?parent=156618"}],"wp:term":[{"taxonomy":"product_brand","embeddable":true,"href":"https:\/\/secureus.se\/fr\/wp-json\/wp\/v2\/product_brand?post=156618"},{"taxonomy":"product_cat","embeddable":true,"href":"https:\/\/secureus.se\/fr\/wp-json\/wp\/v2\/product_cat?post=156618"},{"taxonomy":"product_tag","embeddable":true,"href":"https:\/\/secureus.se\/fr\/wp-json\/wp\/v2\/product_tag?post=156618"}],"curies":[{"name":"wp","href":"https:\/\/api.w.org\/{rel}","templated":true}]}}