{"id":156651,"date":"2025-09-11T16:35:43","date_gmt":"2025-09-11T14:35:43","guid":{"rendered":"https:\/\/secureus.se\/fargo-45015-ymcko-eco-refill-ribbon-250-prints\/"},"modified":"2026-04-23T12:31:53","modified_gmt":"2026-04-23T10:31:53","slug":"fargo-45015-ymcko-eco-refill-ribbon-250-prints","status":"publish","type":"product","link":"https:\/\/secureus.se\/fr\/fargo-45015-ymcko-eco-refill-ribbon-250-prints\/","title":{"rendered":"Ruban Fargo YMCKO \u2013 45015, recharge \u00e9cologique (250 impressions)"},"content":{"rendered":"<h1>Ruban<br \/>\n  Fargo YMCKO &#8211; 45015, eco refill (250 utskrifter)<\/h1>\n<p>F\u00e4rgband Fargo YMCKO &#8211; 45015, eco refill (250 utskrifter) \u00e4r ett<br \/>\n  Ruban pour l&#039;impression de cartes plastiques avec des couleurs vives, un texte clair et une bonne qualit\u00e9<br \/>\n  Reproduction d\u00e9taill\u00e9e. Le ruban YMCKO assure la combinaison correcte de panneaux de couleur et<br \/>\n  Couche de protection pour l&#039;impression professionnelle de cartes.<\/p>\n<p>Convient aux cartes d&#039;identit\u00e9, cartes d&#039;acc\u00e8s, cartes de membre et autres.<br \/>\n  cartes en plastique o\u00f9 une qualit\u00e9 d&#039;impression et une fiabilit\u00e9 \u00e9lev\u00e9es sont<br \/>\n  important.<\/p>\n<ul>\n<li>Capacit\u00e9 : jusqu&#039;\u00e0 250 impressions<\/li>\n<li>Type de ruban : YMCKO<\/li>\n<li>Artikelnummer: 45015<\/li>\n<\/ul>\n<p><strong>Compatible avec Fargo DTC1000 et<br \/>\n  DTC1250e.<\/strong><\/p>\n<p><strong>Poids du produit :<\/strong> 0,20kg<\/p>","protected":false},"excerpt":{"rendered":"<p>F\u00e4rgband Fargo YMCKO &#8211; 45015, eco refill (250 utskrifter) F\u00e4rgband Fargo YMCKO &#8211; 45015, eco refill (250 utskrifter) \u00e4r ett f\u00e4rgband f\u00f6r utskrift av plastkort med skarpa f\u00e4rger, tydlig text<\/p>","protected":false},"featured_media":156648,"template":"","meta":{"_acf_changed":false},"product_brand":[],"product_cat":[4841],"product_tag":[4863],"class_list":{"0":"post-156651","1":"product","2":"type-product","3":"status-publish","4":"has-post-thumbnail","6":"product_cat-dtc1000-band","7":"product_tag-pf","8":"pa_brands-fargo","9":"tm-no-options","11":"first","12":"outofstock","13":"sale","14":"taxable","15":"shipping-taxable","16":"purchasable","17":"product-type-simple"},"acf":[],"_links":{"self":[{"href":"https:\/\/secureus.se\/fr\/wp-json\/wp\/v2\/product\/156651","targetHints":{"allow":["GET"]}}],"collection":[{"href":"https:\/\/secureus.se\/fr\/wp-json\/wp\/v2\/product"}],"about":[{"href":"https:\/\/secureus.se\/fr\/wp-json\/wp\/v2\/types\/product"}],"wp:featuredmedia":[{"embeddable":true,"href":"https:\/\/secureus.se\/fr\/wp-json\/wp\/v2\/media\/156648"}],"wp:attachment":[{"href":"https:\/\/secureus.se\/fr\/wp-json\/wp\/v2\/media?parent=156651"}],"wp:term":[{"taxonomy":"product_brand","embeddable":true,"href":"https:\/\/secureus.se\/fr\/wp-json\/wp\/v2\/product_brand?post=156651"},{"taxonomy":"product_cat","embeddable":true,"href":"https:\/\/secureus.se\/fr\/wp-json\/wp\/v2\/product_cat?post=156651"},{"taxonomy":"product_tag","embeddable":true,"href":"https:\/\/secureus.se\/fr\/wp-json\/wp\/v2\/product_tag?post=156651"}],"curies":[{"name":"wp","href":"https:\/\/api.w.org\/{rel}","templated":true}]}}