{"id":156663,"date":"2025-09-11T16:35:45","date_gmt":"2025-09-11T14:35:45","guid":{"rendered":"https:\/\/secureus.se\/fargo-82604-orbit-polyguard-overlaminate-250-prints\/"},"modified":"2026-03-26T09:59:15","modified_gmt":"2026-03-26T08:59:15","slug":"fargo-82604-orbit-polyguard-overlaminate-250-prints","status":"publish","type":"product","link":"https:\/\/secureus.se\/fr\/fargo-82604-orbit-polyguard-overlaminate-250-prints\/","title":{"rendered":"Fargo 82604 Orbit Polyguard Overlaminate (250 impressions)"},"content":{"rendered":"<p>Le film de protection Fargo 82604 est un film protecteur de 1,0 mil qui prolonge la dur\u00e9e de vie des cartes plastiques. Ce film offre une s\u00e9curit\u00e9 renforc\u00e9e gr\u00e2ce \u00e0 un motif holographique en orbite, reconnu pour son efficacit\u00e9 contre la contrefa\u00e7on. Son \u00e9paisseur de 1,0 mil prot\u00e8ge \u00e9galement les cartes des \u00e9raflures du quotidien.<\/p>\n<ul>\n<li>\n<p>250 tirages<\/p>\n<\/li>\n<li>\n<p>Stratifi\u00e9 de conception Orbit<\/p>\n<\/li>\n<li>\n<p>Compatible avec les imprimantes de cartes Fargo DTC4500, DTC4500e et HDP5000<\/p>\n<\/li>\n<\/ul>\n<p>\n <strong><br \/>\n Poids du produit :<br \/>\n 0,50 kg<br \/>\n <\/strong>\n <\/p>","protected":false},"excerpt":{"rendered":"<p>The Fargo 82604 is a 1.0 mil polyguard overlaminate that helps to enhance the life of a plastic card. The overlaminate provides a high-quality security feature in the form of<\/p>","protected":false},"featured_media":156661,"template":"","meta":{"_acf_changed":false},"product_brand":[],"product_cat":[4846,4850,4851],"product_tag":[4863],"class_list":{"0":"post-156663","1":"product","2":"type-product","3":"status-publish","4":"has-post-thumbnail","6":"product_cat-dtc4500-band","7":"product_cat-hdp5000-band","8":"product_cat-hdp5000e-band","9":"product_tag-pf","10":"pa_brands-fargo","11":"tm-no-options","13":"first","14":"instock","15":"sale","16":"taxable","17":"shipping-taxable","18":"purchasable","19":"product-type-simple"},"acf":[],"_links":{"self":[{"href":"https:\/\/secureus.se\/fr\/wp-json\/wp\/v2\/product\/156663","targetHints":{"allow":["GET"]}}],"collection":[{"href":"https:\/\/secureus.se\/fr\/wp-json\/wp\/v2\/product"}],"about":[{"href":"https:\/\/secureus.se\/fr\/wp-json\/wp\/v2\/types\/product"}],"wp:featuredmedia":[{"embeddable":true,"href":"https:\/\/secureus.se\/fr\/wp-json\/wp\/v2\/media\/156661"}],"wp:attachment":[{"href":"https:\/\/secureus.se\/fr\/wp-json\/wp\/v2\/media?parent=156663"}],"wp:term":[{"taxonomy":"product_brand","embeddable":true,"href":"https:\/\/secureus.se\/fr\/wp-json\/wp\/v2\/product_brand?post=156663"},{"taxonomy":"product_cat","embeddable":true,"href":"https:\/\/secureus.se\/fr\/wp-json\/wp\/v2\/product_cat?post=156663"},{"taxonomy":"product_tag","embeddable":true,"href":"https:\/\/secureus.se\/fr\/wp-json\/wp\/v2\/product_tag?post=156663"}],"curies":[{"name":"wp","href":"https:\/\/api.w.org\/{rel}","templated":true}]}}