{"id":156669,"date":"2025-09-11T16:35:46","date_gmt":"2025-09-11T14:35:46","guid":{"rendered":"https:\/\/secureus.se\/fargo-hdp5000-holographic-film-high-secure-orbit-084054-500-prints\/"},"modified":"2026-04-23T12:29:54","modified_gmt":"2026-04-23T10:29:54","slug":"fargo-hdp5000-holographic-film-high-secure-orbit-084054-500-prints","status":"publish","type":"product","link":"https:\/\/secureus.se\/fr\/fargo-hdp5000-holographic-film-high-secure-orbit-084054-500-prints\/","title":{"rendered":"Film holographique Fargo HDP5000 \u2013 HDP5000, Orbite haute s\u00e9curit\u00e9 (500 impressions)"},"content":{"rendered":"<h1>Holographique<br \/>\n  film Fargo HDP5000 &#8211; HDP5000, High Secure Orbit (500<br \/>\n  utskrifter)<\/h1>\n<p>Holografisk film Fargo HDP5000 &#8211; HDP5000, High Secure Orbit (500<br \/>\n  utskrifter) \u00e4r en holografisk lamineringsfilm som kombinerar slitageskydd med<br \/>\n  extra s\u00e4kerhet mot manipulering och f\u00f6rfalskning.<\/p>\n<p>Un bon choix si vous souhaitez augmenter la dur\u00e9e de vie de vos cartes et les am\u00e9liorer.<br \/>\n  durabilit\u00e9 et un r\u00e9sultat final plus professionnel.<\/p>\n<ul>\n<li>Capacit\u00e9 : jusqu&#039;\u00e0 500 impressions par rouleau<\/li>\n<li>Offre une s\u00e9curit\u00e9 visuelle suppl\u00e9mentaire gr\u00e2ce \u00e0 son effet holographique.<\/li>\n<li>Conception orbitale pour une s\u00e9curit\u00e9 accrue<\/li>\n<li>Num\u00e9ro d&#039;article : 84054<\/li>\n<\/ul>\n<p><strong>Compatible avec Fargo<br \/>\n  HDP5000.<\/strong><\/p>\n<p><strong>Poids du produit :<\/strong> 0,26 kg<\/p>","protected":false},"excerpt":{"rendered":"<p>Holografisk film Fargo HDP5000 &#8211; HDP5000, High Secure Orbit (500 utskrifter) Holografisk film Fargo HDP5000 &#8211; HDP5000, High Secure Orbit (500 utskrifter) \u00e4r en holografisk lamineringsfilm som kombinerar slitageskydd med<\/p>","protected":false},"featured_media":156666,"template":"","meta":{"_acf_changed":false},"product_brand":[],"product_cat":[4850],"product_tag":[4863],"class_list":{"0":"post-156669","1":"product","2":"type-product","3":"status-publish","4":"has-post-thumbnail","6":"product_cat-hdp5000-band","7":"product_tag-pf","8":"pa_brands-fargo","9":"tm-no-options","11":"first","12":"instock","13":"sale","14":"taxable","15":"shipping-taxable","16":"purchasable","17":"product-type-simple"},"acf":[],"_links":{"self":[{"href":"https:\/\/secureus.se\/fr\/wp-json\/wp\/v2\/product\/156669","targetHints":{"allow":["GET"]}}],"collection":[{"href":"https:\/\/secureus.se\/fr\/wp-json\/wp\/v2\/product"}],"about":[{"href":"https:\/\/secureus.se\/fr\/wp-json\/wp\/v2\/types\/product"}],"wp:featuredmedia":[{"embeddable":true,"href":"https:\/\/secureus.se\/fr\/wp-json\/wp\/v2\/media\/156666"}],"wp:attachment":[{"href":"https:\/\/secureus.se\/fr\/wp-json\/wp\/v2\/media?parent=156669"}],"wp:term":[{"taxonomy":"product_brand","embeddable":true,"href":"https:\/\/secureus.se\/fr\/wp-json\/wp\/v2\/product_brand?post=156669"},{"taxonomy":"product_cat","embeddable":true,"href":"https:\/\/secureus.se\/fr\/wp-json\/wp\/v2\/product_cat?post=156669"},{"taxonomy":"product_tag","embeddable":true,"href":"https:\/\/secureus.se\/fr\/wp-json\/wp\/v2\/product_tag?post=156669"}],"curies":[{"name":"wp","href":"https:\/\/api.w.org\/{rel}","templated":true}]}}