{"id":158134,"date":"2025-06-10T11:33:18","date_gmt":"2025-06-10T09:33:18","guid":{"rendered":"https:\/\/secureus.se\/ajax-internal-battery-nb-7-2v-95ah-batteripack-for-hub-bp\/"},"modified":"2026-03-09T17:36:04","modified_gmt":"2026-03-09T16:36:04","slug":"ajax-internal-battery-nb-7-2v-95ah-batteripack-for-hub-bp","status":"publish","type":"product","link":"https:\/\/secureus.se\/fr\/ajax-internal-battery-nb-7-2v-95ah-batteripack-for-hub-bp\/","title":{"rendered":"Batterie interne Ajax NB (7,2 V\/95 Ah) \u2013 Bloc-batterie pour Hub BP"},"content":{"rendered":"<p data-start=\"409\" data-end=\"785\"><strong data-start=\"409\" data-end=\"449\">Batterie interne Ajax NB (7,2 V\/95 Ah)<\/strong> est une batterie haute capacit\u00e9 con\u00e7ue sp\u00e9cifiquement pour \u00eatre utilis\u00e9e avec le hub Ajax BP. Cette batterie non rechargeable se monte directement dans le bo\u00eetier du hub. En mode \u00e9conomie d&#039;\u00e9nergie, le syst\u00e8me peut fonctionner jusqu&#039;\u00e0 <strong data-start=\"668\" data-end=\"682\">17 mois<\/strong> Sans alimentation externe \u2013 id\u00e9al pour les installations o\u00f9 un fonctionnement fiable sur batterie est indispensable.<\/p>\n<p data-start=\"787\" data-end=\"1091\">La batterie est compos\u00e9e de <strong data-start=\"812\" data-end=\"843\">10 cellules LTC ER34615-LD<\/strong> Elle offre un fonctionnement stable m\u00eame dans des conditions difficiles. Elle maintient une tension en circuit ouvert constante quelle que soit sa capacit\u00e9 restante, pr\u00e9sente une autod\u00e9charge extr\u00eamement faible (inf\u00e9rieure \u00e0 1 \u00b5V\/an) et peut \u00eatre stock\u00e9e jusqu&#039;\u00e0 10 ans \u00e0 temp\u00e9rature ambiante.<\/p>\n<p data-start=\"1093\" data-end=\"1108\"><strong data-start=\"1093\" data-end=\"1108\">Propri\u00e9t\u00e9s:<\/strong><\/p>\n<ul data-start=\"1109\" data-end=\"1443\">\n<li data-start=\"1109\" data-end=\"1127\">\n<p data-start=\"1111\" data-end=\"1127\">Tension : 7,2 V<\/p>\n<\/li>\n<li data-start=\"1128\" data-end=\"1147\">\n<p data-start=\"1130\" data-end=\"1147\">Capacit\u00e9 : 95 Ah<\/p>\n<\/li>\n<li data-start=\"1148\" data-end=\"1205\">\n<p data-start=\"1150\" data-end=\"1205\">Autonomie : jusqu&#039;\u00e0 17 mois en mode \u00e9conomie d&#039;\u00e9nergie<\/p>\n<\/li>\n<li data-start=\"1206\" data-end=\"1246\">\n<p data-start=\"1208\" data-end=\"1246\">Plage de temp\u00e9rature : -10 \u00b0C \u00e0 +40 \u00b0C<\/p>\n<\/li>\n<li data-start=\"1247\" data-end=\"1333\">\n<p data-start=\"1249\" data-end=\"1333\">Dur\u00e9e de conservation : jusqu&#039;\u00e0 10 ans (jusqu&#039;\u00e0 6 mois \u00e0 +30 \u00b0C sans incidence sur le fonctionnement)<\/p>\n<\/li>\n<li data-start=\"1334\" data-end=\"1387\">\n<p data-start=\"1336\" data-end=\"1387\">Montage : S&#039;ins\u00e8re directement dans le bo\u00eetier Ajax Hub BP<\/p>\n<\/li>\n<li data-start=\"1388\" data-end=\"1422\">\n<p data-start=\"1390\" data-end=\"1422\">Type de batterie : 10x LTC ER34615-LD<\/p>\n<\/li>\n<li data-start=\"1423\" data-end=\"1443\">\n<p data-start=\"1425\" data-end=\"1443\">Non rechargeable<\/p>\n<\/li>\n<\/ul>\n<p data-start=\"1445\" data-end=\"1568\">Voici la solution id\u00e9ale pour ceux d&#039;entre vous qui ont besoin d&#039;une autonomie longue et stable pour leur Ajax Hub BP, sans compromis.<\/p>","protected":false},"excerpt":{"rendered":"<p>Bloc-batterie interne pour Ajax Hub BP (7,2 V\/95 Ah). Non rechargeable. Offre jusqu&#039;\u00e0 17 mois d&#039;autonomie en mode \u00e9conomie d&#039;\u00e9nergie. Compos\u00e9 de 10 batteries LTC ER34615-LD.<\/p>","protected":false},"featured_media":158133,"template":"","meta":{"_acf_changed":false},"product_brand":[],"product_cat":[3171,3128],"product_tag":[4863],"class_list":{"0":"post-158134","1":"product","2":"type-product","3":"status-publish","4":"has-post-thumbnail","6":"product_cat-psu-stromforsorjning","7":"product_cat-ajax-reservdelar-fasten","8":"product_tag-pf","9":"product_shipping_class-tunga-paket","10":"pa_brands-ajax-systems","11":"tm-no-options","13":"first","14":"instock","15":"sale","16":"taxable","17":"shipping-taxable","18":"purchasable","19":"product-type-simple"},"acf":[],"_links":{"self":[{"href":"https:\/\/secureus.se\/fr\/wp-json\/wp\/v2\/product\/158134","targetHints":{"allow":["GET"]}}],"collection":[{"href":"https:\/\/secureus.se\/fr\/wp-json\/wp\/v2\/product"}],"about":[{"href":"https:\/\/secureus.se\/fr\/wp-json\/wp\/v2\/types\/product"}],"wp:featuredmedia":[{"embeddable":true,"href":"https:\/\/secureus.se\/fr\/wp-json\/wp\/v2\/media\/158133"}],"wp:attachment":[{"href":"https:\/\/secureus.se\/fr\/wp-json\/wp\/v2\/media?parent=158134"}],"wp:term":[{"taxonomy":"product_brand","embeddable":true,"href":"https:\/\/secureus.se\/fr\/wp-json\/wp\/v2\/product_brand?post=158134"},{"taxonomy":"product_cat","embeddable":true,"href":"https:\/\/secureus.se\/fr\/wp-json\/wp\/v2\/product_cat?post=158134"},{"taxonomy":"product_tag","embeddable":true,"href":"https:\/\/secureus.se\/fr\/wp-json\/wp\/v2\/product_tag?post=158134"}],"curies":[{"name":"wp","href":"https:\/\/api.w.org\/{rel}","templated":true}]}}