{"id":158312,"date":"2025-09-22T12:58:49","date_gmt":"2025-09-22T10:58:49","guid":{"rendered":"https:\/\/secureus.se\/tidsrela-12v-c-no-tillslagsfordrojt-rela-03-60-sekunder\/"},"modified":"2026-04-14T00:00:58","modified_gmt":"2026-04-13T22:00:58","slug":"tidsrela-12v-c-no-tillslagsfordrojt-rela-03-60-sekunder","status":"publish","type":"product","link":"https:\/\/secureus.se\/fr\/tidsrela-12v-c-no-tillslagsfordrojt-rela-03-60-sekunder\/","title":{"rendered":"Relais temporis\u00e9 12 V C\/NO \u00e0 temporisation \u00e0 l&#039;enclenchement de 0,3 \u00e0 60 secondes"},"content":{"rendered":"<h1>Relais temporis\u00e9 12V C\/NO<\/h1>\n<p><strong data-start=\"897\" data-end=\"915\">Principe de fonctionnement :<\/strong> Lorsque l&#039;appareil est aliment\u00e9, il attend un d\u00e9lai pr\u00e9d\u00e9fini avant d&#039;activer la sortie.<\/p>\n<h3 data-start=\"135\" data-end=\"154\"><strong data-start=\"139\" data-end=\"154\">Propri\u00e9t\u00e9s:<\/strong><\/h3>\n<ol data-start=\"156\" data-end=\"569\">\n<li data-start=\"156\" data-end=\"210\">\n<p data-start=\"159\" data-end=\"210\">Bo\u00eetier de haute qualit\u00e9 \u2013 \u00e9tanche \u00e0 la poussi\u00e8re et ignifug\u00e9.<\/p>\n<\/li>\n<li data-start=\"211\" data-end=\"244\">\n<p data-start=\"214\" data-end=\"244\">Destin\u00e9 aux installations de t\u00e9l\u00e9communications.<\/p>\n<\/li>\n<li data-start=\"245\" data-end=\"296\">\n<p data-start=\"248\" data-end=\"296\">Le d\u00e9lai peut \u00eatre ajust\u00e9 selon vos besoins.<\/p>\n<\/li>\n<li data-start=\"297\" data-end=\"369\">\n<p data-start=\"300\" data-end=\"369\">Facile d&#039;utilisation et capable de s&#039;\u00e9teindre automatiquement apr\u00e8s un d\u00e9lai d\u00e9fini.<\/p>\n<\/li>\n<li data-start=\"370\" data-end=\"569\">\n<p data-start=\"373\" data-end=\"569\">Utilisation polyvalente dans les syst\u00e8mes d&#039;alarme et de t\u00e9l\u00e9communications, mais aussi pour d&#039;autres fonctions.<\/p>\n<\/li>\n<\/ol>\n<h3 data-start=\"576\" data-end=\"609\"><strong data-start=\"580\" data-end=\"609\">Sp\u00e9cifications techniques :<\/strong><\/h3>\n<ul data-start=\"611\" data-end=\"1001\">\n<li data-start=\"635\" data-end=\"664\">\n<p data-start=\"637\" data-end=\"664\"><strong data-start=\"637\" data-end=\"646\">Mesure:<\/strong> 50 \u00d7 35 \u00d7 22 mm<\/p>\n<\/li>\n<li data-start=\"665\" data-end=\"691\">\n<p data-start=\"667\" data-end=\"691\"><strong data-start=\"667\" data-end=\"682\">Tension d&#039;entr\u00e9e\u00a0:<\/strong> 12 V CC<\/p>\n<\/li>\n<li data-start=\"692\" data-end=\"754\">\n<p data-start=\"694\" data-end=\"754\"><strong data-start=\"694\" data-end=\"710\">Courant de fonctionnement :<\/strong> 68 mA (apr\u00e8s activation de l&#039;interrupteur de d\u00e9clenchement)<\/p>\n<\/li>\n<li data-start=\"755\" data-end=\"811\">\n<p data-start=\"757\" data-end=\"811\"><strong data-start=\"757\" data-end=\"788\">Tension de sortie (contr\u00f4le) :<\/strong> CC 0\u201314 V<\/p>\n<\/li>\n<li data-start=\"812\" data-end=\"849\">\n<p data-start=\"814\" data-end=\"849\"><strong data-start=\"814\" data-end=\"842\">Courant de sortie (contr\u00f4le) :<\/strong> &lt;11A<\/p>\n<\/li>\n<li data-start=\"850\" data-end=\"894\">\n<p data-start=\"852\" data-end=\"894\"><strong data-start=\"852\" data-end=\"873\">Temp\u00e9rature de fonctionnement\u00a0:<\/strong> -20\u00b0C \u00e0 +70\u00b0C<\/p>\n<\/li>\n<li data-start=\"895\" data-end=\"1001\">\n<p data-start=\"897\" data-end=\"1001\"><strong data-start=\"897\" data-end=\"915\">Principe de fonctionnement :<\/strong> Lorsque l&#039;appareil est aliment\u00e9, il attend un d\u00e9lai pr\u00e9d\u00e9fini avant d&#039;activer la sortie.<\/p>\n<\/li>\n<\/ul>\n<p data-start=\"1765\" data-end=\"1813\"><img decoding=\"async\" class=\"alignnone size-full wp-image-123539664\" src=\"https:\/\/securityonline.se\/wp-content\/uploads\/2025\/09\/Tidsrelamodul-5V-12V-24V-med-LCD-och-justerbar-fordrojning-1-1.jpg\" alt=\"\" width=\"747\" height=\"489\" \/><\/p>","protected":false},"excerpt":{"rendered":"<p>Module de temporisation 12V compact et polyvalent pour applications de t\u00e9l\u00e9communications.<\/p>\n<p>Gr\u00e2ce \u00e0 son d\u00e9lai r\u00e9glable et \u00e0 son bo\u00eetier robuste et ignifug\u00e9, il convient aux environnements difficiles des installations basse tension.<\/p>","protected":false},"featured_media":158310,"template":"","meta":{"_acf_changed":false},"product_brand":[],"product_cat":[1548,4154],"product_tag":[],"class_list":{"0":"post-158312","1":"product","2":"type-product","3":"status-publish","4":"has-post-thumbnail","6":"product_cat-relaer-elektronik","7":"product_cat-tidrela","8":"product_shipping_class-postnord-varubrev","9":"pa_brands-stonehouse-security","10":"tm-no-options","12":"first","13":"instock","14":"sale","15":"taxable","16":"shipping-taxable","17":"purchasable","18":"product-type-simple"},"acf":[],"_links":{"self":[{"href":"https:\/\/secureus.se\/fr\/wp-json\/wp\/v2\/product\/158312","targetHints":{"allow":["GET"]}}],"collection":[{"href":"https:\/\/secureus.se\/fr\/wp-json\/wp\/v2\/product"}],"about":[{"href":"https:\/\/secureus.se\/fr\/wp-json\/wp\/v2\/types\/product"}],"wp:featuredmedia":[{"embeddable":true,"href":"https:\/\/secureus.se\/fr\/wp-json\/wp\/v2\/media\/158310"}],"wp:attachment":[{"href":"https:\/\/secureus.se\/fr\/wp-json\/wp\/v2\/media?parent=158312"}],"wp:term":[{"taxonomy":"product_brand","embeddable":true,"href":"https:\/\/secureus.se\/fr\/wp-json\/wp\/v2\/product_brand?post=158312"},{"taxonomy":"product_cat","embeddable":true,"href":"https:\/\/secureus.se\/fr\/wp-json\/wp\/v2\/product_cat?post=158312"},{"taxonomy":"product_tag","embeddable":true,"href":"https:\/\/secureus.se\/fr\/wp-json\/wp\/v2\/product_tag?post=158312"}],"curies":[{"name":"wp","href":"https:\/\/api.w.org\/{rel}","templated":true}]}}