{"id":158316,"date":"2025-09-22T12:48:32","date_gmt":"2025-09-22T10:48:32","guid":{"rendered":"https:\/\/secureus.se\/tidsrela-6-30v-programmerbar\/"},"modified":"2026-03-13T18:51:37","modified_gmt":"2026-03-13T17:51:37","slug":"tidsrela-6-30v-programmerbar","status":"publish","type":"product","link":"https:\/\/secureus.se\/fr\/tidsrela-6-30v-programmerbar\/","title":{"rendered":"Relais temporis\u00e9 6-30 V programmable de 0,01 s \u00e0 9999 minutes \u2013 \u00c9cran LCD S\u00e9rie Pro"},"content":{"rendered":"<h1>Relais temporis\u00e9 programmable 6-30 V avec \u00e9cran LCD<\/h1>\n<p>Ce module de relais horaire avanc\u00e9 de Sinilink est id\u00e9al pour les projets d&#039;automatisation n\u00e9cessitant un contr\u00f4le pr\u00e9cis du temps.<\/p>\n<p>Il est \u00e9quip\u00e9 d&#039;un \u00e9cran LCD clair, d&#039;une large compatibilit\u00e9 de tension et prend en charge plusieurs modes de fonctionnement ainsi que des fonctions cycliques.<\/p>\n<h3 data-start=\"428\" data-end=\"447\"><strong data-start=\"432\" data-end=\"447\">Propri\u00e9t\u00e9s:<\/strong><\/h3>\n<ol data-start=\"449\" data-end=\"1101\">\n<li data-start=\"449\" data-end=\"525\">\n<p data-start=\"452\" data-end=\"525\">L&#039;\u00e9cran LCD affiche clairement l&#039;\u00e9tat de fonctionnement actuel et les param\u00e8tres d\u00e9finis.<\/p>\n<\/li>\n<li data-start=\"526\" data-end=\"598\">\n<p data-start=\"529\" data-end=\"598\">Prise en charge du d\u00e9clenchement de haut et de bas niveau ainsi que du contr\u00f4le via des interrupteurs.<\/p>\n<\/li>\n<li data-start=\"599\" data-end=\"668\">\n<p data-start=\"602\" data-end=\"668\">Large plage de tension d&#039;entr\u00e9e\u00a0: 6\u201330\u00a0V, prend \u00e9galement en charge le 5\u00a0V via micro USB.<\/p>\n<\/li>\n<li data-start=\"669\" data-end=\"728\">\n<p data-start=\"672\" data-end=\"728\">Prise en charge de la transmission de donn\u00e9es UART et du param\u00e9trage.<\/p>\n<\/li>\n<li data-start=\"729\" data-end=\"791\">\n<p data-start=\"732\" data-end=\"791\">Arr\u00eat d&#039;urgence avec bouton STOP et protection contre l&#039;inversion de polarit\u00e9.<\/p>\n<\/li>\n<li data-start=\"792\" data-end=\"890\">\n<p data-start=\"795\" data-end=\"890\">Mode \u00e9conomie d&#039;\u00e9nergie\u00a0: si aucun bouton n&#039;est utilis\u00e9 pendant 5 minutes, le r\u00e9tro\u00e9clairage s&#039;\u00e9teindra automatiquement.<\/p>\n<\/li>\n<li data-start=\"891\" data-end=\"954\">\n<p data-start=\"894\" data-end=\"954\">Les param\u00e8tres OP, CL et LOP peuvent \u00eatre enregistr\u00e9s ind\u00e9pendamment.<\/p>\n<\/li>\n<li data-start=\"955\" data-end=\"1015\">\n<p data-start=\"958\" data-end=\"1015\">Tous les param\u00e8tres sont automatiquement sauvegard\u00e9s en cas de coupure de courant.<\/p>\n<\/li>\n<li data-start=\"1016\" data-end=\"1101\">\n<p data-start=\"1019\" data-end=\"1101\">Construction de qualit\u00e9 industrielle avec isolation par optocoupleur pour une immunit\u00e9 accrue aux interf\u00e9rences.<\/p>\n<\/li>\n<\/ol>\n<h3 data-start=\"1108\" data-end=\"1132\"><strong data-start=\"1112\" data-end=\"1132\">Caract\u00e9ristiques:<\/strong><\/h3>\n<ul data-start=\"1134\" data-end=\"1539\">\n<li data-start=\"1134\" data-end=\"1163\">\n<p data-start=\"1136\" data-end=\"1163\"><strong data-start=\"1136\" data-end=\"1155\">Tension de fonctionnement :<\/strong> 6\u201330 V<\/p>\n<\/li>\n<li data-start=\"1164\" data-end=\"1214\">\n<p data-start=\"1166\" data-end=\"1214\"><strong data-start=\"1166\" data-end=\"1184\">Intervalle de temps\u00a0:<\/strong> 0,01 s\u20139999 min (r\u00e9glable)<\/p>\n<\/li>\n<li data-start=\"1215\" data-end=\"1307\">\n<p data-start=\"1217\" data-end=\"1237\"><strong data-start=\"1217\" data-end=\"1235\">Signal de d\u00e9clenchement\u00a0:<\/strong><\/p>\n<ul data-start=\"1240\" data-end=\"1307\">\n<li data-start=\"1240\" data-end=\"1261\">\n<p data-start=\"1242\" data-end=\"1261\">Niveau haut : 3,0\u201324 V<\/p>\n<\/li>\n<li data-start=\"1264\" data-end=\"1286\">\n<p data-start=\"1266\" data-end=\"1286\">Niveau bas\u00a0: 0,0\u20130,2\u00a0V<\/p>\n<\/li>\n<li data-start=\"1289\" data-end=\"1307\">\n<p data-start=\"1291\" data-end=\"1307\">Interrupteur passif<\/p>\n<\/li>\n<\/ul>\n<\/li>\n<li data-start=\"1308\" data-end=\"1375\">\n<p data-start=\"1310\" data-end=\"1333\"><strong data-start=\"1310\" data-end=\"1331\">Capacit\u00e9 de production :<\/strong><\/p>\n<ul data-start=\"1336\" data-end=\"1375\">\n<li data-start=\"1336\" data-end=\"1375\">\n<p data-start=\"1338\" data-end=\"1375\">Jusqu&#039;\u00e0 30 V 5 A CC ou 220 V 5 A CA<\/p>\n<\/li>\n<\/ul>\n<\/li>\n<li data-start=\"1376\" data-end=\"1400\">\n<p data-start=\"1378\" data-end=\"1400\"><strong data-start=\"1378\" data-end=\"1392\">Courant de repos :<\/strong> 15 mA<\/p>\n<\/li>\n<li data-start=\"1401\" data-end=\"1426\">\n<p data-start=\"1403\" data-end=\"1426\"><strong data-start=\"1403\" data-end=\"1418\">Courant de fonctionnement\u00a0:<\/strong> 50 mA<\/p>\n<\/li>\n<li data-start=\"1427\" data-end=\"1467\">\n<p data-start=\"1429\" data-end=\"1467\"><strong data-start=\"1429\" data-end=\"1443\">Vie:<\/strong> Plus de 100 000 cycles<\/p>\n<\/li>\n<li data-start=\"1468\" data-end=\"1508\">\n<p data-start=\"1470\" data-end=\"1508\"><strong data-start=\"1470\" data-end=\"1491\">Temp\u00e9rature de fonctionnement\u00a0:<\/strong> -40 \u00e0 +85\u00b0C<\/p>\n<\/li>\n<li data-start=\"1509\" data-end=\"1539\">\n<p data-start=\"1511\" data-end=\"1539\"><strong data-start=\"1511\" data-end=\"1523\">Taille:<\/strong> 88 \u00d7 38 \u00d7 19 mm<\/p>\n<\/li>\n<\/ul>\n<h3 data-start=\"1546\" data-end=\"1575\"><strong data-start=\"1550\" data-end=\"1575\">S\u00e9lection de l&#039;intervalle de temps\u00a0:<\/strong><\/h3>\n<p data-start=\"1577\" data-end=\"1608\">Sur l&#039;\u00e9cran des param\u00e8tres OP\/CL\u00a0:<\/p>\n<ul data-start=\"1609\" data-end=\"1733\">\n<li data-start=\"1609\" data-end=\"1637\">\n<p data-start=\"1611\" data-end=\"1637\"><code data-start=\"1611\" data-end=\"1617\">XXXX<\/code> = 1 \u00e0 9999 secondes<\/p>\n<\/li>\n<li data-start=\"1638\" data-end=\"1670\">\n<p data-start=\"1640\" data-end=\"1670\"><code data-start=\"1640\" data-end=\"1647\">XXX.X<\/code> = 0,1\u2013999,9 secondes<\/p>\n<\/li>\n<li data-start=\"1671\" data-end=\"1704\">\n<p data-start=\"1673\" data-end=\"1704\"><code data-start=\"1673\" data-end=\"1680\">XX.XX<\/code> = 0,01\u201399,99 secondes<\/p>\n<\/li>\n<li data-start=\"1705\" data-end=\"1733\">\n<p data-start=\"1707\" data-end=\"1733\"><code data-start=\"1707\" data-end=\"1716\">XXXX<\/code> = 1 \u00e0 9999 minutes<\/p>\n<\/li>\n<\/ul>\n<h3 data-start=\"1740\" data-end=\"1769\"><strong data-start=\"1744\" data-end=\"1769\">Param\u00e9trage\u00a0:<\/strong><\/h3>\n<ul data-start=\"1771\" data-end=\"1889\">\n<li data-start=\"1771\" data-end=\"1797\">\n<p data-start=\"1773\" data-end=\"1797\"><strong data-start=\"1773\" data-end=\"1780\">OP :<\/strong> Temps de mise sous tension<\/p>\n<\/li>\n<li data-start=\"1798\" data-end=\"1824\">\n<p data-start=\"1800\" data-end=\"1824\"><strong data-start=\"1800\" data-end=\"1807\">CL :<\/strong> Heure d&#039;arr\u00eat<\/p>\n<\/li>\n<li data-start=\"1825\" data-end=\"1889\">\n<p data-start=\"1827\" data-end=\"1889\"><strong data-start=\"1827\" data-end=\"1835\">COURIR:<\/strong> Nombre de cycles (1\u20139999 ou \u00ab\u00a0--\u00a0\u00bb pour une boucle infinie)<\/p>\n<\/li>\n<\/ul>\n<p data-start=\"1891\" data-end=\"1905\">Pour changer :<\/p>\n<ol data-start=\"1906\" data-end=\"2236\">\n<li data-start=\"1906\" data-end=\"1956\">\n<p data-start=\"1909\" data-end=\"1956\">Tenir bon <strong data-start=\"1917\" data-end=\"1924\">ENSEMBLE<\/strong> pour acc\u00e9der aux param\u00e8tres<\/p>\n<\/li>\n<li data-start=\"1957\" data-end=\"1989\">\n<p data-start=\"1960\" data-end=\"1989\">S\u00e9lectionnez le mode de fonctionnement avec les boutons HAUT\/BAS.<\/p>\n<\/li>\n<li data-start=\"1990\" data-end=\"2057\">\n<p data-start=\"1993\" data-end=\"2057\">Confirmez avec SET pour acc\u00e9der aux param\u00e8tres.<\/p>\n<\/li>\n<li data-start=\"2058\" data-end=\"2121\">\n<p data-start=\"2061\" data-end=\"2121\">Ajustez chaque param\u00e8tre en appuyant bri\u00e8vement ou longuement sur HAUT\/BAS.<\/p>\n<\/li>\n<li data-start=\"2122\" data-end=\"2186\">\n<p data-start=\"2125\" data-end=\"2186\">Presse <strong data-start=\"2134\" data-end=\"2142\">ARR\u00caT<\/strong> pour basculer entre les secondes et les minutes<\/p>\n<\/li>\n<li data-start=\"2187\" data-end=\"2236\">\n<p data-start=\"2190\" data-end=\"2236\">Appuyez et maintenez la pression. <strong data-start=\"2205\" data-end=\"2212\">ENSEMBLE<\/strong> sauver et partir<\/p>\n<\/li>\n<\/ol>\n<h3 data-start=\"2243\" data-end=\"2263\"><strong data-start=\"2247\" data-end=\"2263\">Modes de fonctionnement :<\/strong><\/h3>\n<ul data-start=\"2265\" data-end=\"2716\">\n<li data-start=\"2265\" data-end=\"2308\">\n<p data-start=\"2267\" data-end=\"2308\"><strong data-start=\"2267\" data-end=\"2274\">P1 :<\/strong> D\u00e9clencheurs \u2192 relais activ\u00e9 (dur\u00e9e OP) \u2192 d\u00e9sactiv\u00e9<\/p>\n<\/li>\n<li data-start=\"2309\" data-end=\"2374\">\n<p data-start=\"2311\" data-end=\"2374\"><strong data-start=\"2311\" data-end=\"2318\">P2 :<\/strong> D\u00e9clencheurs \u2192 relais sur (OP) \u2192 d\u00e9clenchements pendant OP \u2192 recalcul<\/p>\n<\/li>\n<li data-start=\"2375\" data-end=\"2430\">\n<p data-start=\"2377\" data-end=\"2430\"><strong data-start=\"2377\" data-end=\"2384\">P3\u00a0:<\/strong> D\u00e9clencheurs \u2192 relais activ\u00e9 (OP) \u2192 nouveau d\u00e9clencheur \u2192 r\u00e9initialisation<\/p>\n<\/li>\n<li data-start=\"2431\" data-end=\"2488\">\n<p data-start=\"2433\" data-end=\"2488\"><strong data-start=\"2433\" data-end=\"2440\">P4 :<\/strong> D\u00e9clencheurs \u2192 attente de l&#039;OP \u2192 relais activ\u00e9 \u2192 OP pr\u00eat \u2192 d\u00e9sactiv\u00e9<\/p>\n<\/li>\n<li data-start=\"2489\" data-end=\"2561\">\n<p data-start=\"2491\" data-end=\"2561\"><strong data-start=\"2491\" data-end=\"2498\">P5\u00a0:<\/strong> D\u00e9clencheurs \u2192 OP activ\u00e9 \u2192 CL d\u00e9sactiv\u00e9 \u2192 d\u00e9marrage du cycle (nombre configurable)<\/p>\n<\/li>\n<li data-start=\"2562\" data-end=\"2613\">\n<p data-start=\"2564\" data-end=\"2613\"><strong data-start=\"2564\" data-end=\"2571\">P6 :<\/strong> Cycle automatique sans d\u00e9clencheur (OP + CL)<\/p>\n<\/li>\n<li data-start=\"2614\" data-end=\"2716\">\n<p data-start=\"2616\" data-end=\"2716\"><strong data-start=\"2616\" data-end=\"2623\">P7 :<\/strong> Le relais reste actif tant que le signal est pr\u00e9sent. En cas d&#039;interruption, le temporisateur de surtension se d\u00e9clenche et le relais se d\u00e9sactive.<\/p>\n<\/li>\n<\/ul>\n<h3 data-start=\"2723\" data-end=\"2754\"><strong data-start=\"2727\" data-end=\"2754\">Fonctionnalit\u00e9s suppl\u00e9mentaires\u00a0:<\/strong><\/h3>\n<ul data-start=\"2756\" data-end=\"3075\">\n<li data-start=\"2756\" data-end=\"2850\">\n<p data-start=\"2758\" data-end=\"2850\"><strong data-start=\"2758\" data-end=\"2783\">Mode veille automatique\u00a0:<\/strong> \u00c9teint l&#039;arri\u00e8re-plan de l&#039;\u00e9cran LCD apr\u00e8s 5 minutes (peut \u00eatre activ\u00e9\/d\u00e9sactiv\u00e9)<\/p>\n<\/li>\n<li data-start=\"2851\" data-end=\"2920\">\n<p data-start=\"2853\" data-end=\"2920\"><strong data-start=\"2853\" data-end=\"2877\">Fonction relais MARCHE\/ARR\u00caT\u00a0:<\/strong> Interrupteurs STOP si le relais doit r\u00e9pondre \u00e0 certaines conditions<\/p>\n<\/li>\n<li data-start=\"2921\" data-end=\"2989\">\n<p data-start=\"2923\" data-end=\"2989\"><strong data-start=\"2923\" data-end=\"2947\">Examen des param\u00e8tres\u00a0:<\/strong> Une br\u00e8ve pression sur SET affiche les valeurs actuelles<\/p>\n<\/li>\n<li data-start=\"2990\" data-end=\"3075\">\n<p data-start=\"2992\" data-end=\"3075\"><strong data-start=\"2992\" data-end=\"3012\">Changement d&#039;affichage\u00a0:<\/strong> En mode P5\/P6, l&#039;affichage peut basculer entre l&#039;heure et le nombre de cycles.<\/p>\n<\/li>\n<\/ul>\n<p data-start=\"1765\" data-end=\"1813\">","protected":false},"excerpt":{"rendered":"<p>Module de relais temporis\u00e9 avec \u00e9cran LCD, d\u00e9lai r\u00e9glable (0,01 s \u2013 9999 min) et prise en charge de plusieurs modes de d\u00e9clenchement.<\/p>\n<p>Parfaitement adapt\u00e9 \u00e0 l&#039;automatisation, au contr\u00f4le cyclique et \u00e0 la gestion pr\u00e9cise du temps.<\/p>","protected":false},"featured_media":158313,"template":"","meta":{"_acf_changed":false},"product_brand":[],"product_cat":[1548,4154],"product_tag":[],"class_list":{"0":"post-158316","1":"product","2":"type-product","3":"status-publish","4":"has-post-thumbnail","6":"product_cat-relaer-elektronik","7":"product_cat-tidrela","8":"product_shipping_class-postnord-varubrev","9":"pa_brands-stonehouse-security","10":"tm-no-options","12":"first","13":"instock","14":"sale","15":"taxable","16":"shipping-taxable","17":"purchasable","18":"product-type-simple"},"acf":[],"_links":{"self":[{"href":"https:\/\/secureus.se\/fr\/wp-json\/wp\/v2\/product\/158316","targetHints":{"allow":["GET"]}}],"collection":[{"href":"https:\/\/secureus.se\/fr\/wp-json\/wp\/v2\/product"}],"about":[{"href":"https:\/\/secureus.se\/fr\/wp-json\/wp\/v2\/types\/product"}],"wp:featuredmedia":[{"embeddable":true,"href":"https:\/\/secureus.se\/fr\/wp-json\/wp\/v2\/media\/158313"}],"wp:attachment":[{"href":"https:\/\/secureus.se\/fr\/wp-json\/wp\/v2\/media?parent=158316"}],"wp:term":[{"taxonomy":"product_brand","embeddable":true,"href":"https:\/\/secureus.se\/fr\/wp-json\/wp\/v2\/product_brand?post=158316"},{"taxonomy":"product_cat","embeddable":true,"href":"https:\/\/secureus.se\/fr\/wp-json\/wp\/v2\/product_cat?post=158316"},{"taxonomy":"product_tag","embeddable":true,"href":"https:\/\/secureus.se\/fr\/wp-json\/wp\/v2\/product_tag?post=158316"}],"curies":[{"name":"wp","href":"https:\/\/api.w.org\/{rel}","templated":true}]}}