{"id":158324,"date":"2025-09-22T12:42:49","date_gmt":"2025-09-22T10:42:49","guid":{"rendered":"https:\/\/secureus.se\/rela-12v-4-kanals-med-hog-lag-nivastyrning\/"},"modified":"2026-04-01T16:19:08","modified_gmt":"2026-04-01T14:19:08","slug":"rela-12v-4-kanals-med-hog-lag-nivastyrning","status":"publish","type":"product","link":"https:\/\/secureus.se\/fr\/rela-12v-4-kanals-med-hog-lag-nivastyrning\/","title":{"rendered":"Relais 12 V 4 canaux avec contr\u00f4le de niveau haut\/bas S\u00e9rie Pro"},"content":{"rendered":"<h1>Relais 12 V \u00e0 4 canaux avec commande de niveau haut\/bas<\/h1>\n<p><span style=\"text-decoration: underline\"><strong>Parfaitement adapt\u00e9 aux installations d&#039;alarme et de t\u00e9l\u00e9communications.<\/strong><\/span><\/p>\n<ol data-start=\"579\" data-end=\"1159\">\n<li data-start=\"579\" data-end=\"686\">\n<p data-start=\"582\" data-end=\"615\">\u00c9quip\u00e9 d&#039;un relais de qualit\u00e9 authentique<\/p>\n<ul data-start=\"619\" data-end=\"686\">\n<li data-start=\"619\" data-end=\"686\">\n<p data-start=\"621\" data-end=\"686\">Charge maximale\u00a0: CA 250\u00a0V\/10\u00a0A, CC 30\u00a0V\/10\u00a0A (contact normalement ouvert)<\/p>\n<\/li>\n<\/ul>\n<\/li>\n<li data-start=\"687\" data-end=\"788\">\n<p data-start=\"690\" data-end=\"757\">Isolation par double optocoupleur pour une s\u00e9curit\u00e9 \u00e9lev\u00e9e et des performances stables<\/p>\n<ul data-start=\"761\" data-end=\"788\">\n<li data-start=\"761\" data-end=\"788\">\n<p data-start=\"763\" data-end=\"788\">Courant de d\u00e9clenchement : seulement 5 mA<\/p>\n<\/li>\n<\/ul>\n<\/li>\n<li data-start=\"789\" data-end=\"812\">\n<p data-start=\"792\" data-end=\"812\">Tension de fonctionnement : 12 V<\/p>\n<\/li>\n<li data-start=\"813\" data-end=\"897\">\n<p data-start=\"816\" data-end=\"897\">Chaque canal peut \u00eatre configur\u00e9 pour \u00eatre d\u00e9clench\u00e9 par un niveau haut ou bas (via un cavalier).<\/p>\n<\/li>\n<li data-start=\"898\" data-end=\"979\">\n<p data-start=\"901\" data-end=\"979\">Conception tol\u00e9rante aux pannes \u2013 en cas de rupture de la ligne de commande, le relais ne sera pas activ\u00e9 accidentellement.<\/p>\n<\/li>\n<li data-start=\"980\" data-end=\"1073\">\n<p data-start=\"983\" data-end=\"1001\">Voyants LED\u00a0:<\/p>\n<ul data-start=\"1005\" data-end=\"1073\">\n<li data-start=\"1005\" data-end=\"1029\">\n<p data-start=\"1007\" data-end=\"1029\">Vert : indicateur d&#039;alimentation<\/p>\n<\/li>\n<li data-start=\"1033\" data-end=\"1073\">\n<p data-start=\"1035\" data-end=\"1073\">Rouge : \u00e9tat du relais pour chaque canal<\/p>\n<\/li>\n<\/ul>\n<\/li>\n<li data-start=\"1074\" data-end=\"1159\">\n<p data-start=\"1077\" data-end=\"1159\">Agencement convivial \u2013 toutes les connexions sont accessibles via des bornes \u00e0 vis transparentes.<\/p>\n<\/li>\n<\/ol>\n<p data-start=\"1161\" data-end=\"1172\"><strong>Interface:<\/strong><\/p>\n<p data-start=\"1174\" data-end=\"1192\">Connexion \u00e9lectrique\u00a0:<\/p>\n<ul data-start=\"1193\" data-end=\"1291\">\n<li data-start=\"1193\" data-end=\"1242\">\n<p data-start=\"1195\" data-end=\"1242\">DC+ : Se connecte au p\u00f4le positif de l&#039;alimentation.<\/p>\n<\/li>\n<li data-start=\"1243\" data-end=\"1291\">\n<p data-start=\"1245\" data-end=\"1291\">DC- : Se connecte \u00e0 la borne n\u00e9gative de l&#039;alimentation.<\/p>\n<\/li>\n<\/ul>\n<p data-start=\"1293\" data-end=\"1308\"><strong>Signaux de contr\u00f4le\u00a0:<\/strong><\/p>\n<ul data-start=\"1309\" data-end=\"1384\">\n<li data-start=\"1309\" data-end=\"1384\">\n<p data-start=\"1311\" data-end=\"1384\">IN1, IN2\u00a0: Commande le relais respectif en fonction du niveau de d\u00e9clenchement d\u00e9fini (haut\/bas).<\/p>\n<\/li>\n<\/ul>\n<p data-start=\"1386\" data-end=\"1399\"><strong>Sortie relais :<\/strong><\/p>\n<ul data-start=\"1400\" data-end=\"1621\">\n<li data-start=\"1400\" data-end=\"1493\">\n<p data-start=\"1402\" data-end=\"1493\">NO1, NO2 (Normalement ouvert)\u00a0: Contact normalement ouvert \u2013 ouvert au repos, ferm\u00e9 lorsqu\u2019il est activ\u00e9<\/p>\n<\/li>\n<li data-start=\"1494\" data-end=\"1526\">\n<p data-start=\"1496\" data-end=\"1526\">COM1, COM2\u00a0: Connecteur commun<\/p>\n<\/li>\n<li data-start=\"1527\" data-end=\"1621\">\n<p data-start=\"1529\" data-end=\"1621\">NC1, NC2 (Normalement ferm\u00e9s)\u00a0: Contact normalement ferm\u00e9 au repos, ouvert lorsqu\u2019il est activ\u00e9<\/p>\n<\/li>\n<\/ul>\n<p data-start=\"1623\" data-end=\"1644\"><strong>S\u00e9lection du niveau de d\u00e9clenchement\u00a0:<\/strong><\/p>\n<ul data-start=\"1645\" data-end=\"1813\">\n<li data-start=\"1645\" data-end=\"1698\">\n<p data-start=\"1647\" data-end=\"1698\">S1, S2\u00a0: S\u00e9lection du cavalier pour le niveau de d\u00e9clenchement des relais 1 et 2<\/p>\n<\/li>\n<li data-start=\"1699\" data-end=\"1762\">\n<p data-start=\"1701\" data-end=\"1762\">Si le port COM du cavalier est connect\u00e9 au niveau bas \u2192 d\u00e9clenchement au niveau bas<\/p>\n<\/li>\n<li data-start=\"1763\" data-end=\"1813\">\n<p data-start=\"1765\" data-end=\"1813\">Si COM est connect\u00e9 \u00e0 un niveau haut \u2192 d\u00e9clenchement de niveau haut<\/p>\n<p><strong>Mesure<\/strong>: 7,5 cm x 5 cm<\/p>\n<\/li>\n<\/ul>","protected":false},"excerpt":{"rendered":"<p>Module relais compact \u00e0 2 canaux avec <strong>Tension de fonctionnement 12 V<\/strong>, prise en charge du d\u00e9clenchement \u00e0 haut et bas niveau et isolation par double optocoupleur pour un contr\u00f4le stable et s\u00fbr.<\/p>\n<p>Dot\u00e9 de voyants LED et de bornes \u00e0 vis ergonomiques pour une installation facile.<\/p>\n<p>Parfaitement adapt\u00e9 aux installations d&#039;alarme et de t\u00e9l\u00e9communications.<\/p>\n<p><strong>Mesure<\/strong>: 7,5 cm x 5 cm<\/p>","protected":false},"featured_media":158321,"template":"","meta":{"_acf_changed":false},"product_brand":[],"product_cat":[1548,4151],"product_tag":[],"class_list":{"0":"post-158324","1":"product","2":"type-product","3":"status-publish","4":"has-post-thumbnail","6":"product_cat-relaer-elektronik","7":"product_cat-rela-12-volt","8":"product_shipping_class-postnord-varubrev","9":"pa_brands-stonehouse-security","10":"tm-no-options","12":"first","13":"instock","14":"sale","15":"taxable","16":"shipping-taxable","17":"purchasable","18":"product-type-simple"},"acf":[],"_links":{"self":[{"href":"https:\/\/secureus.se\/fr\/wp-json\/wp\/v2\/product\/158324","targetHints":{"allow":["GET"]}}],"collection":[{"href":"https:\/\/secureus.se\/fr\/wp-json\/wp\/v2\/product"}],"about":[{"href":"https:\/\/secureus.se\/fr\/wp-json\/wp\/v2\/types\/product"}],"wp:featuredmedia":[{"embeddable":true,"href":"https:\/\/secureus.se\/fr\/wp-json\/wp\/v2\/media\/158321"}],"wp:attachment":[{"href":"https:\/\/secureus.se\/fr\/wp-json\/wp\/v2\/media?parent=158324"}],"wp:term":[{"taxonomy":"product_brand","embeddable":true,"href":"https:\/\/secureus.se\/fr\/wp-json\/wp\/v2\/product_brand?post=158324"},{"taxonomy":"product_cat","embeddable":true,"href":"https:\/\/secureus.se\/fr\/wp-json\/wp\/v2\/product_cat?post=158324"},{"taxonomy":"product_tag","embeddable":true,"href":"https:\/\/secureus.se\/fr\/wp-json\/wp\/v2\/product_tag?post=158324"}],"curies":[{"name":"wp","href":"https:\/\/api.w.org\/{rel}","templated":true}]}}