{"id":158398,"date":"2025-09-24T14:38:17","date_gmt":"2025-09-24T12:38:17","guid":{"rendered":"https:\/\/secureus.se\/?post_type=product&#038;p=158398"},"modified":"2026-03-26T09:57:08","modified_gmt":"2026-03-26T08:57:08","slug":"fargo-hdp5000e-retransfer-id-card-printer-dubbelsidig","status":"publish","type":"product","link":"https:\/\/secureus.se\/fr\/fargo-hdp5000e-retransfer-id-card-printer-dubbelsidig\/","title":{"rendered":"Imprimante de cartes d&#039;identit\u00e9 \u00e0 retransfert Fargo HDP5000e (double face)"},"content":{"rendered":"<p>Fruit de sept g\u00e9n\u00e9rations de technologie de retransfert avanc\u00e9e et de plusieurs d\u00e9cennies d&#039;expertise, l&#039;imprimante FARGO HDP5000e est con\u00e7ue pour les environnements exigeants o\u00f9 la fiabilit\u00e9 et la qualit\u00e9 d&#039;impression sont primordiales. Leader du secteur de l&#039;impression par retransfert depuis plus de 25 ans, la HDP5000e offre une r\u00e9solution d&#039;impression exceptionnelle, une durabilit\u00e9 in\u00e9gal\u00e9e et un temps d&#039;arr\u00eat minimal, garantissant un fonctionnement optimal pour la production de cartes en grand volume.<\/p>\n<ul>\n<li>Imprimer 133 cartes en couleur par heure<\/li>\n<li>Garantie constructeur in\u00e9gal\u00e9e de 4 ans<\/li>\n<li>Mod\u00e8les simple face et double face disponibles<\/li>\n<\/ul>\n<p><strong><br \/>\nPoids du produit :<br \/>\n8,00 kg<br \/>\n<\/strong><\/p>","protected":false},"excerpt":{"rendered":"<p>Built on seven generations of advanced retransfer technology and decades of expertise, the FARGO HDP5000e is engineered for high-demand environments where reliability and print quality are non-negotiable. As an industry<\/p>","protected":false},"featured_media":158393,"template":"","meta":{"_acf_changed":false},"product_brand":[],"product_cat":[3206],"product_tag":[],"class_list":{"0":"post-158398","1":"product","2":"type-product","3":"status-publish","4":"has-post-thumbnail","6":"product_cat-fargo","7":"pa_brands-fargo","8":"tm-no-options","10":"first","11":"instock","12":"sale","13":"taxable","14":"shipping-taxable","15":"purchasable","16":"product-type-simple"},"acf":[],"_links":{"self":[{"href":"https:\/\/secureus.se\/fr\/wp-json\/wp\/v2\/product\/158398","targetHints":{"allow":["GET"]}}],"collection":[{"href":"https:\/\/secureus.se\/fr\/wp-json\/wp\/v2\/product"}],"about":[{"href":"https:\/\/secureus.se\/fr\/wp-json\/wp\/v2\/types\/product"}],"wp:featuredmedia":[{"embeddable":true,"href":"https:\/\/secureus.se\/fr\/wp-json\/wp\/v2\/media\/158393"}],"wp:attachment":[{"href":"https:\/\/secureus.se\/fr\/wp-json\/wp\/v2\/media?parent=158398"}],"wp:term":[{"taxonomy":"product_brand","embeddable":true,"href":"https:\/\/secureus.se\/fr\/wp-json\/wp\/v2\/product_brand?post=158398"},{"taxonomy":"product_cat","embeddable":true,"href":"https:\/\/secureus.se\/fr\/wp-json\/wp\/v2\/product_cat?post=158398"},{"taxonomy":"product_tag","embeddable":true,"href":"https:\/\/secureus.se\/fr\/wp-json\/wp\/v2\/product_tag?post=158398"}],"curies":[{"name":"wp","href":"https:\/\/api.w.org\/{rel}","templated":true}]}}