{"id":158822,"date":"2025-10-02T10:45:51","date_gmt":"2025-10-02T08:45:51","guid":{"rendered":"https:\/\/secureus.se\/inomhussiren-12v-m19-volymkontroll-sabotagekontakt\/"},"modified":"2026-03-18T11:18:56","modified_gmt":"2026-03-18T10:18:56","slug":"inomhussiren-12v-m19-volymkontroll-sabotagekontakt","status":"publish","type":"product","link":"https:\/\/secureus.se\/fr\/inomhussiren-12v-m19-volymkontroll-sabotagekontakt\/","title":{"rendered":"Sir\u00e8ne int\u00e9rieure 12 V M19 avec interrupteur de contr\u00f4le du volume et de sabotage"},"content":{"rendered":"<h1>Sir\u00e8ne int\u00e9rieure 12 V M19 avec interrupteur de contr\u00f4le du volume et de sabotage<\/h1>\n<p data-start=\"198\" data-end=\"591\">Cette sir\u00e8ne d&#039;int\u00e9rieur puissante et fiable est con\u00e7ue pour \u00eatre utilis\u00e9e dans diff\u00e9rents types de syst\u00e8mes d&#039;alarme.<\/p>\n<p data-start=\"198\" data-end=\"591\">Avec un niveau sonore allant jusqu&#039;\u00e0 <strong data-start=\"328\" data-end=\"340\">115 dB\/m<\/strong>Avec son contr\u00f4le du volume et sa double protection contre le sabotage, c&#039;est un excellent choix pour les installations qui exigent s\u00e9curit\u00e9, flexibilit\u00e9 et signalisation audio fiable.<\/p>\n<p data-start=\"198\" data-end=\"591\">Gr\u00e2ce \u00e0 sa conception \u00e9pur\u00e9e et blanche en plastique ABS durable, la sir\u00e8ne s&#039;int\u00e8gre discr\u00e8tement dans les environnements int\u00e9rieurs modernes.<\/p>\n<h4 data-start=\"593\" data-end=\"613\"><strong data-start=\"598\" data-end=\"613\">Caract\u00e9ristiques:<\/strong><\/h4>\n<ul data-start=\"615\" data-end=\"1505\">\n<li data-start=\"615\" data-end=\"747\">\n<p data-start=\"617\" data-end=\"747\"><strong data-start=\"617\" data-end=\"635\">Volume \u00e9lev\u00e9<\/strong>: D\u00e9livre jusqu&#039;\u00e0 115 dB \u00e0 une distance de 1 m\u00e8tre \u2013 suffisant pour signaler efficacement une intrusion ou un incendie.<\/p>\n<\/li>\n<li data-start=\"748\" data-end=\"895\">\n<p data-start=\"750\" data-end=\"895\"><strong data-start=\"750\" data-end=\"774\">Signal de d\u00e9clenchement double<\/strong>La sir\u00e8ne peut \u00eatre activ\u00e9e via <strong data-start=\"802\" data-end=\"834\">deux entr\u00e9es de d\u00e9clenchement distinctes<\/strong>, ce qui offre une flexibilit\u00e9 lors de la connexion \u00e0 diff\u00e9rents syst\u00e8mes d&#039;alarme.<\/p>\n<\/li>\n<li data-start=\"896\" data-end=\"1000\">\n<p data-start=\"898\" data-end=\"1000\"><strong data-start=\"898\" data-end=\"915\">Deux modes sonores<\/strong>: Choisissez entre deux signaux d&#039;alarme diff\u00e9rents (m\u00e9lodie) en fonction de l&#039;application et de vos pr\u00e9f\u00e9rences.<\/p>\n<\/li>\n<li data-start=\"1001\" data-end=\"1109\">\n<p data-start=\"1003\" data-end=\"1109\"><strong data-start=\"1003\" data-end=\"1020\">Contr\u00f4le du volume<\/strong>Volume r\u00e9glable pour adapter le niveau sonore aux besoins de la pi\u00e8ce ou aux exigences de l&#039;utilisateur.<\/p>\n<\/li>\n<li data-start=\"1110\" data-end=\"1236\">\n<p data-start=\"1112\" data-end=\"1236\"><strong data-start=\"1112\" data-end=\"1129\">Protection contre les manipulations<\/strong>Dot\u00e9 d&#039;une double protection, il r\u00e9agit aussi bien aux tentatives d&#039;ouverture du bo\u00eetier qu&#039;au retrait du mur.<\/p>\n<\/li>\n<li data-start=\"1237\" data-end=\"1376\">\n<p data-start=\"1239\" data-end=\"1376\"><strong data-start=\"1239\" data-end=\"1274\">Construction moderne et durable<\/strong>Fabriqu\u00e9 en plastique ABS ignifug\u00e9 et r\u00e9sistant aux chocs, con\u00e7u pour une longue dur\u00e9e de vie et un fonctionnement fiable.<\/p>\n<\/li>\n<li data-start=\"1377\" data-end=\"1505\">\n<p data-start=\"1379\" data-end=\"1505\"><strong data-start=\"1379\" data-end=\"1408\">Compatibilit\u00e9 universelle<\/strong>Facile \u00e0 connecter \u00e0 la plupart des syst\u00e8mes d&#039;alarme conventionnels et adressables prenant en charge le 12 V CC.<\/p>\n<\/li>\n<\/ul>\n<h4 data-start=\"1507\" data-end=\"1543\"><strong data-start=\"1512\" data-end=\"1543\">Utilisations typiques\u00a0:<\/strong><\/h4>\n<ul data-start=\"1545\" data-end=\"1698\">\n<li data-start=\"1545\" data-end=\"1554\">\n<p data-start=\"1547\" data-end=\"1554\">Alarme maison<\/p>\n<\/li>\n<li data-start=\"1555\" data-end=\"1588\">\n<p data-start=\"1557\" data-end=\"1588\">Bureaux et locaux commerciaux<\/p>\n<\/li>\n<li data-start=\"1589\" data-end=\"1616\">\n<p data-start=\"1591\" data-end=\"1616\">Magasins et entrep\u00f4ts<\/p>\n<\/li>\n<li data-start=\"1617\" data-end=\"1668\">\n<p data-start=\"1619\" data-end=\"1668\">\u00c9coles, \u00e9tablissements de sant\u00e9 et b\u00e2timents publics<\/p>\n<\/li>\n<li data-start=\"1669\" data-end=\"1698\">\n<p data-start=\"1671\" data-end=\"1698\">Alarme incendie et alarme panique<\/p>\n<\/li>\n<\/ul>\n<h4 data-start=\"1700\" data-end=\"1731\"><strong data-start=\"1705\" data-end=\"1731\">Sp\u00e9cification technique :<\/strong><\/h4>\n<div class=\"_tableContainer_1rjym_1\">\n<div class=\"group _tableWrapper_1rjym_13 flex w-fit flex-col-reverse\">\n<table class=\"w-fit min-w-(--thread-content-width)\" data-start=\"1733\" data-end=\"2706\">\n<thead data-start=\"1733\" data-end=\"1797\">\n<tr data-start=\"1733\" data-end=\"1797\">\n<th data-start=\"1733\" data-end=\"1764\" data-col-size=\"sm\">Propri\u00e9t\u00e9<\/th>\n<th data-start=\"1764\" data-end=\"1797\" data-col-size=\"sm\">Valeur<\/th>\n<\/tr>\n<\/thead>\n<tbody data-start=\"1862\" data-end=\"2706\">\n<tr data-start=\"1862\" data-end=\"1926\">\n<td data-start=\"1862\" data-end=\"1892\" data-col-size=\"sm\"><strong data-start=\"1864\" data-end=\"1880\">Num\u00e9ro de mod\u00e8le<\/strong><\/td>\n<td data-start=\"1892\" data-end=\"1926\" data-col-size=\"sm\">M19<\/td>\n<\/tr>\n<tr data-start=\"1927\" data-end=\"1991\">\n<td data-start=\"1927\" data-end=\"1957\" data-col-size=\"sm\"><strong data-start=\"1929\" data-end=\"1945\">Type de sir\u00e8ne<\/strong><\/td>\n<td data-start=\"1957\" data-end=\"1991\" data-col-size=\"sm\">Int\u00e9rieur, acoustique<\/td>\n<\/tr>\n<tr data-start=\"1992\" data-end=\"2056\">\n<td data-start=\"1992\" data-end=\"2022\" data-col-size=\"sm\"><strong data-start=\"1994\" data-end=\"2006\">Tension<\/strong><\/td>\n<td data-start=\"2022\" data-end=\"2056\" data-col-size=\"sm\">12 V CC<\/td>\n<\/tr>\n<tr data-start=\"2057\" data-end=\"2121\">\n<td data-start=\"2057\" data-end=\"2087\" data-col-size=\"sm\"><strong data-start=\"2059\" data-end=\"2079\">Consommation d&#039;\u00e9nergie<\/strong><\/td>\n<td data-start=\"2087\" data-end=\"2121\" data-col-size=\"sm\">0,15 A en cas d&#039;alarme<\/td>\n<\/tr>\n<tr data-start=\"2122\" data-end=\"2186\">\n<td data-start=\"2122\" data-end=\"2152\" data-col-size=\"sm\"><strong data-start=\"2124\" data-end=\"2136\">Niveau sonore<\/strong><\/td>\n<td data-start=\"2152\" data-end=\"2186\" data-col-size=\"sm\">115 dB\/m<\/td>\n<\/tr>\n<tr data-start=\"2187\" data-end=\"2251\">\n<td data-start=\"2187\" data-end=\"2217\" data-col-size=\"sm\"><strong data-start=\"2189\" data-end=\"2200\">S\u00e9lection sonore<\/strong><\/td>\n<td data-start=\"2217\" data-end=\"2251\" data-col-size=\"sm\">2 m\u00e9lodies<\/td>\n<\/tr>\n<tr data-start=\"2252\" data-end=\"2316\">\n<td data-start=\"2252\" data-end=\"2282\" data-col-size=\"sm\"><strong data-start=\"2254\" data-end=\"2262\">Peinture<\/strong><\/td>\n<td data-start=\"2282\" data-end=\"2316\" data-col-size=\"sm\">Blanc<\/td>\n<\/tr>\n<tr data-start=\"2317\" data-end=\"2381\">\n<td data-start=\"2317\" data-end=\"2347\" data-col-size=\"sm\"><strong data-start=\"2319\" data-end=\"2336\">Protection contre les manipulations<\/strong><\/td>\n<td data-start=\"2347\" data-end=\"2381\" data-col-size=\"sm\">Oui, double<\/td>\n<\/tr>\n<tr data-start=\"2382\" data-end=\"2446\">\n<td data-start=\"2382\" data-end=\"2412\" data-col-size=\"sm\"><strong data-start=\"2384\" data-end=\"2397\">Lampe de poche<\/strong><\/td>\n<td data-start=\"2412\" data-end=\"2446\" data-col-size=\"sm\">Non<\/td>\n<\/tr>\n<tr data-start=\"2447\" data-end=\"2511\">\n<td data-start=\"2447\" data-end=\"2477\" data-col-size=\"sm\"><strong data-start=\"2449\" data-end=\"2461\">Mat\u00e9riel<\/strong><\/td>\n<td data-start=\"2477\" data-end=\"2511\" data-col-size=\"sm\">Plastique ABS<\/td>\n<\/tr>\n<tr data-start=\"2512\" data-end=\"2576\">\n<td data-start=\"2512\" data-end=\"2542\" data-col-size=\"sm\"><strong data-start=\"2514\" data-end=\"2527\">Montage<\/strong><\/td>\n<td data-start=\"2542\" data-end=\"2576\" data-col-size=\"sm\">fixation murale int\u00e9rieure<\/td>\n<\/tr>\n<tr data-start=\"2577\" data-end=\"2641\">\n<td data-start=\"2577\" data-end=\"2607\" data-col-size=\"sm\"><strong data-start=\"2579\" data-end=\"2598\">Entr\u00e9es de d\u00e9clenchement<\/strong><\/td>\n<td data-start=\"2607\" data-end=\"2641\" data-col-size=\"sm\">2 pi\u00e8ces<\/td>\n<\/tr>\n<tr data-start=\"2642\" data-end=\"2706\">\n<td data-start=\"2642\" data-end=\"2672\" data-col-size=\"sm\"><strong data-start=\"2644\" data-end=\"2653\">Environnement<\/strong><\/td>\n<td data-start=\"2672\" data-end=\"2706\" data-col-size=\"sm\">Usage int\u00e9rieur uniquement<\/td>\n<\/tr>\n<\/tbody>\n<\/table>\n<\/div>\n<\/div>","protected":false},"excerpt":{"rendered":"<p>Sir\u00e8ne d&#039;int\u00e9rieur efficace en plastique ABS blanc avec volume r\u00e9glable et double d\u00e9tection de sabotage.<\/p>\n<p>D\u00e9livre un son d&#039;alarme jusqu&#039;\u00e0 115 dB et prend en charge deux signaux de d\u00e9clenchement.<\/p>\n<p>Id\u00e9al pour les installations d&#039;alarme dans les maisons, les bureaux et les lieux publics.<\/p>\n<p>Aliment\u00e9 par du courant continu de 12 V.<\/p>","protected":false},"featured_media":158821,"template":"","meta":{"_acf_changed":false},"product_brand":[],"product_cat":[1562,5105],"product_tag":[2268],"class_list":{"0":"post-158822","1":"product","2":"type-product","3":"status-publish","4":"has-post-thumbnail","6":"product_cat-larmdon-blixtljus","7":"product_cat-larmsirener","8":"product_tag-larmdon-siren-inomhus","9":"pa_farg-vit","10":"tm-no-options","12":"first","13":"instock","14":"sale","15":"taxable","16":"shipping-taxable","17":"purchasable","18":"product-type-simple"},"acf":[],"_links":{"self":[{"href":"https:\/\/secureus.se\/fr\/wp-json\/wp\/v2\/product\/158822","targetHints":{"allow":["GET"]}}],"collection":[{"href":"https:\/\/secureus.se\/fr\/wp-json\/wp\/v2\/product"}],"about":[{"href":"https:\/\/secureus.se\/fr\/wp-json\/wp\/v2\/types\/product"}],"wp:featuredmedia":[{"embeddable":true,"href":"https:\/\/secureus.se\/fr\/wp-json\/wp\/v2\/media\/158821"}],"wp:attachment":[{"href":"https:\/\/secureus.se\/fr\/wp-json\/wp\/v2\/media?parent=158822"}],"wp:term":[{"taxonomy":"product_brand","embeddable":true,"href":"https:\/\/secureus.se\/fr\/wp-json\/wp\/v2\/product_brand?post=158822"},{"taxonomy":"product_cat","embeddable":true,"href":"https:\/\/secureus.se\/fr\/wp-json\/wp\/v2\/product_cat?post=158822"},{"taxonomy":"product_tag","embeddable":true,"href":"https:\/\/secureus.se\/fr\/wp-json\/wp\/v2\/product_tag?post=158822"}],"curies":[{"name":"wp","href":"https:\/\/api.w.org\/{rel}","templated":true}]}}