{"id":158867,"date":"2025-10-03T12:59:59","date_gmt":"2025-10-03T10:59:59","guid":{"rendered":"https:\/\/secureus.se\/?post_type=product&#038;p=158867"},"modified":"2026-02-02T10:44:33","modified_gmt":"2026-02-02T09:44:33","slug":"risco-lightsys-air-larmpaket-med-knappsats-vit","status":"publish","type":"product","link":"https:\/\/secureus.se\/fr\/risco-lightsys-air-larmpaket-med-knappsats-vit\/","title":{"rendered":"Kit d&#039;alarme anti-incendie RISCO LightSYS avec clavier \u2013 Blanc"},"content":{"rendered":"<h2 data-start=\"602\" data-end=\"656\"><strong data-start=\"602\" data-end=\"654\">Kit d&#039;alarme anti-incendie RISCO LightSYS avec clavier \u2013 Blanc<\/strong><\/h2>\n<p data-start=\"658\" data-end=\"825\">Ce paquet contient <strong data-start=\"681\" data-end=\"710\">Unit\u00e9 centrale de climatisation LightSYS<\/strong> et un <strong data-start=\"718\" data-end=\"759\">Clavier sans fil blanc bidirectionnel avec d\u00e9tection de proximit\u00e9<\/strong>, vous offrant une solution de base compl\u00e8te pour la maison ou l&#039;entreprise.<\/p>\n<p data-start=\"827\" data-end=\"1159\"><strong data-start=\"829\" data-end=\"851\">128 zones sans fil<\/strong> \u2013 pour une adaptation flexible<br data-start=\"877\" data-end=\"880\" \/><strong data-start=\"882\" data-end=\"915\">Modules WiFi et IP int\u00e9gr\u00e9s<\/strong> \u2013 une connexion stable d\u00e8s le d\u00e9part<br data-start=\"947\" data-end=\"950\" \/><strong data-start=\"952\" data-end=\"975\">Certifi\u00e9 de niveau 2<\/strong> \u2013 conforme aux normes de s\u00e9curit\u00e9 europ\u00e9ennes<br data-start=\"1018\" data-end=\"1021\" \/><strong data-start=\"1023\" data-end=\"1088\">Prend en charge jusqu&#039;\u00e0 32 partitions, 3 sir\u00e8nes et 8 claviers.<\/strong><br data-start=\"1088\" data-end=\"1091\" \/><strong data-start=\"1093\" data-end=\"1120\">Commande conviviale<\/strong> \u2013 via le clavier ou l&#039;application iRISCO<\/p>\n<hr data-start=\"1161\" data-end=\"1164\" \/>\n<h3 data-start=\"1166\" data-end=\"1205\">\ud83d\udca1 <strong data-start=\"1173\" data-end=\"1203\">Souhaitez-vous une s\u00e9curit\u00e9 renforc\u00e9e\u00a0?<\/strong><\/h3>\n<p data-start=\"1206\" data-end=\"1339\">Compl\u00e9tez le paquet avec un <strong data-start=\"1233\" data-end=\"1268\">Module 4G pour RISCO LightSYS Air<\/strong>.<br data-start=\"1269\" data-end=\"1272\" \/>Cela vous assure une connexion s\u00e9curis\u00e9e m\u00eame en cas d&#039;interruption de la connexion Internet.<\/p>\n<p data-start=\"1341\" data-end=\"1382\">\ud83d\udc49 <a class=\"decorated-link\" href=\"https:\/\/secureus.se\/fr\/4g-modul-for-risco-lightsys-air\/\" rel=\"noopener\" data-start=\"1344\" data-end=\"1380\">Module 4G pour RISCO LightSYS Air<\/a><\/p>","protected":false},"excerpt":{"rendered":"<p>Syst\u00e8me d&#039;alarme RISCO LightSYS Air complet avec unit\u00e9 centrale et clavier blanc. Connectivit\u00e9 Wi-Fi et IP incluse\u00a0; possibilit\u00e9 d&#039;ajouter un module 4G pour une fiabilit\u00e9 op\u00e9rationnelle maximale.<\/p>","protected":false},"featured_media":158869,"template":"","meta":{"_acf_changed":false},"product_brand":[],"product_cat":[3357,4880],"product_tag":[],"class_list":{"0":"post-158867","1":"product","2":"type-product","3":"status-publish","4":"has-post-thumbnail","6":"product_cat-larmpaket-risco-larm","7":"product_cat-lightsys-air-v6","8":"tm-no-options","10":"first","11":"instock","12":"sale","13":"taxable","14":"shipping-taxable","15":"purchasable","16":"product-type-woosb"},"acf":[],"_links":{"self":[{"href":"https:\/\/secureus.se\/fr\/wp-json\/wp\/v2\/product\/158867","targetHints":{"allow":["GET"]}}],"collection":[{"href":"https:\/\/secureus.se\/fr\/wp-json\/wp\/v2\/product"}],"about":[{"href":"https:\/\/secureus.se\/fr\/wp-json\/wp\/v2\/types\/product"}],"wp:featuredmedia":[{"embeddable":true,"href":"https:\/\/secureus.se\/fr\/wp-json\/wp\/v2\/media\/158869"}],"wp:attachment":[{"href":"https:\/\/secureus.se\/fr\/wp-json\/wp\/v2\/media?parent=158867"}],"wp:term":[{"taxonomy":"product_brand","embeddable":true,"href":"https:\/\/secureus.se\/fr\/wp-json\/wp\/v2\/product_brand?post=158867"},{"taxonomy":"product_cat","embeddable":true,"href":"https:\/\/secureus.se\/fr\/wp-json\/wp\/v2\/product_cat?post=158867"},{"taxonomy":"product_tag","embeddable":true,"href":"https:\/\/secureus.se\/fr\/wp-json\/wp\/v2\/product_tag?post=158867"}],"curies":[{"name":"wp","href":"https:\/\/api.w.org\/{rel}","templated":true}]}}