{"id":159160,"date":"2025-10-14T09:33:22","date_gmt":"2025-10-14T07:33:22","guid":{"rendered":"https:\/\/secureus.se\/ajax-psu-stromforsorjningskort-12v-24v-for-gen-1-hub-hub-plus-rex\/"},"modified":"2026-03-10T11:06:12","modified_gmt":"2026-03-10T10:06:12","slug":"ajax-psu-stromforsorjningskort-12v-24v-for-gen-1-hub-hub-plus-rex","status":"publish","type":"product","link":"https:\/\/secureus.se\/fr\/ajax-psu-stromforsorjningskort-12v-24v-for-gen-1-hub-hub-plus-rex\/","title":{"rendered":"Carte d&#039;alimentation Ajax PSU 12V-24V pour Gen 1 \u2013 Hub, Hub Plus, ReX"},"content":{"rendered":"<p data-start=\"153\" data-end=\"480\">Carte d&#039;alimentation permettant de fonctionner <strong data-start=\"223\" data-end=\"244\">R\u00e9p\u00e9teur Ajax ReX<\/strong> ou les unit\u00e9s centrales <strong data-start=\"270\" data-end=\"288\">Hub \/ Hub Plus<\/strong> avec <strong data-start=\"293\" data-end=\"303\">12 V CC<\/strong> au lieu de 230V.<br data-start=\"322\" data-end=\"325\" \/>Solution id\u00e9ale pour les installations o\u00f9 l&#039;alimentation secteur n&#039;est pas disponible \u2013 par exemple dans <strong data-start=\"411\" data-end=\"435\">bateau, camping-car, caravane<\/strong> ou \u00e0 <strong data-start=\"446\" data-end=\"477\">Syst\u00e8mes de batterie\/UPS externes<\/strong>.<\/p>\n<p data-start=\"482\" data-end=\"609\">La carte se monte facilement dans l&#039;unit\u00e9 ReX\/Hub et est livr\u00e9e avec une prise CC (5,5 \u00d7 2,1 mm) et un bornier \u00e0 vis pour une connexion s\u00e9curis\u00e9e.<\/p>\n<p data-start=\"611\" data-end=\"626\"><strong data-start=\"611\" data-end=\"626\">Propri\u00e9t\u00e9s:<\/strong><\/p>\n<ul data-start=\"627\" data-end=\"833\">\n<li data-start=\"627\" data-end=\"694\">\n<p data-start=\"629\" data-end=\"694\">Permet d&#039;alimenter ReX ou Hub\/Hub Plus via <strong data-start=\"682\" data-end=\"692\">12 V CC<\/strong><\/p>\n<\/li>\n<li data-start=\"695\" data-end=\"753\">\n<p data-start=\"697\" data-end=\"753\">Id\u00e9al pour les installations mobiles ou aliment\u00e9es par batterie<\/p>\n<\/li>\n<li data-start=\"754\" data-end=\"792\">\n<p data-start=\"756\" data-end=\"792\">Installation simple directement dans le r\u00e9p\u00e9teur<\/p>\n<\/li>\n<li data-start=\"793\" data-end=\"833\">\n<p data-start=\"795\" data-end=\"833\">Compatible avec les alimentations externes<\/p>\n<\/li>\n<\/ul>\n<p data-start=\"835\" data-end=\"864\"><strong data-start=\"835\" data-end=\"864\">Sp\u00e9cifications techniques :<\/strong><\/p>\n<ul data-start=\"865\" data-end=\"1070\">\n<li data-start=\"865\" data-end=\"937\">\n<p data-start=\"867\" data-end=\"937\"><strong data-start=\"867\" data-end=\"886\">Compatibilit\u00e9:<\/strong> ReX, Hub, Hub Plus (G\u00e9n\u00e9ration 1)<\/p>\n<\/li>\n<li data-start=\"938\" data-end=\"967\">\n<p data-start=\"940\" data-end=\"967\"><strong data-start=\"940\" data-end=\"956\">Tension dans\u00a0:<\/strong> 8\u201320 V CC<\/p>\n<\/li>\n<li data-start=\"968\" data-end=\"989\">\n<p data-start=\"970\" data-end=\"989\"><strong data-start=\"970\" data-end=\"983\">Puissance en :<\/strong> &lt;1A<\/p>\n<\/li>\n<li data-start=\"990\" data-end=\"1016\">\n<p data-start=\"992\" data-end=\"1016\"><strong data-start=\"992\" data-end=\"1003\">Douille:<\/strong> 6,5 \u00d7 2 mm<\/p>\n<\/li>\n<li data-start=\"1017\" data-end=\"1070\">\n<p data-start=\"1019\" data-end=\"1070\"><strong data-start=\"1019\" data-end=\"1032\">Prise CC :<\/strong> 5,5 \u00d7 2,1 mm avec borne \u00e0 vis (incluse)<\/p>\n<\/li>\n<\/ul>","protected":false},"excerpt":{"rendered":"<p>Carte d&#039;alimentation permettant de fonctionner <strong data-start=\"223\" data-end=\"244\">R\u00e9p\u00e9teur Ajax de premi\u00e8re g\u00e9n\u00e9ration ReX<\/strong> ou les panneaux de commande de premi\u00e8re g\u00e9n\u00e9ration <strong data-start=\"270\" data-end=\"288\">Hub \/ Hub Plus<\/strong> avec <strong data-start=\"293\" data-end=\"303\">12 V CC<\/strong> au lieu de 230V.<\/p>","protected":false},"featured_media":159161,"template":"","meta":{"_acf_changed":false},"product_brand":[],"product_cat":[3171],"product_tag":[],"class_list":{"0":"post-159160","1":"product","2":"type-product","3":"status-publish","4":"has-post-thumbnail","6":"product_cat-psu-stromforsorjning","7":"product_shipping_class-postnord-varubrev","8":"pa_brands-ajax-systems","9":"tm-no-options","11":"first","12":"onbackorder","13":"taxable","14":"shipping-taxable","15":"purchasable","16":"product-type-simple"},"acf":[],"_links":{"self":[{"href":"https:\/\/secureus.se\/fr\/wp-json\/wp\/v2\/product\/159160","targetHints":{"allow":["GET"]}}],"collection":[{"href":"https:\/\/secureus.se\/fr\/wp-json\/wp\/v2\/product"}],"about":[{"href":"https:\/\/secureus.se\/fr\/wp-json\/wp\/v2\/types\/product"}],"wp:featuredmedia":[{"embeddable":true,"href":"https:\/\/secureus.se\/fr\/wp-json\/wp\/v2\/media\/159161"}],"wp:attachment":[{"href":"https:\/\/secureus.se\/fr\/wp-json\/wp\/v2\/media?parent=159160"}],"wp:term":[{"taxonomy":"product_brand","embeddable":true,"href":"https:\/\/secureus.se\/fr\/wp-json\/wp\/v2\/product_brand?post=159160"},{"taxonomy":"product_cat","embeddable":true,"href":"https:\/\/secureus.se\/fr\/wp-json\/wp\/v2\/product_cat?post=159160"},{"taxonomy":"product_tag","embeddable":true,"href":"https:\/\/secureus.se\/fr\/wp-json\/wp\/v2\/product_tag?post=159160"}],"curies":[{"name":"wp","href":"https:\/\/api.w.org\/{rel}","templated":true}]}}