{"id":159281,"date":"2025-10-17T10:09:57","date_gmt":"2025-10-17T08:09:57","guid":{"rendered":"https:\/\/secureus.se\/ajax-doorbell-dorrklocka-med-kamera-svart\/"},"modified":"2026-04-15T17:33:47","modified_gmt":"2026-04-15T15:33:47","slug":"ajax-doorbell-dorrklocka-med-kamera-svart","status":"publish","type":"product","link":"https:\/\/secureus.se\/fr\/ajax-doorbell-dorrklocka-med-kamera-svart\/","title":{"rendered":"Sonnette Ajax \u2013 Sonnette avec cam\u00e9ra \u2013 Noire"},"content":{"rendered":"<p data-start=\"959\" data-end=\"1251\"><strong data-start=\"959\" data-end=\"976\">Sonnette Ajax<\/strong> vous offre une s\u00e9curit\u00e9 professionnelle d\u00e8s votre porte d&#039;entr\u00e9e. Lorsqu&#039;une personne s&#039;approche, le capteur PIR et la cam\u00e9ra aliment\u00e9e par l&#039;IA sont activ\u00e9s. Vous obtenez <strong data-start=\"1109\" data-end=\"1133\">notification push instantan\u00e9e<\/strong> dans l&#039;application Ajax, regardez la vid\u00e9o en direct via la technologie JetSparrow en quelques secondes et parlez en temps r\u00e9el avec un son cristallin.<\/p>\n<p data-start=\"1253\" data-end=\"1562\">En cas de panne du Wi-Fi, DoorBell bascule de mani\u00e8re transparente vers le hub Ajax avec <strong data-start=\"1327\" data-end=\"1351\">Le protocole du bijoutier<\/strong> et envoie des \u00e9v\u00e9nements ou des photos via <strong data-start=\"1390\" data-end=\"1399\">Ailes<\/strong> \u2013 tout comme les autres d\u00e9tecteurs Ajax. Merci pour votre soutien <strong data-start=\"1455\" data-end=\"1490\">Ajax Cloud NVR (prochainement disponible)<\/strong> vous pourrez bient\u00f4t stocker et lire des enregistrements sans aucun mat\u00e9riel suppl\u00e9mentaire.<\/p>\n<hr data-start=\"1564\" data-end=\"1567\" \/>\n<h2 data-start=\"1569\" data-end=\"1597\"><strong data-start=\"1572\" data-end=\"1597\">Caract\u00e9ristiques et avantages<\/strong><\/h2>\n<div class=\"_tableContainer_16hzy_1\">\n<div class=\"_tableWrapper_16hzy_14 group flex w-fit flex-col-reverse\">\n<table class=\"w-fit min-w-(--thread-content-width)\" data-start=\"1599\" data-end=\"2487\">\n<thead data-start=\"1599\" data-end=\"1628\">\n<tr data-start=\"1599\" data-end=\"1628\">\n<th data-start=\"1599\" data-end=\"1614\" data-col-size=\"sm\"><strong data-start=\"1601\" data-end=\"1613\">Cat\u00e9gorie<\/strong><\/th>\n<th data-start=\"1614\" data-end=\"1628\" data-col-size=\"md\"><strong data-start=\"1616\" data-end=\"1626\">D\u00e9tail<\/strong><\/th>\n<\/tr>\n<\/thead>\n<tbody data-start=\"1658\" data-end=\"2487\">\n<tr data-start=\"1658\" data-end=\"1737\">\n<td data-start=\"1658\" data-end=\"1671\" data-col-size=\"sm\"><strong data-start=\"1660\" data-end=\"1670\">Cam\u00e9ra<\/strong><\/td>\n<td data-col-size=\"md\" data-start=\"1671\" data-end=\"1737\">4MP, 2K (2560 \u00d7 1440), <strong data-start=\"1698\" data-end=\"1713\">Codec H.264<\/strong>, HDR, grand angle 155\u00b0<\/td>\n<\/tr>\n<tr data-start=\"1738\" data-end=\"1805\">\n<td data-start=\"1738\" data-end=\"1756\" data-col-size=\"sm\"><strong data-start=\"1740\" data-end=\"1755\">Mode nuit IR<\/strong><\/td>\n<td data-start=\"1756\" data-end=\"1805\" data-col-size=\"md\">Smart IR jusqu&#039;\u00e0 6 m \u2013 intensit\u00e9 automatique<\/td>\n<\/tr>\n<tr data-start=\"1806\" data-end=\"1884\">\n<td data-start=\"1806\" data-end=\"1822\" data-col-size=\"sm\"><strong data-start=\"1808\" data-end=\"1821\">analyse de l&#039;IA<\/strong><\/td>\n<td data-start=\"1822\" data-end=\"1884\" data-col-size=\"md\">Reconna\u00eet <strong data-start=\"1835\" data-end=\"1864\">personnes \/ animaux \/ v\u00e9hicules<\/strong>, les zones peuvent \u00eatre masqu\u00e9es<\/td>\n<\/tr>\n<tr data-start=\"1885\" data-end=\"1960\">\n<td data-start=\"1885\" data-end=\"1902\" data-col-size=\"sm\"><strong data-start=\"1887\" data-end=\"1901\">capteur PIR<\/strong><\/td>\n<td data-start=\"1902\" data-end=\"1960\" data-col-size=\"md\">Port\u00e9e \u2264 4 m, 120\u00b0 H \/ 100\u00b0 V, 3 niveaux de sensibilit\u00e9<\/td>\n<\/tr>\n<tr data-start=\"1961\" data-end=\"2026\">\n<td data-start=\"1961\" data-end=\"1972\" data-col-size=\"sm\"><strong data-start=\"1963\" data-end=\"1971\">Son<\/strong><\/td>\n<td data-start=\"1972\" data-end=\"2026\" data-col-size=\"md\">2 voies, suppression du bruit et de l&#039;\u00e9cho, alarme 70 dB \u00e0 10 cm<\/td>\n<\/tr>\n<tr data-start=\"2027\" data-end=\"2150\">\n<td data-start=\"2027\" data-end=\"2047\" data-col-size=\"sm\"><strong data-start=\"2029\" data-end=\"2046\">Communication<\/strong><\/td>\n<td data-start=\"2047\" data-end=\"2150\" data-col-size=\"md\">Wi-Fi 802.11 b\/g\/n 2,4 GHz (\u2264 2 Mbit\/s)<br \/>\nRadio bijoutier \u2264 1 700 m<br \/>\nAiles pour le transfert d&#039;images<\/td>\n<\/tr>\n<tr data-start=\"2151\" data-end=\"2231\">\n<td data-start=\"2151\" data-end=\"2166\" data-col-size=\"sm\"><strong data-start=\"2153\" data-end=\"2165\">S\u00e9curit\u00e9<\/strong><\/td>\n<td data-start=\"2166\" data-end=\"2231\" data-col-size=\"md\">Cryptage mTLS, d\u00e9marrage s\u00e9curis\u00e9, bouton d&#039;alt\u00e9ration, saut de fr\u00e9quence<\/td>\n<\/tr>\n<tr data-start=\"2232\" data-end=\"2313\">\n<td data-start=\"2232\" data-end=\"2244\" data-col-size=\"sm\"><strong data-start=\"2234\" data-end=\"2243\">Actuel<\/strong><\/td>\n<td data-start=\"2244\" data-end=\"2313\" data-col-size=\"md\">12\u201324 V CC \/ 16\u201324 V CA, <strong data-start=\"2271\" data-end=\"2281\">\u2264 10 W<\/strong>Batterie de secours Li-ion 600 mAh<\/td>\n<\/tr>\n<tr data-start=\"2314\" data-end=\"2364\">\n<td data-start=\"2314\" data-end=\"2331\" data-col-size=\"sm\"><strong data-start=\"2316\" data-end=\"2330\">Environnement d&#039;exploitation<\/strong><\/td>\n<td data-start=\"2331\" data-end=\"2364\" data-col-size=\"md\">\u201325 \u2026 +60 \u00b0C, \u2264 90 % HR, IP54<\/td>\n<\/tr>\n<tr data-start=\"2365\" data-end=\"2410\">\n<td data-start=\"2365\" data-end=\"2383\" data-col-size=\"sm\"><strong data-start=\"2367\" data-end=\"2382\">Dimensions \/ Poids<\/strong><\/td>\n<td data-start=\"2383\" data-end=\"2410\" data-col-size=\"md\">145 \u00d7 47 \u00d7 34 mm, 163 g<\/td>\n<\/tr>\n<tr data-start=\"2411\" data-end=\"2487\">\n<td data-start=\"2411\" data-end=\"2427\" data-col-size=\"sm\"><strong data-start=\"2413\" data-end=\"2426\">Montage<\/strong><\/td>\n<td data-start=\"2427\" data-end=\"2487\" data-col-size=\"md\">SmartBracket avec vis de fixation, hauteur recommand\u00e9e 1,2\u20131,5 m<\/td>\n<\/tr>\n<\/tbody>\n<\/table>\n<div class=\"sticky end-(--thread-content-margin) h-0 self-end select-none\">\n<div class=\"absolute end-0 flex items-end\"><\/div>\n<\/div>\n<\/div>\n<\/div>\n<hr data-start=\"2489\" data-end=\"2492\" \/>\n<h2 data-start=\"585\" data-end=\"635\"><strong data-start=\"602\" data-end=\"635\">Installation et d\u00e9marrage faciles<\/strong><\/h2>\n<ul data-start=\"637\" data-end=\"940\">\n<li data-start=\"637\" data-end=\"717\">\n<p data-start=\"639\" data-end=\"717\"><strong data-start=\"639\" data-end=\"661\">Appairage via QR code<\/strong> \u2013 scannez dans l\u2019application Ajax pour une connexion directe au hub.<\/p>\n<\/li>\n<li data-start=\"718\" data-end=\"794\">\n<p data-start=\"720\" data-end=\"794\"><strong data-start=\"720\" data-end=\"742\">T\u00e9l\u00e9commande compl\u00e8te<\/strong> \u2013 configurez les zones, les filtres IA et les notifications dans l&#039;application.<\/p>\n<\/li>\n<li data-start=\"795\" data-end=\"863\">\n<p data-start=\"797\" data-end=\"863\"><strong data-start=\"797\" data-end=\"819\">Panneau SmartBracket<\/strong> \u2013 fixer la sonnette sans ouvrir le bo\u00eetier.<\/p>\n<\/li>\n<li data-start=\"864\" data-end=\"940\">\n<p data-start=\"866\" data-end=\"940\"><strong data-start=\"866\" data-end=\"884\">Contournement de BellKit<\/strong> \u2013 permet \u00e0 DoorBell d\u2019\u00eatre connect\u00e9 \u00e0 votre sonnette filaire existante.<\/p>\n<\/li>\n<\/ul>\n<hr data-start=\"2912\" data-end=\"2915\" \/>\n<h2 data-start=\"126\" data-end=\"165\"><strong data-start=\"143\" data-end=\"165\">Le paquet contient<\/strong><\/h2>\n<div class=\"_tableContainer_16hzy_1\">\n<div class=\"_tableWrapper_16hzy_14 group flex w-fit flex-col-reverse\">\n<table class=\"w-fit min-w-(--thread-content-width)\" data-start=\"167\" data-end=\"470\">\n<thead data-start=\"167\" data-end=\"186\">\n<tr data-start=\"167\" data-end=\"186\">\n<th data-start=\"167\" data-end=\"171\" data-col-size=\"md\">#<\/th>\n<th data-start=\"171\" data-end=\"177\" data-col-size=\"sm\">Partie<\/th>\n<th data-start=\"177\" data-end=\"186\" data-col-size=\"sm\">Nombre<\/th>\n<\/tr>\n<\/thead>\n<tbody data-start=\"207\" data-end=\"470\">\n<tr data-start=\"207\" data-end=\"235\">\n<td data-start=\"207\" data-end=\"230\" data-col-size=\"md\">1 <strong data-start=\"211\" data-end=\"229\">Dispositif de sonnette<\/strong><\/td>\n<td data-start=\"230\" data-end=\"235\" data-col-size=\"sm\">1<\/td>\n<td data-col-size=\"sm\"><\/td>\n<\/tr>\n<tr data-start=\"236\" data-end=\"278\">\n<td data-start=\"236\" data-end=\"273\" data-col-size=\"md\">\u2461 <strong data-start=\"240\" data-end=\"256\">Support intelligent<\/strong> panneau de montage<\/td>\n<td data-start=\"273\" data-end=\"278\" data-col-size=\"sm\">1<\/td>\n<td data-col-size=\"sm\"><\/td>\n<\/tr>\n<tr data-start=\"279\" data-end=\"317\">\n<td data-start=\"279\" data-end=\"312\" data-col-size=\"md\">\u2462 <strong data-start=\"283\" data-end=\"300\">Support de coin<\/strong> (5\u00b0 + 15\u00b0)<\/td>\n<td data-start=\"312\" data-end=\"317\" data-col-size=\"sm\">2<\/td>\n<td data-col-size=\"sm\"><\/td>\n<\/tr>\n<tr data-start=\"318\" data-end=\"380\">\n<td data-start=\"318\" data-end=\"375\" data-col-size=\"md\">\u2463 <strong data-start=\"322\" data-end=\"340\">Contournement de BellKit<\/strong> (se connecter \u00e0 la sonnerie existante)<\/td>\n<td data-start=\"375\" data-end=\"380\" data-col-size=\"sm\">1<\/td>\n<td data-col-size=\"sm\"><\/td>\n<\/tr>\n<tr data-start=\"381\" data-end=\"427\">\n<td data-start=\"381\" data-end=\"422\" data-col-size=\"md\">5 <strong data-start=\"385\" data-end=\"405\">Kit d&#039;installation<\/strong> (vis et cheville)<\/td>\n<td data-start=\"422\" data-end=\"427\" data-col-size=\"sm\">1<\/td>\n<td data-col-size=\"sm\"><\/td>\n<\/tr>\n<tr data-start=\"428\" data-end=\"470\">\n<td data-start=\"428\" data-end=\"465\" data-col-size=\"md\">6 <strong data-start=\"432\" data-end=\"453\">Guide de d\u00e9marrage rapide<\/strong><\/td>\n<td data-start=\"465\" data-end=\"470\" data-col-size=\"sm\">1<\/td>\n<td data-col-size=\"sm\"><\/td>\n<\/tr>\n<\/tbody>\n<\/table>\n<div class=\"sticky end-(--thread-content-margin) h-0 self-end select-none\">\n<div class=\"absolute end-0 flex items-end\"><em data-start=\"474\" data-end=\"578\"><br \/>\nAucun c\u00e2ble d&#039;alimentation s\u00e9par\u00e9 n&#039;est inclus - l&#039;appareil se connecte au secteur existant 12-24 V CC ou 16-24 V CA.<\/em><\/div>\n<\/div>\n<\/div>\n<\/div>\n<div class=\"_tableContainer_16hzy_1\"><\/div>\n<div class=\"_tableContainer_16hzy_1\"><\/div>","protected":false},"excerpt":{"rendered":"<p data-start=\"113\" data-end=\"195\">\ud83d\udcf8 <strong data-start=\"116\" data-end=\"154\">Appareil photo 4 MP (2K), champ de vision 155\u00b0 + HDR<\/strong> \u2013 d\u00e9tails clairs m\u00eame en cas de fort contre-jour<\/p>\n<p data-start=\"113\" data-end=\"195\">\ud83c\udf19 <strong data-start=\"201\" data-end=\"235\">Mode nuit IR intelligent jusqu&#039;\u00e0 6 m<\/strong> \u2013 r\u00e9glage automatique de l\u2019\u00e9clairage, pas de visages surexpos\u00e9s<\/p>\n<p data-start=\"299\" data-end=\"380\">\ud83e\udde0 <strong data-start=\"302\" data-end=\"326\">Reconnaissance IA + PIR<\/strong> \u2013 distingue les personnes, les animaux et les v\u00e9hicules, moins de fausses alarmes<\/p>\n<p data-start=\"383\" data-end=\"444\">\ud83d\udd0a <strong data-start=\"386\" data-end=\"401\">audio bidirectionnel<\/strong> \u2013 suppression du bruit et de l\u2019\u00e9cho pour des conversations claires<\/p>\n<p data-start=\"447\" data-end=\"533\">\ud83d\udce1 <strong data-start=\"450\" data-end=\"474\">Double communication<\/strong> \u2013 Wi-Fi 2,4 GHz <strong data-start=\"491\" data-end=\"520\">+ Radio bijoutier (1,7 km)<\/strong> en tant que sauvegarde<\/p>\n<p data-start=\"536\" data-end=\"609\">\ud83c\udfa6 <strong data-start=\"539\" data-end=\"564\">Streaming JetSparrow\u2122<\/strong> \u2013 vid\u00e9o en direct dans l\u2019application Ajax sans d\u00e9lai<\/p>\n<p data-start=\"612\" data-end=\"692\">\ud83d\udee1\ufe0f <strong data-start=\"616\" data-end=\"651\">Cryptage mTLS et alarme anti-sabotage<\/strong> \u2013 la plus haute protection des donn\u00e9es et s\u00e9curit\u00e9 physique<\/p>\n<p data-start=\"695\" data-end=\"777\">\ud83d\udd0b <strong data-start=\"698\" data-end=\"740\">Adaptateur secteur + batterie de rechange 600 mAh<\/strong> \u2013 continue m\u00eame en cas de panne de courant<\/p>\n<p data-start=\"780\" data-end=\"837\">\u2614 <strong data-start=\"782\" data-end=\"804\">IP54, \u201325 \u2026 +60 \u00b0C<\/strong> \u2013 con\u00e7u pour le climat ext\u00e9rieur nordique<\/p>\n<p data-start=\"840\" data-end=\"925\">\ud83d\ude80 <strong data-start=\"843\" data-end=\"879\">Pr\u00eat pour le prochain Ajax Cloud NVR<\/strong> \u2013 stockage et lecture \u00e0 distance \u00e0 l\u2019\u00e9preuve du temps<\/p>","protected":false},"featured_media":159280,"template":"","meta":{"_acf_changed":false},"product_brand":[],"product_cat":[4011,3156,3157],"product_tag":[4863],"class_list":{"0":"post-159281","1":"product","2":"type-product","3":"status-publish","4":"has-post-thumbnail","6":"product_cat-ajax-kameror","7":"product_cat-rorelse-och-kamera","8":"product_cat-utomhussakerhet","9":"product_tag-pf","10":"pa_brands-ajax-systems","11":"pa_farg-svart","12":"tm-no-options","14":"first","15":"instock","16":"sale","17":"taxable","18":"shipping-taxable","19":"purchasable","20":"product-type-simple"},"acf":[],"_links":{"self":[{"href":"https:\/\/secureus.se\/fr\/wp-json\/wp\/v2\/product\/159281","targetHints":{"allow":["GET"]}}],"collection":[{"href":"https:\/\/secureus.se\/fr\/wp-json\/wp\/v2\/product"}],"about":[{"href":"https:\/\/secureus.se\/fr\/wp-json\/wp\/v2\/types\/product"}],"wp:featuredmedia":[{"embeddable":true,"href":"https:\/\/secureus.se\/fr\/wp-json\/wp\/v2\/media\/159280"}],"wp:attachment":[{"href":"https:\/\/secureus.se\/fr\/wp-json\/wp\/v2\/media?parent=159281"}],"wp:term":[{"taxonomy":"product_brand","embeddable":true,"href":"https:\/\/secureus.se\/fr\/wp-json\/wp\/v2\/product_brand?post=159281"},{"taxonomy":"product_cat","embeddable":true,"href":"https:\/\/secureus.se\/fr\/wp-json\/wp\/v2\/product_cat?post=159281"},{"taxonomy":"product_tag","embeddable":true,"href":"https:\/\/secureus.se\/fr\/wp-json\/wp\/v2\/product_tag?post=159281"}],"curies":[{"name":"wp","href":"https:\/\/api.w.org\/{rel}","templated":true}]}}