{"id":159378,"date":"2025-10-21T15:30:57","date_gmt":"2025-10-21T13:30:57","guid":{"rendered":"https:\/\/secureus.se\/16-portars-poe-switch-med-2-gigabit-uplink-sfp-fs1018ps1\/"},"modified":"2026-04-20T09:12:20","modified_gmt":"2026-04-20T07:12:20","slug":"16-portars-poe-switch-med-2-gigabit-uplink-sfp-fs1018ps1","status":"publish","type":"product","link":"https:\/\/secureus.se\/fr\/16-portars-poe-switch-med-2-gigabit-uplink-sfp-fs1018ps1\/","title":{"rendered":"Switch PoE+ 16 ports 180 W avec 2 liaisons montantes Gigabit et SFP - FS1018PS1"},"content":{"rendered":"<p data-start=\"466\" data-end=\"761\"><strong data-start=\"466\" data-end=\"479\">FS1018PS1<\/strong> est un commutateur PoE+ stable et performant pour les r\u00e9seaux professionnels.<br data-start=\"551\" data-end=\"554\" \/>Il fournit l&#039;alimentation et les donn\u00e9es via un c\u00e2ble r\u00e9seau (PoE), ce qui rend l&#039;installation rapide, facile et \u00e9conomique \u2014 id\u00e9al pour les cam\u00e9ras IP, les points d&#039;acc\u00e8s, les contr\u00f4leurs de porte ou autres \u00e9quipements bas\u00e9s sur PoE.<\/p>\n<p data-start=\"763\" data-end=\"977\">L&#039;interrupteur a <strong data-start=\"776\" data-end=\"803\">16 ports PoE (10\/100M)<\/strong> et <strong data-start=\"809\" data-end=\"836\">2 ports de liaison montante gigabit<\/strong> et <strong data-start=\"841\" data-end=\"863\">Emplacement SFP 1 gigabit<\/strong> pour la connexion fibre.<br data-start=\"884\" data-end=\"887\" \/>Avec <strong data-start=\"891\" data-end=\"904\">Mode VLAN<\/strong> et <strong data-start=\"909\" data-end=\"932\">mode \u00e9tendu 250 m<\/strong> Vous b\u00e9n\u00e9ficiez d&#039;un fonctionnement stable m\u00eame \u00e0 grande distance.<\/p>\n<hr data-start=\"979\" data-end=\"982\" \/>\n<h3 data-start=\"984\" data-end=\"1002\"><strong data-start=\"988\" data-end=\"1002\">Caract\u00e9ristiques<\/strong><\/h3>\n<ul data-start=\"1004\" data-end=\"1466\">\n<li data-start=\"1004\" data-end=\"1032\">\n<p data-start=\"1006\" data-end=\"1032\">16 ports PoE+ 10\/100M<\/p>\n<\/li>\n<li data-start=\"1033\" data-end=\"1071\">\n<p data-start=\"1035\" data-end=\"1071\">2 ports de liaison montante Gigabit Ethernet<\/p>\n<\/li>\n<li data-start=\"1072\" data-end=\"1096\">\n<p data-start=\"1074\" data-end=\"1096\">1 emplacement SFP Gigabit<\/p>\n<\/li>\n<li data-start=\"1097\" data-end=\"1140\">\n<p data-start=\"1099\" data-end=\"1140\">Norme PoE\u00a0: IEEE802.3af \/ IEEE802.3at<\/p>\n<\/li>\n<li data-start=\"1141\" data-end=\"1190\">\n<p data-start=\"1143\" data-end=\"1190\">Jusqu&#039;\u00e0 30 W par port, budget PoE total de 180 W<\/p>\n<\/li>\n<li data-start=\"1191\" data-end=\"1251\">\n<p data-start=\"1193\" data-end=\"1251\">Mode VLAN, mode \u00e9tendu (jusqu&#039;\u00e0 250 m) et mode par d\u00e9faut<\/p>\n<\/li>\n<li data-start=\"1252\" data-end=\"1294\">\n<p data-start=\"1254\" data-end=\"1294\">Contr\u00f4le de flux IEEE 802.3x en duplex int\u00e9gral<\/p>\n<\/li>\n<li data-start=\"1295\" data-end=\"1340\">\n<p data-start=\"1297\" data-end=\"1340\">Auto MDI\/MDIX (correspondance automatique des ports)<\/p>\n<\/li>\n<li data-start=\"1341\" data-end=\"1375\">\n<p data-start=\"1343\" data-end=\"1375\">Ch\u00e2ssis m\u00e9tallique montable en rack 1U<\/p>\n<\/li>\n<li data-start=\"1376\" data-end=\"1440\">\n<p data-start=\"1378\" data-end=\"1440\">Voyants LED indiquant l&#039;alimentation, l&#039;\u00e9tat PoE, les donn\u00e9es et l&#039;activit\u00e9 de la liaison.<\/p>\n<\/li>\n<li data-start=\"1441\" data-end=\"1466\">\n<p data-start=\"1443\" data-end=\"1466\">Conception silencieuse et sans ventilateur<\/p>\n<\/li>\n<\/ul>\n<hr data-start=\"1468\" data-end=\"1471\" \/>\n<h3 data-start=\"1473\" data-end=\"1505\"><strong data-start=\"1477\" data-end=\"1505\">Sp\u00e9cifications techniques<\/strong><\/h3>\n<div class=\"_tableContainer_1rjym_1\">\n<div class=\"group _tableWrapper_1rjym_13 flex w-fit flex-col-reverse\">\n<table class=\"w-fit min-w-(--thread-content-width)\" data-start=\"1507\" data-end=\"2443\">\n<thead data-start=\"1507\" data-end=\"1544\">\n<tr data-start=\"1507\" data-end=\"1544\">\n<th data-start=\"1507\" data-end=\"1523\" data-col-size=\"sm\"><strong data-start=\"1509\" data-end=\"1522\">Param\u00e8tre<\/strong><\/th>\n<th data-start=\"1523\" data-end=\"1544\" data-col-size=\"md\"><strong data-start=\"1525\" data-end=\"1542\">Sp\u00e9cification<\/strong><\/th>\n<\/tr>\n<\/thead>\n<tbody data-start=\"1584\" data-end=\"2443\">\n<tr data-start=\"1584\" data-end=\"1610\">\n<td data-start=\"1584\" data-end=\"1597\" data-col-size=\"sm\"><strong data-start=\"1586\" data-end=\"1596\">Mod\u00e8le<\/strong><\/td>\n<td data-start=\"1597\" data-end=\"1610\" data-col-size=\"md\">FS1018PS1<\/td>\n<\/tr>\n<tr data-start=\"1611\" data-end=\"1673\">\n<td data-start=\"1611\" data-end=\"1624\" data-col-size=\"sm\"><strong data-start=\"1613\" data-end=\"1623\">Ports<\/strong><\/td>\n<td data-start=\"1624\" data-end=\"1673\" data-col-size=\"md\">16 ports PoE 10\/100 Mbit\/s, 2 liaisons montantes Gigabit, 1 port SFP<\/td>\n<\/tr>\n<tr data-start=\"1674\" data-end=\"1722\">\n<td data-start=\"1674\" data-end=\"1693\" data-col-size=\"sm\"><strong data-start=\"1676\" data-end=\"1692\">Norme PoE<\/strong><\/td>\n<td data-start=\"1693\" data-end=\"1722\" data-col-size=\"md\">IEEE 802.3af \/ IEEE 802.3at<\/td>\n<\/tr>\n<tr data-start=\"1723\" data-end=\"1774\">\n<td data-start=\"1723\" data-end=\"1749\" data-col-size=\"sm\"><strong data-start=\"1725\" data-end=\"1748\">Puissance maximale par port<\/strong><\/td>\n<td data-start=\"1749\" data-end=\"1774\" data-col-size=\"md\">15,4 W (\u00e9teint) \/ 30 W (allum\u00e9)<\/td>\n<\/tr>\n<tr data-start=\"1775\" data-end=\"1806\">\n<td data-start=\"1775\" data-end=\"1798\" data-col-size=\"sm\"><strong data-start=\"1777\" data-end=\"1797\">Budget total PoE<\/strong><\/td>\n<td data-start=\"1798\" data-end=\"1806\" data-col-size=\"md\">180 W<\/td>\n<\/tr>\n<tr data-start=\"1807\" data-end=\"1841\">\n<td data-start=\"1807\" data-end=\"1828\" data-col-size=\"sm\"><strong data-start=\"1809\" data-end=\"1827\">tension de sortie PoE<\/strong><\/td>\n<td data-start=\"1828\" data-end=\"1841\" data-col-size=\"md\">48\u201355 V CC<\/td>\n<\/tr>\n<tr data-start=\"1842\" data-end=\"1888\">\n<td data-start=\"1842\" data-end=\"1865\" data-col-size=\"sm\"><strong data-start=\"1844\" data-end=\"1864\">Alimentation<\/strong><\/td>\n<td data-start=\"1865\" data-end=\"1888\" data-col-size=\"md\">CA 100\u2013240 V 50\/60 Hz<\/td>\n<\/tr>\n<tr data-start=\"1889\" data-end=\"1922\">\n<td data-start=\"1889\" data-end=\"1909\" data-col-size=\"sm\"><strong data-start=\"1891\" data-end=\"1908\">Puissance de sortie<\/strong><\/td>\n<td data-start=\"1909\" data-end=\"1922\" data-col-size=\"md\">52 V 3,85 A<\/td>\n<\/tr>\n<tr data-start=\"1923\" data-end=\"1992\">\n<td data-start=\"1923\" data-end=\"1943\" data-col-size=\"sm\"><strong data-start=\"1925\" data-end=\"1942\">d\u00e9bit de donn\u00e9es<\/strong><\/td>\n<td data-start=\"1943\" data-end=\"1992\" data-col-size=\"md\">10\/100 Mbps (ports PoE), 1 Gbps (liaison montante\/SFP)<\/td>\n<\/tr>\n<tr data-start=\"1993\" data-end=\"2037\">\n<td data-start=\"1993\" data-end=\"2016\" data-col-size=\"sm\"><strong data-start=\"1995\" data-end=\"2015\">M\u00e9thode de transfert<\/strong><\/td>\n<td data-start=\"2016\" data-end=\"2037\" data-col-size=\"md\">Stockage et transfert<\/td>\n<\/tr>\n<tr data-start=\"2038\" data-end=\"2078\">\n<td data-start=\"2038\" data-end=\"2066\" data-col-size=\"sm\"><strong data-start=\"2040\" data-end=\"2065\">Bande passante (fond de panier)<\/strong><\/td>\n<td data-start=\"2066\" data-end=\"2078\" data-col-size=\"md\">9,2 Gbit\/s<\/td>\n<\/tr>\n<tr data-start=\"2079\" data-end=\"2108\">\n<td data-start=\"2079\" data-end=\"2098\" data-col-size=\"sm\"><strong data-start=\"2081\" data-end=\"2097\">Tampon de paquets<\/strong><\/td>\n<td data-start=\"2098\" data-end=\"2108\" data-col-size=\"md\">3 Mbit<\/td>\n<\/tr>\n<tr data-start=\"2109\" data-end=\"2132\">\n<td data-start=\"2109\" data-end=\"2126\" data-col-size=\"sm\"><strong data-start=\"2111\" data-end=\"2125\">Table MAC<\/strong><\/td>\n<td data-start=\"2126\" data-end=\"2132\" data-col-size=\"md\">2K<\/td>\n<\/tr>\n<tr data-start=\"2133\" data-end=\"2178\">\n<td data-start=\"2133\" data-end=\"2165\" data-col-size=\"sm\"><strong data-start=\"2135\" data-end=\"2164\">D\u00e9bit de transfert de paquets<\/strong><\/td>\n<td data-start=\"2165\" data-end=\"2178\" data-col-size=\"md\">6,84 Mpps<\/td>\n<\/tr>\n<tr data-start=\"2179\" data-end=\"2221\">\n<td data-start=\"2179\" data-end=\"2204\" data-col-size=\"sm\"><strong data-start=\"2181\" data-end=\"2203\">Temp\u00e9rature (fonctionnement)<\/strong><\/td>\n<td data-start=\"2204\" data-end=\"2221\" data-col-size=\"md\">-20\u00b0C ~ +50\u00b0C<\/td>\n<\/tr>\n<tr data-start=\"2222\" data-end=\"2279\">\n<td data-start=\"2222\" data-end=\"2250\" data-col-size=\"sm\"><strong data-start=\"2224\" data-end=\"2249\">Humidit\u00e9 (fonctionnement)<\/strong><\/td>\n<td data-start=\"2250\" data-end=\"2279\" data-col-size=\"md\">\u2264 90%, sans condensation<\/td>\n<\/tr>\n<tr data-start=\"2280\" data-end=\"2327\">\n<td data-start=\"2280\" data-end=\"2306\" data-col-size=\"sm\"><strong data-start=\"2282\" data-end=\"2305\">Dimensions (L\u00d7l\u00d7H)<\/strong><\/td>\n<td data-start=\"2306\" data-end=\"2327\" data-col-size=\"md\">320 \u00d7 207 \u00d7 45 mm<\/td>\n<\/tr>\n<tr data-start=\"2328\" data-end=\"2376\">\n<td data-start=\"2328\" data-end=\"2339\" data-col-size=\"sm\"><strong data-start=\"2330\" data-end=\"2338\">Poids<\/strong><\/td>\n<td data-start=\"2339\" data-end=\"2376\" data-col-size=\"md\">1,61 kg (net), 2,14 kg (brut)<\/td>\n<\/tr>\n<tr data-start=\"2377\" data-end=\"2413\">\n<td data-start=\"2377\" data-end=\"2393\" data-col-size=\"sm\"><strong data-start=\"2379\" data-end=\"2392\">Montage<\/strong><\/td>\n<td data-start=\"2393\" data-end=\"2413\" data-col-size=\"md\">Montage en rack 1U<\/td>\n<\/tr>\n<tr data-start=\"2414\" data-end=\"2443\">\n<td data-start=\"2414\" data-end=\"2425\" data-col-size=\"sm\"><strong data-start=\"2416\" data-end=\"2424\">MTBF<\/strong><\/td>\n<td data-start=\"2425\" data-end=\"2443\" data-col-size=\"md\">100 000 heures<\/td>\n<\/tr>\n<\/tbody>\n<\/table>\n<\/div>\n<\/div>\n<hr data-start=\"2445\" data-end=\"2448\" \/>\n<h3 data-start=\"2450\" data-end=\"2469\"><strong data-start=\"2454\" data-end=\"2469\">Modes de fonctionnement<\/strong><\/h3>\n<ul data-start=\"2471\" data-end=\"2701\">\n<li data-start=\"2471\" data-end=\"2529\">\n<p data-start=\"2473\" data-end=\"2529\"><strong data-start=\"2473\" data-end=\"2485\">D\u00e9faut:<\/strong> Tous les ports communiquent librement (10\/100M).<\/p>\n<\/li>\n<li data-start=\"2530\" data-end=\"2637\">\n<p data-start=\"2532\" data-end=\"2637\"><strong data-start=\"2532\" data-end=\"2541\">VLAN\u00a0:<\/strong> Les ports 1 \u00e0 16 sont isol\u00e9s les uns des autres, la connexion se fait uniquement via les ports de liaison montante (surveillance PoE active).<\/p>\n<\/li>\n<li data-start=\"2638\" data-end=\"2701\">\n<p data-start=\"2640\" data-end=\"2701\"><strong data-start=\"2640\" data-end=\"2651\">\u00c9tendre:<\/strong> Port\u00e9e jusqu&#039;\u00e0 250 m sur les ports 1 \u00e0 16 (10 Mbps).<\/p>\n<\/li>\n<\/ul>\n<hr data-start=\"2703\" data-end=\"2706\" \/>\n<h3 data-start=\"2708\" data-end=\"2740\"><strong data-start=\"2712\" data-end=\"2740\">Le paquet contient<\/strong><\/h3>\n<ul data-start=\"2742\" data-end=\"2862\">\n<li data-start=\"2742\" data-end=\"2771\">\n<p data-start=\"2744\" data-end=\"2771\">1 \u00d7 Commutateur PoE+ FS1018PS1<\/p>\n<\/li>\n<li data-start=\"2772\" data-end=\"2788\">\n<p data-start=\"2774\" data-end=\"2788\">1 \u00d7 C\u00e2ble d&#039;alimentation<\/p>\n<\/li>\n<li data-start=\"2789\" data-end=\"2819\">\n<p data-start=\"2791\" data-end=\"2819\">1 \u00d7 Kit de montage en rack (1U)<\/p>\n<\/li>\n<li data-start=\"2820\" data-end=\"2842\">\n<p data-start=\"2822\" data-end=\"2842\">1 \u00d7 Manuel d&#039;utilisation<\/p>\n<\/li>\n<li data-start=\"2843\" data-end=\"2862\">\n<p data-start=\"2845\" data-end=\"2862\">1 \u00d7 Carte de garantie<\/p>\n<\/li>\n<\/ul>\n<hr data-start=\"2864\" data-end=\"2867\" \/>\n<h3 data-start=\"2869\" data-end=\"2895\"><strong data-start=\"2873\" data-end=\"2895\">Domaines d&#039;utilisation<\/strong><\/h3>\n<ul data-start=\"2897\" data-end=\"3086\">\n<li data-start=\"2897\" data-end=\"2926\">\n<p data-start=\"2899\" data-end=\"2926\">cam\u00e9ras IP et syst\u00e8mes NVR<\/p>\n<\/li>\n<li data-start=\"2927\" data-end=\"2951\">\n<p data-start=\"2929\" data-end=\"2951\">Points d&#039;acc\u00e8s (WiFi)<\/p>\n<\/li>\n<li data-start=\"2952\" data-end=\"2986\">\n<p data-start=\"2954\" data-end=\"2986\">Syst\u00e8mes de contr\u00f4le d&#039;acc\u00e8s et interphones<\/p>\n<\/li>\n<li data-start=\"2987\" data-end=\"3026\">\n<p data-start=\"2989\" data-end=\"3026\">b\u00e2timents intelligents et syst\u00e8mes de r\u00e9seau<\/p>\n<\/li>\n<li data-start=\"3027\" data-end=\"3086\">\n<p data-start=\"3029\" data-end=\"3086\">Bureaux, magasins, h\u00f4tels et installations industrielles<\/p>\n<\/li>\n<\/ul>\n<hr data-start=\"3088\" data-end=\"3091\" \/>\n<h3 data-start=\"3093\" data-end=\"3115\"><strong data-start=\"3097\" data-end=\"3115\">R\u00e9sum\u00e9<\/strong><\/h3>\n<p data-start=\"3117\" data-end=\"3371\"><strong data-start=\"3117\" data-end=\"3130\">FS1018PS1<\/strong> est un commutateur PoE robuste et flexible dot\u00e9 de 16 ports et d&#039;une capacit\u00e9 PoE de 180 W.<br data-start=\"3202\" data-end=\"3205\" \/>Elle combine une fiabilit\u00e9 \u00e9lev\u00e9e, une connectivit\u00e9 gigabit et une installation facile \u2014 id\u00e9ale pour les solutions de s\u00e9curit\u00e9 et de r\u00e9seau o\u00f9 la stabilit\u00e9 et les performances sont essentielles.<\/p>","protected":false},"excerpt":{"rendered":"<p>Switch PoE+ professionnel \u00e0 16 ports (10\/100M) avec 2 ports de liaison montante Gigabit et 1 emplacement SFP.<br data-start=\"295\" data-end=\"298\" \/>Compatible avec les normes IEEE 802.3af\/at (jusqu&#039;\u00e0 30 W par port, soit 180 W au total). Id\u00e9al pour les cam\u00e9ras, les points d&#039;acc\u00e8s et les r\u00e9seaux dans les entreprises et les b\u00e2timents.<\/p>","protected":false},"featured_media":159371,"template":"","meta":{"_acf_changed":false},"product_brand":[],"product_cat":[4148],"product_tag":[3850],"class_list":{"0":"post-159378","1":"product","2":"type-product","3":"status-publish","4":"has-post-thumbnail","6":"product_cat-poe-switchar","7":"product_tag-bastsaljare","8":"product_shipping_class-tunga-paket","9":"tm-no-options","11":"first","12":"onbackorder","13":"sale","14":"taxable","15":"shipping-taxable","16":"purchasable","17":"product-type-simple"},"acf":[],"_links":{"self":[{"href":"https:\/\/secureus.se\/fr\/wp-json\/wp\/v2\/product\/159378","targetHints":{"allow":["GET"]}}],"collection":[{"href":"https:\/\/secureus.se\/fr\/wp-json\/wp\/v2\/product"}],"about":[{"href":"https:\/\/secureus.se\/fr\/wp-json\/wp\/v2\/types\/product"}],"wp:featuredmedia":[{"embeddable":true,"href":"https:\/\/secureus.se\/fr\/wp-json\/wp\/v2\/media\/159371"}],"wp:attachment":[{"href":"https:\/\/secureus.se\/fr\/wp-json\/wp\/v2\/media?parent=159378"}],"wp:term":[{"taxonomy":"product_brand","embeddable":true,"href":"https:\/\/secureus.se\/fr\/wp-json\/wp\/v2\/product_brand?post=159378"},{"taxonomy":"product_cat","embeddable":true,"href":"https:\/\/secureus.se\/fr\/wp-json\/wp\/v2\/product_cat?post=159378"},{"taxonomy":"product_tag","embeddable":true,"href":"https:\/\/secureus.se\/fr\/wp-json\/wp\/v2\/product_tag?post=159378"}],"curies":[{"name":"wp","href":"https:\/\/api.w.org\/{rel}","templated":true}]}}