{"id":159474,"date":"2025-10-24T12:17:53","date_gmt":"2025-10-24T10:17:53","guid":{"rendered":"https:\/\/secureus.se\/larmsandare-easyline-4g-med-cloud-funktion\/"},"modified":"2026-03-31T13:15:18","modified_gmt":"2026-03-31T11:15:18","slug":"larmsandare-easyline-4g-med-cloud","status":"publish","type":"product","link":"https:\/\/secureus.se\/fr\/larmsandare-easyline-4g-med-cloud\/","title":{"rendered":"\u00c9metteur d&#039;alarme EasyLine 4G GSM \u2013 Remplace la ligne t\u00e9l\u00e9phonique (PSTN \/ TIP-RING)"},"content":{"rendered":"<h2 data-start=\"1209\" data-end=\"1267\">\u00c9metteur d&#039;alarme EasyLine 4G GSM \u2013 Ligne t\u00e9l\u00e9phonique PSTN \/ TIP-RING<\/h2>\n<p><strong>EasyLine 4G fonctionne comme un \u00e9metteur d&#039;alarme GSM et un simulateur de r\u00e9seau t\u00e9l\u00e9phonique public commut\u00e9 (RTPC) pour les syst\u00e8mes d&#039;alarme utilisant des lignes t\u00e9l\u00e9phoniques TIP\/RING.<\/strong> est un transmetteur d&#039;alarme avec <strong>ligne t\u00e9l\u00e9phonique simul\u00e9e (PSTN \/ TIP-RING)<\/strong> ce qui permet d&#039;utiliser les anciens syst\u00e8mes d&#039;alarme via le r\u00e9seau mobile au lieu d&#039;une ligne fixe.<\/p>\n<p>Il est sp\u00e9cialement con\u00e7u pour les installations o\u00f9 l&#039;alarme sonne normalement via une ligne t\u00e9l\u00e9phonique analogique. EasyLine 4G cr\u00e9e alors une ligne t\u00e9l\u00e9phonique compl\u00e8te (48 V) via <strong>GSM\/4G<\/strong> afin que le syst\u00e8me d&#039;alarme puisse appeler les t\u00e9l\u00e9phones portables ou les centres d&#039;alarme comme auparavant.<\/p>\n<p>C&#039;est un moyen simple de remettre en marche les alarmes plus anciennes lorsque le r\u00e9seau cuivre ou l&#039;\u00e9metteur 2G\/3G tombe en panne. <strong>sans avoir \u00e0 remplacer l&#039;ensemble du syst\u00e8me d&#039;alarme<\/strong>.<\/p>\n<hr \/>\n<h2>Installation facile - Plug &amp; Play<\/h2>\n<p>EasyLine 4G est con\u00e7u pour une installation rapide.<\/p>\n<ul>\n<li>Connectez la sortie t\u00e9l\u00e9phonique de l&#039;alarme \u00e0 <strong>CONSEIL\/APPEL<\/strong><\/li>\n<li>Mettez-en un <strong>carte SIM<\/strong><\/li>\n<li>D\u00e9marrer l&#039;appareil<\/li>\n<\/ul>\n<p>Pour une utilisation en remplacement d&#039;une ligne t\u00e9l\u00e9phonique, n\u00e9cessite normalement <strong>aucune programmation<\/strong>Le syst\u00e8me d&#039;alarme fonctionne directement via le r\u00e9seau mobile.<\/p>\n<hr \/>\n<h2>Quand EasyLine 4G est-il adapt\u00e9\u00a0?<\/h2>\n<ul>\n<li>Alarme antivol ancienne avec ligne t\u00e9l\u00e9phonique analogique (PSTN)<\/li>\n<li>Remplacement des anciens \u00e9metteurs d&#039;alarme 2G ou 3G<\/li>\n<li>Alarme qui appelle directement sur t\u00e9l\u00e9phone portable<\/li>\n<li>Transmission de l&#039;alarme au centre d&#039;alarme<\/li>\n<li>Propri\u00e9t\u00e9s sans ligne t\u00e9l\u00e9phonique<\/li>\n<\/ul>\n<hr \/>\n<h2>Fonctions<\/h2>\n<ul>\n<li>Ligne t\u00e9l\u00e9phonique analogique simul\u00e9e (PSTN)<\/li>\n<li>Connexion TIP\/RING au syst\u00e8me d&#039;alarme<\/li>\n<li>Communication 4G\/GSM<\/li>\n<li>Prise en charge de Contact ID et du protocole 4\/2<\/li>\n<li>Appels ou SMS vers un maximum de 8 num\u00e9ros de t\u00e9l\u00e9phone<\/li>\n<li>1 entr\u00e9e (NO\/NC) pour alarmes externes<\/li>\n<li>1 sortie \u00e0 collecteur ouvert<\/li>\n<li>La sortie peut \u00eatre contr\u00f4l\u00e9e par num\u00e9ro de t\u00e9l\u00e9phone<\/li>\n<li>Programmation par SMS ou par DTMF<\/li>\n<li>Transfert de SMS<\/li>\n<li>Communication bidirectionnelle (parole)<\/li>\n<li><strong>Antenne 4G incluse<\/strong><\/li>\n<\/ul>\n<hr \/>\n<h2>Fonctionnalit\u00e9s avanc\u00e9es<\/h2>\n<p>Pour les installations plus complexes, EasyLine 4G peut \u00e9galement \u00eatre utilis\u00e9 pour\u00a0:<\/p>\n<ul>\n<li>Transmission de l&#039;alarme au centre d&#039;alarme<\/li>\n<li>Identification du contact et protocole 4\/2<\/li>\n<li>Commande de relais par appel t\u00e9l\u00e9phonique<\/li>\n<li>Programmation \u00e0 distance par SMS<\/li>\n<\/ul>\n<p>Pour une configuration compl\u00e8te, l&#039;appareil peut \u00eatre programm\u00e9 via le logiciel PC. <strong>ProRead<\/strong> avec programmateur USB (en option).<\/p>\n<hr \/>\n<h2>R\u00e9sum\u00e9<\/h2>\n<p>EasyLine 4G est un \u00e9metteur d&#039;alarme flexible qui\u00a0:<\/p>\n<ul>\n<li>remplace les lignes t\u00e9l\u00e9phoniques fixes dans les syst\u00e8mes d&#039;alarme<\/li>\n<li>fonctionne directement avec les alarmes plus anciennes<\/li>\n<li>peut appeler les t\u00e9l\u00e9phones portables en cas d&#039;alarme<\/li>\n<li>offre la possibilit\u00e9 d&#039;un contr\u00f4le avanc\u00e9 via SMS et sortie relais<\/li>\n<\/ul>\n<p>Une solution simple et \u00e9conomique pour le remplacement des lignes t\u00e9l\u00e9phoniques analogiques ou des anciens \u00e9metteurs d&#039;alarme.<\/p>","protected":false},"excerpt":{"rendered":"<p><strong>EasyLine 4G<\/strong> est un transmetteur d&#039;alarme qui remplace les lignes t\u00e9l\u00e9phoniques fixes dans les anciens syst\u00e8mes d&#039;alarme. Il cr\u00e9e un <strong>ligne t\u00e9l\u00e9phonique PSTN simul\u00e9e (TIP\/RING)<\/strong> via le r\u00e9seau mobile afin que l&#039;alarme puisse continuer \u00e0 appeler les t\u00e9l\u00e9phones portables ou le centre d&#039;alarme.<\/p>\n<p>Id\u00e9al lorsque le r\u00e9seau cuivre ou les anciens \u00e9metteurs 2G\/3G disparaissent \u2013 sans avoir \u00e0 remplacer l&#039;ensemble du syst\u00e8me d&#039;alarme.<\/p>\n<p><strong>Plug &amp; Play :<\/strong> Connectez le connecteur TIP\/RING, ins\u00e9rez une carte SIM et allumez l&#039;appareil.<\/p>","protected":false},"featured_media":159472,"template":"","meta":{"_acf_changed":false},"product_brand":[],"product_cat":[1551],"product_tag":[3850],"class_list":{"0":"post-159474","1":"product","2":"type-product","3":"status-publish","4":"has-post-thumbnail","6":"product_cat-larmoverforing","7":"product_tag-bastsaljare","8":"pa_brands-asc","9":"tm-no-options","11":"first","12":"instock","13":"taxable","14":"shipping-taxable","15":"purchasable","16":"product-type-simple"},"acf":[],"_links":{"self":[{"href":"https:\/\/secureus.se\/fr\/wp-json\/wp\/v2\/product\/159474","targetHints":{"allow":["GET"]}}],"collection":[{"href":"https:\/\/secureus.se\/fr\/wp-json\/wp\/v2\/product"}],"about":[{"href":"https:\/\/secureus.se\/fr\/wp-json\/wp\/v2\/types\/product"}],"wp:featuredmedia":[{"embeddable":true,"href":"https:\/\/secureus.se\/fr\/wp-json\/wp\/v2\/media\/159472"}],"wp:attachment":[{"href":"https:\/\/secureus.se\/fr\/wp-json\/wp\/v2\/media?parent=159474"}],"wp:term":[{"taxonomy":"product_brand","embeddable":true,"href":"https:\/\/secureus.se\/fr\/wp-json\/wp\/v2\/product_brand?post=159474"},{"taxonomy":"product_cat","embeddable":true,"href":"https:\/\/secureus.se\/fr\/wp-json\/wp\/v2\/product_cat?post=159474"},{"taxonomy":"product_tag","embeddable":true,"href":"https:\/\/secureus.se\/fr\/wp-json\/wp\/v2\/product_tag?post=159474"}],"curies":[{"name":"wp","href":"https:\/\/api.w.org\/{rel}","templated":true}]}}