{"id":159481,"date":"2025-10-24T12:15:19","date_gmt":"2025-10-24T10:15:19","guid":{"rendered":"https:\/\/secureus.se\/larmsandare-enicom-en54-21-certifierad-for-brandlarm-hogsakerhetsanlaggningar\/"},"modified":"2025-12-31T22:05:04","modified_gmt":"2025-12-31T21:05:04","slug":"larmsandare-enicom-en54-21","status":"publish","type":"product","link":"https:\/\/secureus.se\/fr\/larmsandare-enicom-en54-21\/","title":{"rendered":"\u00c9metteur d&#039;alarme EniCom certifi\u00e9 EN54-21 pour les syst\u00e8mes d&#039;alarme incendie et de haute s\u00e9curit\u00e9"},"content":{"rendered":"<h1 data-start=\"693\" data-end=\"779\">\u00c9metteur d&#039;alarme EniCom certifi\u00e9 EN54-21 pour les syst\u00e8mes d&#039;alarme incendie et de haute s\u00e9curit\u00e9<\/h1>\n<p data-start=\"781\" data-end=\"1135\">L&#039;\u00e9metteur d&#039;alarme EniCom 4G est un \u00e9metteur d&#039;alarme professionnel et certifi\u00e9 conforme aux normes. <strong data-start=\"846\" data-end=\"857\">EN54-21<\/strong>, sp\u00e9cialement con\u00e7u pour les syst\u00e8mes d&#039;alarme incendie et les applications o\u00f9 une transmission de signal s\u00e9curis\u00e9e et redondante est cruciale.<\/p>\n<p data-start=\"781\" data-end=\"1135\">Avec le soutien de <strong data-start=\"985\" data-end=\"997\">Ethernet<\/strong> et <strong data-start=\"1002\" data-end=\"1012\">4G\/LTE<\/strong> Cet appareil peut maintenir la communication d&#039;alarme m\u00eame en cas de panne de r\u00e9seau \u2013 id\u00e9al pour les b\u00e2timents, l&#039;industrie et les casernes de pompiers.<\/p>\n<p data-start=\"1137\" data-end=\"1483\"><strong data-start=\"1137\" data-end=\"1184\">Double voie de communication avec redondance compl\u00e8te<\/strong><br data-start=\"1184\" data-end=\"1187\" \/>La communication principale s&#039;effectue via Ethernet (LAN), tandis que le r\u00e9seau GSM\/4G est utilis\u00e9 comme voie de secours ou parall\u00e8le.<\/p>\n<p data-start=\"1137\" data-end=\"1483\">Il est possible de d\u00e9finir jusqu&#039;\u00e0 quatre voies de communication ind\u00e9pendantes, avec des adresses IP et des serveurs individuels.<\/p>\n<p data-start=\"1137\" data-end=\"1483\">Il soutient <strong data-start=\"1406\" data-end=\"1419\">SIA DC-09<\/strong>- Protocole de transmission s\u00e9curis\u00e9e par IP vers les centres d&#039;alarme.<\/p>\n<p data-start=\"1485\" data-end=\"1881\"><strong data-start=\"1485\" data-end=\"1519\">entr\u00e9es et sorties flexibles<\/strong><br data-start=\"1519\" data-end=\"1522\" \/>L&#039;appareil poss\u00e8de quatre entr\u00e9es configurables en NO, NC, EOL ou 2EOL, avec la possibilit\u00e9 de <strong data-start=\"1616\" data-end=\"1633\">duplication de zone<\/strong> pour un maximum de huit entr\u00e9es logiques.<\/p>\n<p data-start=\"1485\" data-end=\"1881\">Avec <strong data-start=\"1674\" data-end=\"1692\">expanseur EC-84<\/strong> Le syst\u00e8me peut \u00eatre \u00e9tendu \u00e0 un total de 64 entr\u00e9es et 32 sorties.<\/p>\n<p data-start=\"1485\" data-end=\"1881\">Les deux sorties OC peuvent \u00eatre configur\u00e9es en NO\/NC et bistables ou monostables, offrant une grande flexibilit\u00e9 d&#039;int\u00e9gration.<\/p>\n<p data-start=\"1883\" data-end=\"2339\"><strong data-start=\"1883\" data-end=\"1928\">Fonctionnalit\u00e9s avanc\u00e9es et connectivit\u00e9 au cloud<\/strong><br data-start=\"1928\" data-end=\"1931\" \/>ENiCom 4G peut recevoir des \u00e9v\u00e9nements Contact ID via une simulation PSTN et les transmettre via Ethernet ou 4G \u00e0 quatre serveurs de surveillance.<\/p>\n<p data-start=\"1883\" data-end=\"2339\">Il a <strong data-start=\"2078\" data-end=\"2095\">double SIM prise en charge<\/strong>, <strong data-start=\"2097\" data-end=\"2115\">connexion au cloud<\/strong>, <strong data-start=\"2117\" data-end=\"2139\">programmation \u00e0 distance<\/strong>, <strong data-start=\"2141\" data-end=\"2164\">Transfert de SMS<\/strong>, ainsi que <strong data-start=\"2171\" data-end=\"2198\">communication crypt\u00e9e<\/strong> pour une s\u00e9curit\u00e9 maximale.<br data-start=\"2219\" data-end=\"2222\" \/>256 \u00e9v\u00e9nements sont enregistr\u00e9s avec horodatage (512 dans la version \u00e9tendue), et le firmware peut \u00eatre mis \u00e0 jour directement via USB ou le cloud.<\/p>\n<p data-start=\"2341\" data-end=\"2557\"><strong data-start=\"2341\" data-end=\"2373\">s\u00e9curit\u00e9 certifi\u00e9e EN54-21<\/strong><br data-start=\"2373\" data-end=\"2376\" \/>La certification garantit que le communicateur r\u00e9pond aux exigences europ\u00e9ennes en mati\u00e8re de transmission des alarmes incendie, ce qui le rend id\u00e9al pour tout syst\u00e8me o\u00f9 la fiabilit\u00e9 op\u00e9rationnelle et la redondance sont essentielles.<\/p>\n<p data-start=\"2559\" data-end=\"2583\"><strong data-start=\"2559\" data-end=\"2581\">Domaines d&#039;utilisation<\/strong><\/p>\n<ul data-start=\"2584\" data-end=\"2805\">\n<li data-start=\"2584\" data-end=\"2623\">\n<p data-start=\"2586\" data-end=\"2623\">Syst\u00e8mes d&#039;alarme incendie et de d\u00e9tection de fum\u00e9e<\/p>\n<\/li>\n<li data-start=\"2624\" data-end=\"2673\">\n<p data-start=\"2626\" data-end=\"2673\">Syst\u00e8mes de s\u00e9curit\u00e9 et alarmes antivol \u00e0 haute redondance<\/p>\n<\/li>\n<li data-start=\"2674\" data-end=\"2722\">\n<p data-start=\"2676\" data-end=\"2722\">propri\u00e9t\u00e9s industrielles et b\u00e2timents publics<\/p>\n<\/li>\n<li data-start=\"2723\" data-end=\"2761\">\n<p data-start=\"2725\" data-end=\"2761\">Surveillance \u00e0 distance via le cloud ou IP<\/p>\n<\/li>\n<li data-start=\"2762\" data-end=\"2805\">\n<p data-start=\"2764\" data-end=\"2805\">Syst\u00e8mes n\u00e9cessitant la certification EN54-21<\/p>\n<\/li>\n<\/ul>\n<hr data-start=\"2807\" data-end=\"2810\" \/>\n<h3 data-start=\"2812\" data-end=\"2844\"><strong data-start=\"2816\" data-end=\"2844\">Sp\u00e9cifications techniques<\/strong><\/h3>\n<ul data-start=\"2845\" data-end=\"3623\">\n<li data-start=\"2845\" data-end=\"2874\">\n<p data-start=\"2847\" data-end=\"2874\"><strong data-start=\"2847\" data-end=\"2864\">Attestation\u00a0:<\/strong> EN54-21<\/p>\n<\/li>\n<li data-start=\"2875\" data-end=\"2930\">\n<p data-start=\"2877\" data-end=\"2930\"><strong data-start=\"2877\" data-end=\"2895\">Communication:<\/strong> Ethernet (LAN), GSM\/4G\/LTE, GPRS<\/p>\n<\/li>\n<li data-start=\"2931\" data-end=\"2959\">\n<p data-start=\"2933\" data-end=\"2959\"><strong data-start=\"2933\" data-end=\"2947\">Protocole:<\/strong> SIA DC-09<\/p>\n<\/li>\n<li data-start=\"2960\" data-end=\"2986\">\n<p data-start=\"2962\" data-end=\"2986\"><strong data-start=\"2962\" data-end=\"2970\">SIM :<\/strong> Double nano SIM<\/p>\n<\/li>\n<li data-start=\"2987\" data-end=\"3040\">\n<p data-start=\"2989\" data-end=\"3040\"><strong data-start=\"2989\" data-end=\"3002\">Entr\u00e9es :<\/strong> 4 pi\u00e8ces (NO\/NC\/EOL\/2EOL\/duplication de zone)<\/p>\n<\/li>\n<li data-start=\"3041\" data-end=\"3083\">\n<p data-start=\"3043\" data-end=\"3083\"><strong data-start=\"3043\" data-end=\"3056\">R\u00e9sultats :<\/strong> 2 OC (NO\/NC\/Suiveur)<\/p>\n<\/li>\n<li data-start=\"3084\" data-end=\"3159\">\n<p data-start=\"3086\" data-end=\"3159\"><strong data-start=\"3086\" data-end=\"3110\">Possibilit\u00e9 d&#039;expansion :<\/strong> EC-84 (8 entr\u00e9es + 4 sorties, max 8 modules)<\/p>\n<\/li>\n<li data-start=\"3160\" data-end=\"3208\">\n<p data-start=\"3162\" data-end=\"3208\"><strong data-start=\"3162\" data-end=\"3176\">Journal des \u00e9v\u00e9nements\u00a0:<\/strong> 512 \u00e9v\u00e9nements avec horodatage<\/p>\n<\/li>\n<li data-start=\"3209\" data-end=\"3279\">\n<p data-start=\"3211\" data-end=\"3279\"><strong data-start=\"3211\" data-end=\"3228\">Relations:<\/strong> Ethernet RJ45 10\/100 Base-T, USB 2.0, antenne SMA<\/p>\n<\/li>\n<li data-start=\"3280\" data-end=\"3316\">\n<p data-start=\"3282\" data-end=\"3316\"><strong data-start=\"3282\" data-end=\"3303\">Alimentation\u00a0:<\/strong> 10\u201328 V CC<\/p>\n<\/li>\n<li data-start=\"3317\" data-end=\"3376\">\n<p data-start=\"3319\" data-end=\"3376\"><strong data-start=\"3319\" data-end=\"3340\">Consommation d&#039;\u00e9nergie\u00a0:<\/strong> 150 mA (mode veille) \/ 1000 mA (max)<\/p>\n<\/li>\n<li data-start=\"3377\" data-end=\"3410\">\n<p data-start=\"3379\" data-end=\"3410\"><strong data-start=\"3379\" data-end=\"3400\">Temp\u00e9rature de fonctionnement\u00a0:<\/strong> 0\u201350\u00b0C<\/p>\n<\/li>\n<li data-start=\"3411\" data-end=\"3446\">\n<p data-start=\"3413\" data-end=\"3446\"><strong data-start=\"3413\" data-end=\"3439\">Humidit\u00e9 relative:<\/strong> 60 %<\/p>\n<\/li>\n<li data-start=\"3447\" data-end=\"3489\">\n<p data-start=\"3449\" data-end=\"3489\"><strong data-start=\"3449\" data-end=\"3470\">Dimensions (L x l x H) :<\/strong> 135 x 95 x 25 mm<\/p>\n<\/li>\n<li data-start=\"3490\" data-end=\"3509\">\n<p data-start=\"3492\" data-end=\"3509\"><strong data-start=\"3492\" data-end=\"3501\">Poids:<\/strong> 140g<\/p>\n<\/li>\n<li data-start=\"3510\" data-end=\"3563\">\n<p data-start=\"3512\" data-end=\"3563\"><strong data-start=\"3512\" data-end=\"3525\">Mat\u00e9riel:<\/strong> Bo\u00eetier en plastique avec connecteur d&#039;antenne SMA<\/p>\n<\/li>\n<li data-start=\"3564\" data-end=\"3623\">\n<p data-start=\"3566\" data-end=\"3623\"><strong data-start=\"3566\" data-end=\"3584\">Programmation:<\/strong> SMS, USB, Cloud, logiciel ProRead<\/p>\n<\/li>\n<\/ul>","protected":false},"excerpt":{"rendered":"<p>L&#039;\u00e9metteur d&#039;alarme ENiCom 4G est un \u00e9metteur d&#039;alarme certifi\u00e9 EN54-21 d\u00e9velopp\u00e9 pour les alarmes incendie et les syst\u00e8mes de s\u00e9curit\u00e9 n\u00e9cessitant une transmission de signal redondante.<\/p>\n<p>Il combine les communications Ethernet et 4G\/LTE, dispose de 4 entr\u00e9es redondantes, de 2 sorties, d&#039;une connectivit\u00e9 cloud et prend en charge le protocole SIA DC-09 \u2013 pour une fiabilit\u00e9 maximale dans les syst\u00e8mes d&#039;incendie critiques.<\/p>","protected":false},"featured_media":159477,"template":"","meta":{"_acf_changed":false},"product_brand":[],"product_cat":[1551],"product_tag":[],"class_list":{"0":"post-159481","1":"product","2":"type-product","3":"status-publish","4":"has-post-thumbnail","6":"product_cat-larmoverforing","7":"pa_brands-asc","8":"tm-no-options","10":"first","11":"instock","12":"taxable","13":"shipping-taxable","14":"purchasable","15":"product-type-simple"},"acf":[],"_links":{"self":[{"href":"https:\/\/secureus.se\/fr\/wp-json\/wp\/v2\/product\/159481","targetHints":{"allow":["GET"]}}],"collection":[{"href":"https:\/\/secureus.se\/fr\/wp-json\/wp\/v2\/product"}],"about":[{"href":"https:\/\/secureus.se\/fr\/wp-json\/wp\/v2\/types\/product"}],"wp:featuredmedia":[{"embeddable":true,"href":"https:\/\/secureus.se\/fr\/wp-json\/wp\/v2\/media\/159477"}],"wp:attachment":[{"href":"https:\/\/secureus.se\/fr\/wp-json\/wp\/v2\/media?parent=159481"}],"wp:term":[{"taxonomy":"product_brand","embeddable":true,"href":"https:\/\/secureus.se\/fr\/wp-json\/wp\/v2\/product_brand?post=159481"},{"taxonomy":"product_cat","embeddable":true,"href":"https:\/\/secureus.se\/fr\/wp-json\/wp\/v2\/product_cat?post=159481"},{"taxonomy":"product_tag","embeddable":true,"href":"https:\/\/secureus.se\/fr\/wp-json\/wp\/v2\/product_tag?post=159481"}],"curies":[{"name":"wp","href":"https:\/\/api.w.org\/{rel}","templated":true}]}}