{"id":159720,"date":"2025-11-03T11:31:00","date_gmt":"2025-11-03T10:31:00","guid":{"rendered":"https:\/\/secureus.se\/?post_type=product&#038;p=159720"},"modified":"2026-04-08T15:05:23","modified_gmt":"2026-04-08T13:05:23","slug":"slutbleck-easy-fix-22mm-massing","status":"publish","type":"product","link":"https:\/\/secureus.se\/fr\/slutbleck-easy-fix-22mm-massing\/","title":{"rendered":"Plaque de g\u00e2che Easy-Fix en laiton de 2,2 mm"},"content":{"rendered":"<p>La g\u00e2che AGB Easy-Fix XT est con\u00e7ue pour simplifier la pose de portes. Cette g\u00e2che se compose d&#039;une simple plaque frontale compl\u00e9t\u00e9e par un cache facile \u00e0 clipser. Le cache n&#039;est pas inclus (voir la section \u201c\u00a0\u00c0 combiner avec\u00a0\u201d). Compatible avec les bo\u00eetiers de serrure Polaris 2XT et Revolution XT.<\/p>\n<p><b>Propri\u00e9t\u00e9s:<\/b><\/p>\n<ul>\n<li>Facile \u00e0 fraiser ensuite<\/li>\n<li>Manteau cliquable<\/li>\n<li>Largeur : 22 mm<\/li>\n<li>Longueur : 82 mm<\/li>\n<li>\u00c9paisseur : 2,2 mm<\/li>\n<li>Taille de la languette : 3 ou 5 mm sans rev\u00eatement<\/li>\n<\/ul>","protected":false},"excerpt":{"rendered":"<p>AGB Easy-Fix XT \u00e4r ett slutbleck designats f\u00f6r att g\u00f6ra det enkelt f\u00f6r d\u00f6rrtillverkare och m\u00f6nt\u00f6rer. Slutblecket \u00e4r en enkel front pl\u00e5t som kompletteras med en kappa som enkelt klickas<\/p>","protected":false},"featured_media":159718,"template":"","meta":{"_acf_changed":false},"product_brand":[],"product_cat":[4891],"product_tag":[],"class_list":{"0":"post-159720","1":"product","2":"type-product","3":"status-publish","4":"has-post-thumbnail","6":"product_cat-slutbleck-och-tillbehor","7":"pa_brands-agb","8":"tm-no-options","10":"first","11":"instock","12":"taxable","13":"shipping-taxable","14":"purchasable","15":"product-type-simple"},"acf":[],"_links":{"self":[{"href":"https:\/\/secureus.se\/fr\/wp-json\/wp\/v2\/product\/159720","targetHints":{"allow":["GET"]}}],"collection":[{"href":"https:\/\/secureus.se\/fr\/wp-json\/wp\/v2\/product"}],"about":[{"href":"https:\/\/secureus.se\/fr\/wp-json\/wp\/v2\/types\/product"}],"wp:featuredmedia":[{"embeddable":true,"href":"https:\/\/secureus.se\/fr\/wp-json\/wp\/v2\/media\/159718"}],"wp:attachment":[{"href":"https:\/\/secureus.se\/fr\/wp-json\/wp\/v2\/media?parent=159720"}],"wp:term":[{"taxonomy":"product_brand","embeddable":true,"href":"https:\/\/secureus.se\/fr\/wp-json\/wp\/v2\/product_brand?post=159720"},{"taxonomy":"product_cat","embeddable":true,"href":"https:\/\/secureus.se\/fr\/wp-json\/wp\/v2\/product_cat?post=159720"},{"taxonomy":"product_tag","embeddable":true,"href":"https:\/\/secureus.se\/fr\/wp-json\/wp\/v2\/product_tag?post=159720"}],"curies":[{"name":"wp","href":"https:\/\/api.w.org\/{rel}","templated":true}]}}