{"id":159728,"date":"2025-11-03T11:31:01","date_gmt":"2025-11-03T10:31:01","guid":{"rendered":"https:\/\/secureus.se\/?post_type=product&#038;p=159728"},"modified":"2026-04-08T15:05:17","modified_gmt":"2026-04-08T13:05:17","slug":"slutbleck-minimal-xt-mattsvart","status":"publish","type":"product","link":"https:\/\/secureus.se\/fr\/slutbleck-minimal-xt-mattsvart\/","title":{"rendered":"Plaque d&#039;extr\u00e9mit\u00e9 Minimal XT Noir mat"},"content":{"rendered":"","protected":false},"excerpt":{"rendered":"<p>Plaque de frappe pour bo\u00eetier de serrure AGB Polaris 2XT et Revolution XT.<\/p>\n<p><b>Propri\u00e9t\u00e9s:<\/b><\/p>\n<ul>\n<li>Largeur : 20 mm<\/li>\n<li>Profondeur : 14,8 mm<\/li>\n<li>Longueur : 59,2 mm<\/li>\n<li>Dimensions de fraisage : 16 x 15 x 55,4 mm<\/li>\n<\/ul>","protected":false},"featured_media":159727,"template":"","meta":{"_acf_changed":false},"product_brand":[],"product_cat":[4891],"product_tag":[],"class_list":{"0":"post-159728","1":"product","2":"type-product","3":"status-publish","4":"has-post-thumbnail","6":"product_cat-slutbleck-och-tillbehor","7":"pa_brands-agb","8":"tm-no-options","10":"first","11":"instock","12":"taxable","13":"shipping-taxable","14":"purchasable","15":"product-type-simple"},"acf":[],"_links":{"self":[{"href":"https:\/\/secureus.se\/fr\/wp-json\/wp\/v2\/product\/159728","targetHints":{"allow":["GET"]}}],"collection":[{"href":"https:\/\/secureus.se\/fr\/wp-json\/wp\/v2\/product"}],"about":[{"href":"https:\/\/secureus.se\/fr\/wp-json\/wp\/v2\/types\/product"}],"wp:featuredmedia":[{"embeddable":true,"href":"https:\/\/secureus.se\/fr\/wp-json\/wp\/v2\/media\/159727"}],"wp:attachment":[{"href":"https:\/\/secureus.se\/fr\/wp-json\/wp\/v2\/media?parent=159728"}],"wp:term":[{"taxonomy":"product_brand","embeddable":true,"href":"https:\/\/secureus.se\/fr\/wp-json\/wp\/v2\/product_brand?post=159728"},{"taxonomy":"product_cat","embeddable":true,"href":"https:\/\/secureus.se\/fr\/wp-json\/wp\/v2\/product_cat?post=159728"},{"taxonomy":"product_tag","embeddable":true,"href":"https:\/\/secureus.se\/fr\/wp-json\/wp\/v2\/product_tag?post=159728"}],"curies":[{"name":"wp","href":"https:\/\/api.w.org\/{rel}","templated":true}]}}