{"id":160027,"date":"2025-11-21T11:12:25","date_gmt":"2025-11-21T10:12:25","guid":{"rendered":"https:\/\/secureus.se\/?post_type=product&#038;p=160027"},"modified":"2026-04-09T11:22:21","modified_gmt":"2026-04-09T09:22:21","slug":"axis-t91b57-stolpmontering-for-overvakningskameror","status":"publish","type":"product","link":"https:\/\/secureus.se\/fr\/axis-t91b57-stolpmontering-for-overvakningskameror\/","title":{"rendered":"Support de poteau AXIS T91B57 pour cam\u00e9ras de surveillance"},"content":{"rendered":"<h1>Support de poteau AXIS T91B57 pour cam\u00e9ras de surveillance<\/h1>\n<div class=\"dad65929\">\n<div class=\"_4f9bf79 d7dc56a8 _43c05b5\">\n<div class=\"ds-message _63c77b1\">\n<div class=\"ds-markdown\">\n<p class=\"ds-markdown-paragraph\">Lorsque vous devez installer des cam\u00e9ras de surveillance sur des poteaux en ext\u00e9rieur, vous avez besoin d&#039;un support qui non seulement maintient la cam\u00e9ra en place, mais prot\u00e8ge \u00e9galement la cam\u00e9ra et ses c\u00e2bles des influences ext\u00e9rieures.<\/p>\n<p class=\"ds-markdown-paragraph\"><strong>Support de poteau AXIS T91B57<\/strong>\u00a0est la solution professionnelle id\u00e9ale, avec une conception qui privil\u00e9gie \u00e0 la fois la s\u00e9curit\u00e9 et la durabilit\u00e9.<\/p>\n<p class=\"ds-markdown-paragraph\"><strong>Protection maximale contre le vandalisme et les intemp\u00e9ries<\/strong><br \/>\nL&#039;une des plus grandes menaces pour les cam\u00e9ras ext\u00e9rieures est le vandalisme.<\/p>\n<p class=\"ds-markdown-paragraph\">AXIS T91B57 est\u00a0<strong>Indice de protection IK10<\/strong>, ce qui signifie qu&#039;il peut r\u00e9sister \u00e0 des impacts directs \u00e9quivalents \u00e0 20 joules \u2013 soit environ la m\u00eame chose qu&#039;un coup de masse de 5 kg l\u00e2ch\u00e9 d&#039;une hauteur de 40 cm.<\/p>\n<p class=\"ds-markdown-paragraph\">Cela offre un tr\u00e8s haut niveau de protection contre le vandalisme et les chocs accidentels. De plus, sa conception globale lui permet de r\u00e9sister aux intemp\u00e9ries, ce qui la rend id\u00e9ale pour les installations ext\u00e9rieures de longue dur\u00e9e.<\/p>\n<p class=\"ds-markdown-paragraph\"><strong>Gestion des c\u00e2bles \u00e0 l&#039;\u00e9preuve des insectes pour des connexions fiables<\/strong><br \/>\nUn probl\u00e8me courant des installations ext\u00e9rieures est que les insectes et les petits animaux s&#039;introduisent dans les c\u00e2bles, ce qui peut endommager ces derniers et entra\u00eener des r\u00e9parations co\u00fbteuses.<\/p>\n<p class=\"ds-markdown-paragraph\">AXIS T91B57 poss\u00e8de un\u00a0<strong>Conception ferm\u00e9e avec presse-\u00e9toupe sp\u00e9cial<\/strong>\u00a0ce qui emp\u00eache efficacement les insectes et la poussi\u00e8re de p\u00e9n\u00e9trer. Cela garantit la protection des c\u00e2bles et la stabilit\u00e9 des connexions de la cam\u00e9ra dans le temps.<\/p>\n<p class=\"ds-markdown-paragraph\"><strong>Polyvalent et facile \u00e0 installer<\/strong><br \/>\nLa conception du support le rend polyvalent et facile \u00e0 personnaliser.<\/p>\n<p class=\"ds-markdown-paragraph\">C&#039;est\u00a0<strong>r\u00e9glable pour s&#039;adapter aux poteaux d&#039;un diam\u00e8tre de 100 mm \u00e0 410 mm<\/strong>, qui couvre la plupart des dimensions de poteaux courantes.<\/p>\n<p class=\"ds-markdown-paragraph\">Cette adaptabilit\u00e9 en fait un excellent choix pour tout, des poteaux d&#039;\u00e9clairage \u00e9troits aux poteaux de signalisation plus larges.<\/p>\n<p class=\"ds-markdown-paragraph\">AXIS T91B57 est sp\u00e9cifiquement con\u00e7u pour \u00eatre <strong>compatible avec les supports muraux de la s\u00e9rie AXIS T91 et les bo\u00eetiers AXIS T98A<\/strong>, cr\u00e9ant ainsi un syst\u00e8me coh\u00e9rent et s\u00e9curis\u00e9 pour votre mat\u00e9riel photo.<\/p>\n<p class=\"ds-markdown-paragraph\"><strong>Construction robuste pour une longue dur\u00e9e de vie<\/strong><br \/>\nFabriqu\u00e9 \u00e0 partir de mat\u00e9riaux de haute qualit\u00e9, le support est con\u00e7u pour \u00eatre \u00e0 la fois robuste et r\u00e9sistant \u00e0 la corrosion.<\/p>\n<p class=\"ds-markdown-paragraph\">Sa conception robuste garantit la stabilit\u00e9 de la cam\u00e9ra m\u00eame par temps venteux et pluvieux, ce qui est crucial pour maintenir une qualit\u00e9 d&#039;image nette.<\/p>\n<p class=\"ds-markdown-paragraph\"><strong>R\u00e9sum\u00e9:<\/strong><br \/>\nLe support de poteau AXIS T91B57 est un choix fiable et s\u00fbr pour les installations de cam\u00e9ras professionnelles sur poteaux.<\/p>\n<p class=\"ds-markdown-paragraph\">Sa combinaison d&#039;une haute r\u00e9sistance au vandalisme, d&#039;un c\u00e2blage r\u00e9sistant aux insectes et d&#039;une grande adaptabilit\u00e9 en fait une protection efficace pour votre investissement en mati\u00e8re de surveillance ext\u00e9rieure.<\/p>\n<p class=\"ds-markdown-paragraph\">Choisissez AXIS T91B57 pour une installation \u00e9volutive.<\/p>\n<\/div>\n<\/div>\n<\/div>\n<\/div>","protected":false},"excerpt":{"rendered":"<p>Ce support de perche polyvalent offre une fixation s\u00e9curis\u00e9e pour vos cam\u00e9ras Axis sur perches.<\/p>\n<p>Avec sa r\u00e9sistance au vandalisme de classe IK10 et sa conception ferm\u00e9e avec c\u00e2blage \u00e9tanche aux insectes, il est parfait pour une utilisation en ext\u00e9rieur.<\/p>\n<p>Le support est facile \u00e0 r\u00e9gler pour les poteaux d&#039;un diam\u00e8tre de 100 \u00e0 410 mm et est compatible avec les supports muraux AXIS T91 et les armoires T98A.<\/p>","protected":false},"featured_media":160025,"template":"","meta":{"_acf_changed":false},"product_brand":[],"product_cat":[4954],"product_tag":[],"class_list":{"0":"post-160027","1":"product","2":"type-product","3":"status-publish","4":"has-post-thumbnail","6":"product_cat-axis-stativ-fasten","7":"pa_brands-axis","8":"pa_farg-vit","9":"tm-no-options","11":"first","12":"instock","13":"sale","14":"taxable","15":"shipping-taxable","16":"purchasable","17":"product-type-simple"},"acf":[],"_links":{"self":[{"href":"https:\/\/secureus.se\/fr\/wp-json\/wp\/v2\/product\/160027","targetHints":{"allow":["GET"]}}],"collection":[{"href":"https:\/\/secureus.se\/fr\/wp-json\/wp\/v2\/product"}],"about":[{"href":"https:\/\/secureus.se\/fr\/wp-json\/wp\/v2\/types\/product"}],"wp:featuredmedia":[{"embeddable":true,"href":"https:\/\/secureus.se\/fr\/wp-json\/wp\/v2\/media\/160025"}],"wp:attachment":[{"href":"https:\/\/secureus.se\/fr\/wp-json\/wp\/v2\/media?parent=160027"}],"wp:term":[{"taxonomy":"product_brand","embeddable":true,"href":"https:\/\/secureus.se\/fr\/wp-json\/wp\/v2\/product_brand?post=160027"},{"taxonomy":"product_cat","embeddable":true,"href":"https:\/\/secureus.se\/fr\/wp-json\/wp\/v2\/product_cat?post=160027"},{"taxonomy":"product_tag","embeddable":true,"href":"https:\/\/secureus.se\/fr\/wp-json\/wp\/v2\/product_tag?post=160027"}],"curies":[{"name":"wp","href":"https:\/\/api.w.org\/{rel}","templated":true}]}}