{"id":160030,"date":"2025-11-21T11:12:26","date_gmt":"2025-11-21T10:12:26","guid":{"rendered":"https:\/\/secureus.se\/?post_type=product&#038;p=160030"},"modified":"2026-04-09T11:22:22","modified_gmt":"2026-04-09T09:22:22","slug":"axis-t91e61-utomhusvaggfaste-for-fasta-kupolpendlar","status":"publish","type":"product","link":"https:\/\/secureus.se\/fr\/axis-t91e61-utomhusvaggfaste-for-fasta-kupolpendlar\/","title":{"rendered":"Support mural ext\u00e9rieur AXIS T91E61 pour suspensions \u00e0 d\u00f4me fixe"},"content":{"rendered":"<h1>Support mural ext\u00e9rieur AXIS T91E61 pour suspensions \u00e0 d\u00f4me fixe<\/h1>\n<div class=\"dad65929\">\n<div class=\"_4f9bf79 d7dc56a8 _43c05b5\">\n<div class=\"ds-message _63c77b1\">\n<div class=\"ds-markdown\">\n<p class=\"ds-markdown-paragraph\">Le support mural AXIS T91E61 est sp\u00e9cialement con\u00e7u pour les cam\u00e9ras r\u00e9seau d\u00f4mes fixes Axis.<\/p>\n<p class=\"ds-markdown-paragraph\">Gr\u00e2ce \u00e0 sa taille compacte et \u00e0 son apparence discr\u00e8te, elle s&#039;int\u00e8gre avec style aussi bien \u00e0 l&#039;int\u00e9rieur qu&#039;\u00e0 l&#039;ext\u00e9rieur.<\/p>\n<p class=\"ds-markdown-paragraph\">La construction robuste du support garantit que la cam\u00e9ra reste bien en place et stable dans le temps.<\/p>\n<p class=\"ds-markdown-paragraph\">Construction robuste pour environnements exigeants<br \/>\nFabriqu\u00e9 en aluminium chrom\u00e9 recouvert de poudre, le support est \u00e0 la fois r\u00e9sistant aux chocs et \u00e0 la corrosion.<\/p>\n<p class=\"ds-markdown-paragraph\">Avec un indice de r\u00e9sistance \u00e0 la traction IK10, il peut r\u00e9sister \u00e0 des chocs importants, ce qui le rend id\u00e9al pour les installations o\u00f9 le vandalisme peut poser probl\u00e8me.<\/p>\n<p class=\"ds-markdown-paragraph\">La couleur blanche (NCS S 1002-B) reste belle au fil du temps et s&#039;int\u00e8gre dans la plupart des environnements.<\/p>\n<p class=\"ds-markdown-paragraph\">Installation facile et utilisation polyvalente<br \/>\nLe support poss\u00e8de un filetage NPS de 1,5\u2033 et est compatible avec toutes les suspensions \u00e0 d\u00f4me fixe Axis utilisant la m\u00eame norme de filetage.<\/p>\n<p class=\"ds-markdown-paragraph\">Il poss\u00e8de la m\u00eame configuration de trous que les supports muraux pour les cam\u00e9ras fixes ext\u00e9rieures Axis, ce qui facilite le passage d&#039;un type de cam\u00e9ra \u00e0 un autre sans per\u00e7age suppl\u00e9mentaire.<\/p>\n<p class=\"ds-markdown-paragraph\">En utilisant l&#039;armoire \u00e0 tuyaux AXIS T94R01P, les c\u00e2bles peuvent \u00eatre prot\u00e9g\u00e9s par des tuyaux, et avec des accessoires tels que le support de poteau AXIS T91A47, le support peut \u00eatre mont\u00e9 sur des poteaux ou des coins.<\/p>\n<p class=\"ds-markdown-paragraph\">Gestion flexible des c\u00e2bles<br \/>\nPlusieurs options s&#039;offrent \u00e0 vous pour le passage des c\u00e2bles. Vous pouvez les faire passer \u00e0 l&#039;int\u00e9rieur, soit par un orifice pr\u00e9vu \u00e0 cet effet \u00e0 l&#039;arri\u00e8re, soit par des d\u00e9coupes lat\u00e9rales.<\/p>\n<p class=\"ds-markdown-paragraph\">Il est \u00e9galement possible de faire passer les c\u00e2bles \u00e0 l&#039;ext\u00e9rieur en utilisant l&#039;une des quatre d\u00e9coupes pr\u00e9vues \u00e0 la base du support.<\/p>\n<p class=\"ds-markdown-paragraph\">Cette flexibilit\u00e9 permet d&#039;adapter facilement l&#039;installation aux conditions locales.<\/p>\n<p class=\"ds-markdown-paragraph\">Aper\u00e7u technique<\/p>\n<ul>\n<li>\n<p class=\"ds-markdown-paragraph\">Charge maximale : 10 kg<\/p>\n<\/li>\n<li>\n<p class=\"ds-markdown-paragraph\">Dimensions : 80 x 161 x 120 mm<\/p>\n<\/li>\n<li>\n<p class=\"ds-markdown-paragraph\">Poids : 525 g<\/p>\n<\/li>\n<li>\n<p class=\"ds-markdown-paragraph\">Mat\u00e9riau : Aluminium chrom\u00e9 rev\u00eatu de poudre<\/p>\n<\/li>\n<li>\n<p class=\"ds-markdown-paragraph\">Couleur : Blanc (NCS S 1002-B)<\/p>\n<\/li>\n<li>\n<p class=\"ds-markdown-paragraph\">Classe de protection : IK10, indice de protection IP pour une utilisation en ext\u00e9rieur<\/p>\n<\/li>\n<li>\n<p class=\"ds-markdown-paragraph\">Compatibilit\u00e9\u00a0: Convient aux mod\u00e8les Axis M3004-V, M3005-V, M3006-V, M3007-P, M3007-PV, s\u00e9ries M3024, P32, P33, Q35 avec leurs t\u00e9l\u00e9commandes associ\u00e9es.<\/p>\n<\/li>\n<\/ul>\n<p class=\"ds-markdown-paragraph\">R\u00e9sum\u00e9:<br \/>\nLe support mural AXIS T91E61 offre une solution fiable et discr\u00e8te pour l&#039;installation des cam\u00e9ras d\u00f4mes fixes Axis.<\/p>\n<p class=\"ds-markdown-paragraph\">Sa construction robuste, sa facilit\u00e9 d&#039;installation et sa gestion flexible des c\u00e2bles en font un excellent choix aussi bien pour les installateurs professionnels que pour les clients finaux \u00e0 la recherche d&#039;une solution durable pour leurs besoins en mati\u00e8re de surveillance.<\/p>\n<\/div>\n<\/div>\n<\/div>\n<\/div>","protected":false},"excerpt":{"rendered":"<p class=\"ds-markdown-paragraph\">Support mural AXIS T91E61\u00a0: solution discr\u00e8te et robuste pour cam\u00e9ras d\u00f4mes fixes<\/p>\n<p class=\"ds-markdown-paragraph\">Ce support mural est sp\u00e9cialement con\u00e7u pour les cam\u00e9ras r\u00e9seau d\u00f4mes fixes Axis.<\/p>\n<p class=\"ds-markdown-paragraph\">Gr\u00e2ce \u00e0 sa forme compacte et \u00e0 sa couleur blanche, elle permet une installation discr\u00e8te, adapt\u00e9e aussi bien \u00e0 l&#039;int\u00e9rieur qu&#039;\u00e0 l&#039;ext\u00e9rieur.<\/p>\n<p class=\"ds-markdown-paragraph\">Le support est fabriqu\u00e9 dans un mat\u00e9riau r\u00e9sistant aux chocs (indice IK10) et r\u00e9sistant \u00e0 la corrosion, ce qui lui assure une longue dur\u00e9e de vie.<\/p>","protected":false},"featured_media":160028,"template":"","meta":{"_acf_changed":false},"product_brand":[],"product_cat":[4954],"product_tag":[],"class_list":{"0":"post-160030","1":"product","2":"type-product","3":"status-publish","4":"has-post-thumbnail","6":"product_cat-axis-stativ-fasten","7":"pa_brands-axis","8":"pa_farg-vit","9":"tm-no-options","11":"first","12":"instock","13":"sale","14":"taxable","15":"shipping-taxable","16":"purchasable","17":"product-type-simple"},"acf":[],"_links":{"self":[{"href":"https:\/\/secureus.se\/fr\/wp-json\/wp\/v2\/product\/160030","targetHints":{"allow":["GET"]}}],"collection":[{"href":"https:\/\/secureus.se\/fr\/wp-json\/wp\/v2\/product"}],"about":[{"href":"https:\/\/secureus.se\/fr\/wp-json\/wp\/v2\/types\/product"}],"wp:featuredmedia":[{"embeddable":true,"href":"https:\/\/secureus.se\/fr\/wp-json\/wp\/v2\/media\/160028"}],"wp:attachment":[{"href":"https:\/\/secureus.se\/fr\/wp-json\/wp\/v2\/media?parent=160030"}],"wp:term":[{"taxonomy":"product_brand","embeddable":true,"href":"https:\/\/secureus.se\/fr\/wp-json\/wp\/v2\/product_brand?post=160030"},{"taxonomy":"product_cat","embeddable":true,"href":"https:\/\/secureus.se\/fr\/wp-json\/wp\/v2\/product_cat?post=160030"},{"taxonomy":"product_tag","embeddable":true,"href":"https:\/\/secureus.se\/fr\/wp-json\/wp\/v2\/product_tag?post=160030"}],"curies":[{"name":"wp","href":"https:\/\/api.w.org\/{rel}","templated":true}]}}