{"id":160038,"date":"2025-11-21T11:12:26","date_gmt":"2025-11-21T10:12:26","guid":{"rendered":"https:\/\/secureus.se\/?post_type=product&#038;p=160038"},"modified":"2026-04-09T11:22:09","modified_gmt":"2026-04-09T09:22:09","slug":"axis-t94n01d-pendelsats-for-inomhus-och-utomhusbruk","status":"publish","type":"product","link":"https:\/\/secureus.se\/fr\/axis-t94n01d-pendelsats-for-inomhus-och-utomhusbruk\/","title":{"rendered":"Kit pendule AXIS T94N01D pour une utilisation int\u00e9rieure et ext\u00e9rieure"},"content":{"rendered":"<h1>Kit pendule AXIS T94N01D pour une utilisation int\u00e9rieure et ext\u00e9rieure<\/h1>\n<div class=\"dad65929\">\n<div class=\"_4f9bf79 d7dc56a8\">\n<div class=\"ds-message _63c77b1\">\n<div class=\"ds-markdown\">\n<p class=\"ds-markdown-paragraph\">Kit de pendule AXIS T94N01D\u00a0: solution de montage adaptable pour les installations de cam\u00e9ras professionnelles<\/p>\n<p class=\"ds-markdown-paragraph\">Le kit de suspension AXIS T94N01D offre flexibilit\u00e9 et adaptabilit\u00e9 pour le montage des cam\u00e9ras r\u00e9seau de la s\u00e9rie Axis P37.<\/p>\n<p class=\"ds-markdown-paragraph\">Ce kit est sp\u00e9cialement con\u00e7u pour permettre une installation dans une vari\u00e9t\u00e9 d&#039;endroits et sur diff\u00e9rentes surfaces, ce qui en fait un choix id\u00e9al pour les environnements int\u00e9rieurs et ext\u00e9rieurs.<\/p>\n<p class=\"ds-markdown-paragraph\">Montage flexible pour diverses installations<br \/>\nAvec l&#039;AXIS T94N01D, les installateurs peuvent facilement monter les cam\u00e9ras P37 sur diff\u00e9rents types de surfaces et de structures.<\/p>\n<p class=\"ds-markdown-paragraph\">Ce kit est compatible avec les supports filet\u00e9s NPS de 1,5 pouce, ce qui le rend adapt\u00e9 \u00e0 une utilisation avec une large gamme d&#039;accessoires de montage Axis.<\/p>\n<p class=\"ds-markdown-paragraph\">Cela inclut la possibilit\u00e9 de monter la cam\u00e9ra sur des poteaux, des balustrades de b\u00e2timents et des angles ext\u00e9rieurs, offrant ainsi une plus grande libert\u00e9 dans la planification des solutions de surveillance.<\/p>\n<p class=\"ds-markdown-paragraph\">Construction robuste pour des performances fiables<br \/>\nCon\u00e7u pour r\u00e9sister aux conditions int\u00e9rieures et ext\u00e9rieures, le support AXIS T94N01D garantit que la cam\u00e9ra reste solidement fix\u00e9e quel que soit l&#039;environnement.<\/p>\n<p class=\"ds-markdown-paragraph\">Sa construction robuste assure une fiabilit\u00e9 et une protection \u00e0 long terme \u00e0 la cam\u00e9ra, ce qui est essentiel pour une surveillance et une s\u00e9curit\u00e9 continues.<\/p>\n<p class=\"ds-markdown-paragraph\">Compatibilit\u00e9 et utilisations<\/p>\n<p class=\"ds-markdown-paragraph\">Ce kit est sp\u00e9cialement con\u00e7u pour les cam\u00e9ras r\u00e9seau Axis P3717-PLE et P3719-PLE.<\/p>\n<p class=\"ds-markdown-paragraph\">En utilisant la s\u00e9rie d&#039;accessoires de montage T91 d&#039;Axis, les installateurs peuvent cr\u00e9er des solutions personnalis\u00e9es pour r\u00e9pondre aux exigences sp\u00e9cifiques d&#039;installation.<\/p>\n<p class=\"ds-markdown-paragraph\">Cela fait de l&#039;AXIS T94N01D un choix polyvalent pour tous types d&#039;applications, des b\u00e2timents commerciaux et installations industrielles aux espaces publics et zones r\u00e9sidentielles.<\/p>\n<p class=\"ds-markdown-paragraph\">Installation et personnalisation faciles<br \/>\nL&#039;installation est simple et directe, ce qui permet de gagner du temps et de r\u00e9duire la complexit\u00e9 de la mise en place des syst\u00e8mes de surveillance.<\/p>\n<p class=\"ds-markdown-paragraph\">La conception du kit permet un r\u00e9glage et un positionnement faciles de la cam\u00e9ra pour un champ de vision et une couverture optimaux.<\/p>\n<p class=\"ds-markdown-paragraph\">R\u00e9sum\u00e9:<br \/>\nLe kit de pendule AXIS T94N01D est une solution fiable et flexible pour le montage des cam\u00e9ras Axis P37.<\/p>\n<p class=\"ds-markdown-paragraph\">Sa capacit\u00e9 d&#039;adaptation \u00e0 diff\u00e9rents environnements et sc\u00e9narios de montage en fait un excellent choix pour les installations de surveillance professionnelles.<\/p>\n<p class=\"ds-markdown-paragraph\">Que la cam\u00e9ra doive \u00eatre mont\u00e9e sur un poteau, une rambarde ou dans un coin, ce kit offre la stabilit\u00e9 et l&#039;adaptabilit\u00e9 n\u00e9cessaires pour garantir des performances \u00e0 long terme.<\/p>\n<\/div>\n<\/div>\n<\/div>\n<\/div>","protected":false},"excerpt":{"rendered":"<p>Ce kit de suspension permet de monter les cam\u00e9ras r\u00e9seau Axis P3717-PLE et P3719-PLE dans divers endroits et sur diff\u00e9rentes surfaces.<\/p>\n<p>Ce kit est compatible avec les supports filet\u00e9s NPS de 1,5 pouce et peut \u00eatre utilis\u00e9 aussi bien \u00e0 l&#039;int\u00e9rieur qu&#039;\u00e0 l&#039;ext\u00e9rieur.<\/p>\n<p>Parfait pour une installation sur poteaux, balustrades et angles avec les accessoires de montage Axis T91.<\/p>","protected":false},"featured_media":160036,"template":"","meta":{"_acf_changed":false},"product_brand":[],"product_cat":[4954],"product_tag":[],"class_list":{"0":"post-160038","1":"product","2":"type-product","3":"status-publish","4":"has-post-thumbnail","6":"product_cat-axis-stativ-fasten","7":"pa_brands-axis","8":"pa_farg-vit","9":"tm-no-options","11":"first","12":"instock","13":"sale","14":"taxable","15":"shipping-taxable","16":"purchasable","17":"product-type-simple"},"acf":[],"_links":{"self":[{"href":"https:\/\/secureus.se\/fr\/wp-json\/wp\/v2\/product\/160038","targetHints":{"allow":["GET"]}}],"collection":[{"href":"https:\/\/secureus.se\/fr\/wp-json\/wp\/v2\/product"}],"about":[{"href":"https:\/\/secureus.se\/fr\/wp-json\/wp\/v2\/types\/product"}],"wp:featuredmedia":[{"embeddable":true,"href":"https:\/\/secureus.se\/fr\/wp-json\/wp\/v2\/media\/160036"}],"wp:attachment":[{"href":"https:\/\/secureus.se\/fr\/wp-json\/wp\/v2\/media?parent=160038"}],"wp:term":[{"taxonomy":"product_brand","embeddable":true,"href":"https:\/\/secureus.se\/fr\/wp-json\/wp\/v2\/product_brand?post=160038"},{"taxonomy":"product_cat","embeddable":true,"href":"https:\/\/secureus.se\/fr\/wp-json\/wp\/v2\/product_cat?post=160038"},{"taxonomy":"product_tag","embeddable":true,"href":"https:\/\/secureus.se\/fr\/wp-json\/wp\/v2\/product_tag?post=160038"}],"curies":[{"name":"wp","href":"https:\/\/api.w.org\/{rel}","templated":true}]}}