{"id":160041,"date":"2025-11-21T11:12:26","date_gmt":"2025-11-21T10:12:26","guid":{"rendered":"https:\/\/secureus.se\/?post_type=product&#038;p=160041"},"modified":"2026-04-09T11:22:02","modified_gmt":"2026-04-09T09:22:02","slug":"axis-tq3101-e-inomhus-utomhushangslinga-for-montering-av-axis-q38-serien","status":"publish","type":"product","link":"https:\/\/secureus.se\/fr\/axis-tq3101-e-inomhus-utomhushangslinga-for-montering-av-axis-q38-serien\/","title":{"rendered":"Boucle de suspension int\u00e9rieure\/ext\u00e9rieure AXIS TQ3101-E pour le montage de la s\u00e9rie AXIS Q38"},"content":{"rendered":"<h1>Boucle de suspension int\u00e9rieure\/ext\u00e9rieure AXIS TQ3101-E pour le montage de la s\u00e9rie AXIS Q38<\/h1>\n<div class=\"dad65929\">\n<div class=\"_4f9bf79 d7dc56a8 _43c05b5\">\n<div class=\"ds-message _63c77b1\">\n<div class=\"ds-markdown\">\n<p class=\"ds-markdown-paragraph\">AXIS TQ3101-E Boucle de suspension int\u00e9rieure\/ext\u00e9rieure\u00a0: solution de montage professionnelle pour cam\u00e9ras avanc\u00e9es<\/p>\n<p class=\"ds-markdown-paragraph\">L&#039;AXIS TQ3101-E est un kit de pendule polyvalent sp\u00e9cialement con\u00e7u pour la s\u00e9rie Axis Q38 et certaines cam\u00e9ras P38.<\/p>\n<p class=\"ds-markdown-paragraph\">Cette solution de montage compl\u00e8te offre aux installateurs une flexibilit\u00e9 maximale pour positionner les cam\u00e9ras de mani\u00e8re optimale pour la surveillance.<\/p>\n<p class=\"ds-markdown-paragraph\">Montage flexible pour un positionnement optimal<br \/>\nAvec l&#039;AXIS TQ3101-E, les cam\u00e9ras peuvent \u00eatre mont\u00e9es sur une vari\u00e9t\u00e9 de surfaces et de structures.<\/p>\n<p class=\"ds-markdown-paragraph\">Ce kit permet une installation sur les plafonds, les murs, les poteaux et les rambardes de b\u00e2timents, ce qui le rend id\u00e9al pour personnaliser la solution de surveillance en fonction des besoins et des environnements sp\u00e9cifiques.<\/p>\n<p class=\"ds-markdown-paragraph\">Cette adaptabilit\u00e9 permet de toujours positionner la cam\u00e9ra pour obtenir le meilleur champ de vision et la meilleure couverture possibles.<\/p>\n<p class=\"ds-markdown-paragraph\">Protection robuste contre les intemp\u00e9ries pour une longue dur\u00e9e de vie<br \/>\nL&#039;un des principaux avantages de l&#039;AXIS TQ3101-E est sa capacit\u00e9 \u00e0 prot\u00e9ger la cam\u00e9ra des intemp\u00e9ries.<\/p>\n<p class=\"ds-markdown-paragraph\">Ce kit est con\u00e7u pour r\u00e9sister \u00e0 diverses conditions m\u00e9t\u00e9orologiques, ce qui le rend adapt\u00e9 aux installations int\u00e9rieures et ext\u00e9rieures.<\/p>\n<p class=\"ds-markdown-paragraph\">La protection am\u00e9lior\u00e9e contre les intemp\u00e9ries garantit que la cam\u00e9ra reste prot\u00e9g\u00e9e de l&#039;humidit\u00e9, de la poussi\u00e8re et d&#039;autres facteurs environnementaux, prolongeant ainsi sa dur\u00e9e de vie et assurant un fonctionnement fiable.<\/p>\n<p class=\"ds-markdown-paragraph\">Installation et personnalisation faciles<br \/>\nL&#039;installation de l&#039;AXIS TQ3101-E est simple et directe, ce qui permet de gagner un temps pr\u00e9cieux lors de la mise en place du syst\u00e8me de surveillance.<\/p>\n<p class=\"ds-markdown-paragraph\">La conception du kit permet un r\u00e9glage et un positionnement faciles de la cam\u00e9ra, offrant aux installateurs un contr\u00f4le total sur l&#039;angle et la direction de la cam\u00e9ra pour des performances optimales.<\/p>\n<p class=\"ds-markdown-paragraph\">Compatibilit\u00e9 et utilisations<br \/>\nCe kit est compatible avec les appareils photo Axis Q38 et certains mod\u00e8les de la s\u00e9rie P38.<\/p>\n<p class=\"ds-markdown-paragraph\">Sa large compatibilit\u00e9, associ\u00e9e \u00e0 ses capacit\u00e9s de montage flexibles, fait de l&#039;AXIS TQ3101-E un excellent choix pour une vari\u00e9t\u00e9 d&#039;applications, allant des b\u00e2timents commerciaux et des installations industrielles aux espaces publics et aux zones r\u00e9sidentielles.<\/p>\n<p class=\"ds-markdown-paragraph\">R\u00e9sum\u00e9:<br \/>\nLe kit pendulaire AXIS TQ3101-E est une solution fiable et polyvalente pour le montage de cam\u00e9ras Axis avanc\u00e9es.<\/p>\n<p class=\"ds-markdown-paragraph\">Sa combinaison de montage flexible, de protection robuste contre les intemp\u00e9ries et de facilit\u00e9 d&#039;installation en fait un excellent choix pour les installations de surveillance professionnelles o\u00f9 la fiabilit\u00e9 et l&#039;adaptabilit\u00e9 sont essentielles.<\/p>\n<p class=\"ds-markdown-paragraph\">Que la cam\u00e9ra doive \u00eatre mont\u00e9e \u00e0 l&#039;int\u00e9rieur ou \u00e0 l&#039;ext\u00e9rieur, au plafond ou au mur, ce kit assure la stabilit\u00e9 et la protection n\u00e9cessaires pour des performances optimales.<\/p>\n<\/div>\n<\/div>\n<\/div>\n<\/div>","protected":false},"excerpt":{"rendered":"<p class=\"ds-markdown-paragraph\">Kit de pendule AXIS TQ3101-E\u00a0: solution de montage polyvalente pour les cam\u00e9ras Q38 et P38<\/p>\n<p class=\"ds-markdown-paragraph\">Ce kit de suspension offre une fixation flexible des cam\u00e9ras Axis Q38 et P38 sur diverses surfaces, notamment les plafonds, les murs, les poteaux et les rambardes.<\/p>\n<p class=\"ds-markdown-paragraph\">Ce kit est r\u00e9sistant aux intemp\u00e9ries et convient aussi bien \u00e0 une utilisation int\u00e9rieure qu&#039;ext\u00e9rieure, offrant une solution de montage fiable et efficace d&#039;une grande durabilit\u00e9.<\/p>","protected":false},"featured_media":160039,"template":"","meta":{"_acf_changed":false},"product_brand":[],"product_cat":[4954],"product_tag":[],"class_list":{"0":"post-160041","1":"product","2":"type-product","3":"status-publish","4":"has-post-thumbnail","6":"product_cat-axis-stativ-fasten","7":"pa_brands-axis","8":"pa_farg-vit","9":"tm-no-options","11":"first","12":"instock","13":"sale","14":"taxable","15":"shipping-taxable","16":"purchasable","17":"product-type-simple"},"acf":[],"_links":{"self":[{"href":"https:\/\/secureus.se\/fr\/wp-json\/wp\/v2\/product\/160041","targetHints":{"allow":["GET"]}}],"collection":[{"href":"https:\/\/secureus.se\/fr\/wp-json\/wp\/v2\/product"}],"about":[{"href":"https:\/\/secureus.se\/fr\/wp-json\/wp\/v2\/types\/product"}],"wp:featuredmedia":[{"embeddable":true,"href":"https:\/\/secureus.se\/fr\/wp-json\/wp\/v2\/media\/160039"}],"wp:attachment":[{"href":"https:\/\/secureus.se\/fr\/wp-json\/wp\/v2\/media?parent=160041"}],"wp:term":[{"taxonomy":"product_brand","embeddable":true,"href":"https:\/\/secureus.se\/fr\/wp-json\/wp\/v2\/product_brand?post=160041"},{"taxonomy":"product_cat","embeddable":true,"href":"https:\/\/secureus.se\/fr\/wp-json\/wp\/v2\/product_cat?post=160041"},{"taxonomy":"product_tag","embeddable":true,"href":"https:\/\/secureus.se\/fr\/wp-json\/wp\/v2\/product_tag?post=160041"}],"curies":[{"name":"wp","href":"https:\/\/api.w.org\/{rel}","templated":true}]}}