{"id":160046,"date":"2025-11-21T11:12:27","date_gmt":"2025-11-21T10:12:27","guid":{"rendered":"https:\/\/secureus.se\/?post_type=product&#038;p=160046"},"modified":"2026-04-23T13:11:27","modified_gmt":"2026-04-23T11:11:27","slug":"axis-t91r61-vaggfaste-for-lutning-av-d2050-ve-natverksradardetektorer","status":"publish","type":"product","link":"https:\/\/secureus.se\/fr\/axis-t91r61-vaggfaste-for-lutning-av-d2050-ve-natverksradardetektorer\/","title":{"rendered":"Support mural AXIS T91R61 pour d\u00e9tecteurs radar r\u00e9seau inclinables D2050-VE"},"content":{"rendered":"<h1>Support mural AXIS T91R61 pour d\u00e9tecteurs radar r\u00e9seau inclinables D2050-VE<\/h1>\n<div class=\"dad65929\">\n<div class=\"_4f9bf79 d7dc56a8 _43c05b5\">\n<div class=\"ds-message _63c77b1\">\n<div class=\"ds-markdown\">\n<p class=\"ds-markdown-paragraph\">Le support mural AXIS T91R61 permet une installation et une inclinaison flexibles des d\u00e9tecteurs de radars r\u00e9seau Axis, tels que le d\u00e9tecteur de radars r\u00e9seau AXIS D2050-VE. Son bras r\u00e9glable peut s&#039;incliner jusqu&#039;\u00e0 90 degr\u00e9s pour un angle de d\u00e9tection vertical optimal et une meilleure couverture \u00e0 courte port\u00e9e.<\/p>\n<h4>Principales caract\u00e9ristiques\u00a0:<\/h4>\n<ul>\n<li>\n<p class=\"ds-markdown-paragraph\">Angle d&#039;inclinaison jusqu&#039;\u00e0 90 degr\u00e9s<\/p>\n<\/li>\n<li>\n<p class=\"ds-markdown-paragraph\">Protection contre l&#039;eau et la poussi\u00e8re<\/p>\n<\/li>\n<li>\n<p class=\"ds-markdown-paragraph\">Facile \u00e0 installer<\/p>\n<\/li>\n<li>\n<p class=\"ds-markdown-paragraph\">Construction robuste et r\u00e9sistante aux intemp\u00e9ries<\/p>\n<\/li>\n<li>\n<p class=\"ds-markdown-paragraph\">c\u00e2blage flexible<\/p>\n<\/li>\n<\/ul>\n<h4>Informations techniques :<\/h4>\n<ul>\n<li>\n<p class=\"ds-markdown-paragraph\">Produits compatibles\u00a0: D\u00e9tecteur de radar r\u00e9seau AXIS D2050-VE<\/p>\n<\/li>\n<li>\n<p class=\"ds-markdown-paragraph\">Mat\u00e9riau : Aluminium rev\u00eatu de poudre blanche (NCS 5 1002\u2013B)<\/p>\n<\/li>\n<li>\n<p class=\"ds-markdown-paragraph\">Dimensions : 147 x 80 x 120 mm<\/p>\n<\/li>\n<li>\n<p class=\"ds-markdown-paragraph\">Poids : 0,9 kg<\/p>\n<\/li>\n<li>\n<p class=\"ds-markdown-paragraph\">Charge maximale : 5 kg<\/p>\n<\/li>\n<li>\n<p class=\"ds-markdown-paragraph\">Passage des c\u00e2bles\u00a0: orifices arri\u00e8re et lat\u00e9raux pour c\u00e2bles de 19\u00a0mm (3\/4\u2033) et protection de c\u00e2ble M25<\/p>\n<\/li>\n<li>\n<p class=\"ds-markdown-paragraph\">R\u00e9sistance environnementale : conforme aux normes IK08 et NEMA 250 type 4X<\/p>\n<\/li>\n<\/ul>\n<h4>Accessoires inclus :<\/h4>\n<ul>\n<li>\n<p class=\"ds-markdown-paragraph\">Bo\u00eete arri\u00e8re pour conduit AXIS T94R01P<\/p>\n<\/li>\n<li>\n<p class=\"ds-markdown-paragraph\">Guide d&#039;installation<\/p>\n<\/li>\n<\/ul>\n<h4>Accessoires optionnels\u00a0:<\/h4>\n<ul>\n<li>\n<p class=\"ds-markdown-paragraph\">Support de poteau AXIS T91R47 (support de poteau)<\/p>\n<\/li>\n<li>\n<p class=\"ds-markdown-paragraph\">Support d&#039;angle AXIS T94R01B (support d&#039;angle)<\/p>\n<\/li>\n<\/ul>\n<h4>Informations sur le produit :<\/h4>\n<ul>\n<li>\n<p class=\"ds-markdown-paragraph\">Cat\u00e9gorie : Supports de cam\u00e9ra, Bo\u00eetiers et supports, Vid\u00e9osurveillance<\/p>\n<\/li>\n<li>\n<p class=\"ds-markdown-paragraph\">Nom\u00a0: Support mural AXIS T91R61 pour l\u2019inclinaison des d\u00e9tecteurs radar r\u00e9seau D2050-VE<\/p>\n<\/li>\n<li>\n<p class=\"ds-markdown-paragraph\">Code UPC\u00a0: 7331021064461<\/p>\n<\/li>\n<li>\n<p class=\"ds-markdown-paragraph\">Code EAN\u00a0: 7331021064461<\/p>\n<\/li>\n<li>\n<p class=\"ds-markdown-paragraph\">Garantie\u00a0: Garantie de 3\u00a0ans d\u2019Axis<\/p>\n<\/li>\n<\/ul>\n<p class=\"ds-markdown-paragraph\">Le support AXIS T91R61 est un support fiable et adaptable, parfaitement adapt\u00e9 aux solutions de surveillance professionnelles o\u00f9 l&#039;alignement pr\u00e9cis et la durabilit\u00e9 sont importants.<\/p>\n<\/div>\n<\/div>\n<\/div>\n<\/div>","protected":false},"excerpt":{"rendered":"<p>Support mural Axis T91R61 pour d\u00e9tecteur radar D2050-VE.<\/p>\n<p>Inclinaison r\u00e9glable jusqu&#039;\u00e0 90\u00b0 pour une d\u00e9tection optimale.<\/p>\n<p>R\u00e9sistant aux intemp\u00e9ries gr\u00e2ce \u00e0 son indice de protection IP et facile \u00e0 installer.<\/p>\n<p>Comprend un support de c\u00e2ble et convient \u00e0 une utilisation int\u00e9rieure et ext\u00e9rieure. Garantie Axis de 3 ans.<\/p>","protected":false},"featured_media":160044,"template":"","meta":{"_acf_changed":false},"product_brand":[],"product_cat":[4954],"product_tag":[],"class_list":{"0":"post-160046","1":"product","2":"type-product","3":"status-publish","4":"has-post-thumbnail","6":"product_cat-axis-stativ-fasten","7":"pa_brands-axis","8":"pa_farg-vit","9":"tm-no-options","11":"first","12":"onbackorder","13":"sale","14":"taxable","15":"shipping-taxable","16":"purchasable","17":"product-type-simple"},"acf":[],"_links":{"self":[{"href":"https:\/\/secureus.se\/fr\/wp-json\/wp\/v2\/product\/160046","targetHints":{"allow":["GET"]}}],"collection":[{"href":"https:\/\/secureus.se\/fr\/wp-json\/wp\/v2\/product"}],"about":[{"href":"https:\/\/secureus.se\/fr\/wp-json\/wp\/v2\/types\/product"}],"wp:featuredmedia":[{"embeddable":true,"href":"https:\/\/secureus.se\/fr\/wp-json\/wp\/v2\/media\/160044"}],"wp:attachment":[{"href":"https:\/\/secureus.se\/fr\/wp-json\/wp\/v2\/media?parent=160046"}],"wp:term":[{"taxonomy":"product_brand","embeddable":true,"href":"https:\/\/secureus.se\/fr\/wp-json\/wp\/v2\/product_brand?post=160046"},{"taxonomy":"product_cat","embeddable":true,"href":"https:\/\/secureus.se\/fr\/wp-json\/wp\/v2\/product_cat?post=160046"},{"taxonomy":"product_tag","embeddable":true,"href":"https:\/\/secureus.se\/fr\/wp-json\/wp\/v2\/product_tag?post=160046"}],"curies":[{"name":"wp","href":"https:\/\/api.w.org\/{rel}","templated":true}]}}