{"id":160055,"date":"2025-11-21T11:12:27","date_gmt":"2025-11-21T10:12:27","guid":{"rendered":"https:\/\/secureus.se\/?post_type=product&#038;p=160055"},"modified":"2026-04-01T12:17:24","modified_gmt":"2026-04-01T10:17:24","slug":"axis-t91b47-stolpmontering-for-inom-och-utomhusbruk-100-410-mm","status":"publish","type":"product","link":"https:\/\/secureus.se\/fr\/axis-t91b47-stolpmontering-for-inom-och-utomhusbruk-100-410-mm\/","title":{"rendered":"Support sur poteau AXIS T91B47 pour une utilisation int\u00e9rieure et ext\u00e9rieure, 100-410 mm"},"content":{"rendered":"<h1>Support sur poteau AXIS T91B47 pour une utilisation int\u00e9rieure et ext\u00e9rieure, 100-410 mm<\/h1>\n<p class=\"ds-markdown-paragraph\"><strong>Pr\u00e9sentation du produit<\/strong><\/p>\n<p class=\"ds-markdown-paragraph\">Le support de poteau Axis T91B47 convient \u00e0 une utilisation int\u00e9rieure et ext\u00e9rieure. Il existe en deux versions pour diff\u00e9rents diam\u00e8tres de poteau.<\/p>\n<p class=\"ds-markdown-paragraph\">La version 100-410 mm est id\u00e9ale pour les poteaux et les poutres de plus grande taille.<\/p>\n<p class=\"ds-markdown-paragraph\">Facile \u00e0 monter avec deux sangles en acier inoxydable de qualit\u00e9 marine (SS316L) sans n\u00e9cessiter d&#039;accessoires suppl\u00e9mentaires pour les cam\u00e9ras Axis \u00e0 d\u00f4me fixe ou de type bullet.<\/p>\n<p class=\"ds-markdown-paragraph\"><strong>Caract\u00e9ristiques principales<\/strong><\/p>\n<ul>\n<li>\n<p class=\"ds-markdown-paragraph\">Convient aux poteaux de 100 \u00e0 410 mm de diam\u00e8tre<\/p>\n<\/li>\n<li>\n<p class=\"ds-markdown-paragraph\">R\u00e9sistance au vandalisme de classe IK10<\/p>\n<\/li>\n<li>\n<p class=\"ds-markdown-paragraph\">Protection anticorrosion NEMA 4X<\/p>\n<\/li>\n<li>\n<p class=\"ds-markdown-paragraph\">Bracelets en acier inoxydable (SS316L) inclus<\/p>\n<\/li>\n<li>\n<p class=\"ds-markdown-paragraph\">Montage facile et s\u00e9curis\u00e9 avec la vis TX30<\/p>\n<\/li>\n<\/ul>\n<p class=\"ds-markdown-paragraph\"><strong>Compatibilit\u00e9<\/strong><\/p>\n<ul>\n<li>\n<p class=\"ds-markdown-paragraph\">Cam\u00e9ras box : s\u00e9ries Axis M11, P13 et Q16<\/p>\n<\/li>\n<li>\n<p class=\"ds-markdown-paragraph\">Cam\u00e9ras bullet : s\u00e9ries Axis P14 et Q17<\/p>\n<\/li>\n<li>\n<p class=\"ds-markdown-paragraph\">Cam\u00e9ras d\u00f4mes : s\u00e9ries Axis M19, P32, P33, Q35 et Q36<\/p>\n<\/li>\n<li>\n<p class=\"ds-markdown-paragraph\">Cam\u00e9ras thermiques : s\u00e9ries Axis G19 et Q29<\/p>\n<\/li>\n<li>\n<p class=\"ds-markdown-paragraph\">Compatible avec les mod\u00e8les Axis T91E61, T94O01A, F23, T92E, T93F et T93G05<\/p>\n<\/li>\n<\/ul>\n<p class=\"ds-markdown-paragraph\"><strong>Informations techniques<\/strong><\/p>\n<ul>\n<li>\n<p class=\"ds-markdown-paragraph\">Charge maximale : 15 kg<\/p>\n<\/li>\n<li>\n<p class=\"ds-markdown-paragraph\">Mat\u00e9riau : Aluminium rev\u00eatu de poudre, blanc (NCS S 1002-B)<\/p>\n<\/li>\n<li>\n<p class=\"ds-markdown-paragraph\">Dimensions : 111 x 42 x 147 mm<\/p>\n<\/li>\n<li>\n<p class=\"ds-markdown-paragraph\">Poids : 0,3 kg (sans sangle en acier)<\/p>\n<\/li>\n<li>\n<p class=\"ds-markdown-paragraph\">Comprend : guide d&#039;installation, attaches de c\u00e2ble, vis, sangles en acier inoxydable<\/p>\n<\/li>\n<li>\n<p class=\"ds-markdown-paragraph\"><strong>Certifications<\/strong><\/p>\n<ul>\n<li>\n<p class=\"ds-markdown-paragraph\">S\u00e9curit\u00e9\u00a0: CEI\/EN\/UL 60950-1, CEI\/EN\/UL 60950-22<\/p>\n<\/li>\n<li>\n<p class=\"ds-markdown-paragraph\">Environnement : EN 50581, NEMA 250 Type 4X<\/p>\n<\/li>\n<li>\n<p class=\"ds-markdown-paragraph\">Impact : IEC 62262 IK10<\/p>\n<\/li>\n<\/ul>\n<\/li>\n<\/ul>","protected":false},"excerpt":{"rendered":"<p>L&#039;Axis T91B47 offre une solution durable et \u00e9conomique pour le montage de cam\u00e9ras avanc\u00e9es sur des poteaux et des poutres dans des environnements exigeants.<\/p>","protected":false},"featured_media":160053,"template":"","meta":{"_acf_changed":false},"product_brand":[],"product_cat":[4954],"product_tag":[],"class_list":{"0":"post-160055","1":"product","2":"type-product","3":"status-publish","4":"has-post-thumbnail","6":"product_cat-axis-stativ-fasten","7":"pa_brands-axis","8":"pa_farg-vit","9":"tm-no-options","11":"first","12":"instock","13":"sale","14":"taxable","15":"shipping-taxable","16":"purchasable","17":"product-type-simple"},"acf":[],"_links":{"self":[{"href":"https:\/\/secureus.se\/fr\/wp-json\/wp\/v2\/product\/160055","targetHints":{"allow":["GET"]}}],"collection":[{"href":"https:\/\/secureus.se\/fr\/wp-json\/wp\/v2\/product"}],"about":[{"href":"https:\/\/secureus.se\/fr\/wp-json\/wp\/v2\/types\/product"}],"wp:featuredmedia":[{"embeddable":true,"href":"https:\/\/secureus.se\/fr\/wp-json\/wp\/v2\/media\/160053"}],"wp:attachment":[{"href":"https:\/\/secureus.se\/fr\/wp-json\/wp\/v2\/media?parent=160055"}],"wp:term":[{"taxonomy":"product_brand","embeddable":true,"href":"https:\/\/secureus.se\/fr\/wp-json\/wp\/v2\/product_brand?post=160055"},{"taxonomy":"product_cat","embeddable":true,"href":"https:\/\/secureus.se\/fr\/wp-json\/wp\/v2\/product_cat?post=160055"},{"taxonomy":"product_tag","embeddable":true,"href":"https:\/\/secureus.se\/fr\/wp-json\/wp\/v2\/product_tag?post=160055"}],"curies":[{"name":"wp","href":"https:\/\/api.w.org\/{rel}","templated":true}]}}