{"id":160061,"date":"2025-11-21T11:12:27","date_gmt":"2025-11-21T10:12:27","guid":{"rendered":"https:\/\/secureus.se\/?post_type=product&#038;p=160061"},"modified":"2026-04-23T13:11:05","modified_gmt":"2026-04-23T11:11:05","slug":"axis-t91b67-stolpmontering-for-fasta-dome-kameror-15-nps-ganga","status":"publish","type":"product","link":"https:\/\/secureus.se\/fr\/axis-t91b67-stolpmontering-for-fasta-dome-kameror-15-nps-ganga\/","title":{"rendered":"Support de fixation sur poteau AXIS T91B67 pour cam\u00e9ras d\u00f4mes fixes, filetage NPS 1,5\u2033"},"content":{"rendered":"<h1>Support de fixation sur poteau AXIS T91B67 pour cam\u00e9ras d\u00f4mes fixes, filetage NPS 1,5\u2033<\/h1>\n<div class=\"dad65929\">\n<div class=\"_4f9bf79 d7dc56a8 _43c05b5\">\n<div class=\"ds-message _63c77b1\">\n<div class=\"ds-markdown\">\n<p class=\"ds-markdown-paragraph\"><strong>Pr\u00e9sentation du produit<\/strong><\/p>\n<p class=\"ds-markdown-paragraph\">L&#039;Axis T91B67 est un support de poteau robuste sp\u00e9cialement con\u00e7u pour les cam\u00e9ras panoramiques et \u00e0 d\u00f4me fixe Axis avec supports de pendule filet\u00e9s NPS de 1,5\u2033.<\/p>\n<p class=\"ds-markdown-paragraph\">Gr\u00e2ce \u00e0 ses indices de protection IK10 et NEMA 4X, il convient aussi bien aux environnements int\u00e9rieurs qu&#039;ext\u00e9rieurs.<\/p>\n<p class=\"ds-markdown-paragraph\">Le support est con\u00e7u pour les poteaux d&#039;un diam\u00e8tre de 65 \u00e0 165 mm et les poutres, et poss\u00e8de des entr\u00e9es lat\u00e9rales pour les conduits de c\u00e2bles de 3\/4\u2033 et un dos ferm\u00e9 avec un joint pour la protection contre les insectes.<\/p>\n<p class=\"ds-markdown-paragraph\"><strong>Caract\u00e9ristiques principales<\/strong><\/p>\n<ul>\n<li>\n<p class=\"ds-markdown-paragraph\">Filetage NPS 1,5\u2033 pour kits de pendule Axis<\/p>\n<\/li>\n<li>\n<p class=\"ds-markdown-paragraph\">Convient aux poteaux de 65 \u00e0 165 mm<\/p>\n<\/li>\n<li>\n<p class=\"ds-markdown-paragraph\">Protection antivandale IK10 et protection anticorrosion NEMA 4X<\/p>\n<\/li>\n<li>\n<p class=\"ds-markdown-paragraph\">Joint d&#039;\u00e9tanch\u00e9it\u00e9 de c\u00e2ble anti-insectes<\/p>\n<\/li>\n<li>\n<p class=\"ds-markdown-paragraph\">Sangles marines en acier inoxydable (SS316L) avec vis TX30<\/p>\n<\/li>\n<\/ul>\n<p class=\"ds-markdown-paragraph\"><strong>Compatibilit\u00e9<\/strong><\/p>\n<ul>\n<li>\n<p class=\"ds-markdown-paragraph\">Toutes les cam\u00e9ras \u00e0 d\u00f4me fixe Axis avec kits de pendule \u00e0 filetage NPS 1,5\u2033<\/p>\n<\/li>\n<li>\n<p class=\"ds-markdown-paragraph\">appareils photo de la s\u00e9rie Panorama<\/p>\n<\/li>\n<\/ul>\n<p class=\"ds-markdown-paragraph\"><strong>Informations techniques<\/strong><\/p>\n<ul>\n<li>\n<p class=\"ds-markdown-paragraph\">Charge maximale : 15 kg<\/p>\n<\/li>\n<li>\n<p class=\"ds-markdown-paragraph\">Mat\u00e9riau : Aluminium rev\u00eatu de poudre, blanc (NCS S 1002-B)<\/p>\n<\/li>\n<li>\n<p class=\"ds-markdown-paragraph\">Dimensions : 252 x 134 x 194 mm<\/p>\n<\/li>\n<li>\n<p class=\"ds-markdown-paragraph\">Poids : 1,2 kg<\/p>\n<\/li>\n<li>\n<p class=\"ds-markdown-paragraph\">Contenu : guide d&#039;installation, sangles en acier inoxydable, joint d&#039;\u00e9tanch\u00e9it\u00e9 pour c\u00e2ble anti-insectes<\/p>\n<\/li>\n<li>\n<p class=\"ds-markdown-paragraph\">N\u00e9cessite : kit de pendule \u00e0 axe filet\u00e9 NPS de 1,5\u2033<\/p>\n<\/li>\n<\/ul>\n<p class=\"ds-markdown-paragraph\"><strong>Certifications<\/strong><\/p>\n<ul>\n<li>\n<p class=\"ds-markdown-paragraph\">S\u00e9curit\u00e9\u00a0: CEI\/EN\/UL 60950-1, CEI\/EN\/UL 60950-22<\/p>\n<\/li>\n<li>\n<p class=\"ds-markdown-paragraph\">Environnement : IEC 60721, NEMA 250 Type 4X, RoHS, DEEE<\/p>\n<\/li>\n<li>\n<p class=\"ds-markdown-paragraph\">Impact : IEC 62262 IK10<\/p>\n<\/li>\n<\/ul>\n<p class=\"ds-markdown-paragraph\">L&#039;Axis T91B67 offre une solution s\u00fbre et durable pour le montage de cam\u00e9ras avanc\u00e9es dans des environnements exigeants.<\/p>\n<\/div>\n<\/div>\n<\/div>\n<\/div>","protected":false},"excerpt":{"rendered":"<p>Support de fixation Axis T91B67 pour cam\u00e9ras d\u00f4mes fixes avec filetage NPS 1,5\u2033. Compatible avec les perches de 65 \u00e0 165 mm, IK10 et NEMA 4X.<\/p>\n<p>C\u00e2blage \u00e9tanche aux insectes.<\/p>\n<p>Bracelets en acier inoxydable inclus.<\/p>","protected":false},"featured_media":160059,"template":"","meta":{"_acf_changed":false},"product_brand":[],"product_cat":[4954],"product_tag":[],"class_list":{"0":"post-160061","1":"product","2":"type-product","3":"status-publish","4":"has-post-thumbnail","6":"product_cat-axis-stativ-fasten","7":"pa_brands-axis","8":"pa_farg-vit","9":"tm-no-options","11":"first","12":"instock","13":"sale","14":"taxable","15":"shipping-taxable","16":"purchasable","17":"product-type-simple"},"acf":[],"_links":{"self":[{"href":"https:\/\/secureus.se\/fr\/wp-json\/wp\/v2\/product\/160061","targetHints":{"allow":["GET"]}}],"collection":[{"href":"https:\/\/secureus.se\/fr\/wp-json\/wp\/v2\/product"}],"about":[{"href":"https:\/\/secureus.se\/fr\/wp-json\/wp\/v2\/types\/product"}],"wp:featuredmedia":[{"embeddable":true,"href":"https:\/\/secureus.se\/fr\/wp-json\/wp\/v2\/media\/160059"}],"wp:attachment":[{"href":"https:\/\/secureus.se\/fr\/wp-json\/wp\/v2\/media?parent=160061"}],"wp:term":[{"taxonomy":"product_brand","embeddable":true,"href":"https:\/\/secureus.se\/fr\/wp-json\/wp\/v2\/product_brand?post=160061"},{"taxonomy":"product_cat","embeddable":true,"href":"https:\/\/secureus.se\/fr\/wp-json\/wp\/v2\/product_cat?post=160061"},{"taxonomy":"product_tag","embeddable":true,"href":"https:\/\/secureus.se\/fr\/wp-json\/wp\/v2\/product_tag?post=160061"}],"curies":[{"name":"wp","href":"https:\/\/api.w.org\/{rel}","templated":true}]}}