{"id":160064,"date":"2025-11-21T11:12:27","date_gmt":"2025-11-21T10:12:27","guid":{"rendered":"https:\/\/secureus.se\/?post_type=product&#038;p=160064"},"modified":"2026-04-09T11:23:27","modified_gmt":"2026-04-09T09:23:27","slug":"axis-t91a64-hornfaste-for-vaggfastena-t91b6-och-t91d61-inomhus-och-utomhusbruk-vit","status":"publish","type":"product","link":"https:\/\/secureus.se\/fr\/axis-t91a64-hornfaste-for-vaggfastena-t91b6-och-t91d61-inomhus-och-utomhusbruk-vit\/","title":{"rendered":"Support d&#039;angle AXIS T91A64 pour fixations murales T91B6 et T91D61, usage int\u00e9rieur et ext\u00e9rieur, blanc"},"content":{"rendered":"<h1>Support d&#039;angle AXIS T91A64 pour fixations murales T91B6 et T91D61, usage int\u00e9rieur et ext\u00e9rieur, blanc<\/h1>\n<p class=\"ds-markdown-paragraph\"><strong>Pr\u00e9sentation du produit<\/strong><\/p>\n<p class=\"ds-markdown-paragraph\">Le support d&#039;angle robuste en aluminium Axis T91A64 est con\u00e7u pour fixer les cam\u00e9ras r\u00e9seau Axis dans les angles ext\u00e9rieurs. Son installation n\u00e9cessite un support mural (vendu s\u00e9par\u00e9ment) et il est compatible avec les supports muraux AXIS T91B6 et AXIS T91D61. Gr\u00e2ce \u00e0 son indice de protection IK10, il convient aussi bien \u00e0 une utilisation int\u00e9rieure qu&#039;ext\u00e9rieure.<\/p>\n<p class=\"ds-markdown-paragraph\"><strong>Caract\u00e9ristiques principales<\/strong><\/p>\n<ul>\n<li>\n<p class=\"ds-markdown-paragraph\">Fixation robuste et s\u00e9curis\u00e9e sur les angles ext\u00e9rieurs<\/p>\n<\/li>\n<li>\n<p class=\"ds-markdown-paragraph\">Convient pour une utilisation int\u00e9rieure et ext\u00e9rieure<\/p>\n<\/li>\n<li>\n<p class=\"ds-markdown-paragraph\">Installation simple<\/p>\n<\/li>\n<li>\n<p class=\"ds-markdown-paragraph\">aluminium blanc thermolaqu\u00e9<\/p>\n<\/li>\n<\/ul>\n<p class=\"ds-markdown-paragraph\"><strong>Compatibilit\u00e9<\/strong><\/p>\n<ul>\n<li>\n<p class=\"ds-markdown-paragraph\">Support mural AXIS T91B6<\/p>\n<\/li>\n<li>\n<p class=\"ds-markdown-paragraph\">Support mural AXIS T91D61 1,5\u2033 NPS<\/p>\n<\/li>\n<li>\n<p class=\"ds-markdown-paragraph\">Support mural AXIS T91161<\/p>\n<\/li>\n<li>\n<p class=\"ds-markdown-paragraph\">Support mural AXIS T91061<\/p>\n<\/li>\n<\/ul>\n<p class=\"ds-markdown-paragraph\"><strong>Informations techniques<\/strong><\/p>\n<ul>\n<li>\n<p class=\"ds-markdown-paragraph\">Charge maximale : 25 kg<\/p>\n<\/li>\n<li>\n<p class=\"ds-markdown-paragraph\">Poids : 1250 g<\/p>\n<\/li>\n<li>\n<p class=\"ds-markdown-paragraph\">Mat\u00e9riel: Aluminium<\/p>\n<\/li>\n<li>\n<p class=\"ds-markdown-paragraph\">Couleur: Blanc<\/p>\n<\/li>\n<li>\n<ul>\n<li>\n<p class=\"ds-markdown-paragraph\">Contenu : Guide d&#039;installation<\/p>\n<\/li>\n<li>\n<p class=\"ds-markdown-paragraph\"><strong>Certifications<\/strong><\/p>\n<\/li>\n<\/ul>\n<ul>\n<li>\n<p class=\"ds-markdown-paragraph\">Impact : IEC 62262 IK10<\/p>\n<\/li>\n<li>\n<p class=\"ds-markdown-paragraph\">Environnement : EN 50581<\/p>\n<\/li>\n<\/ul>\n<\/li>\n<\/ul>","protected":false},"excerpt":{"rendered":"<p>L&#039;Axis T91A64 offre une solution flexible et fiable pour le montage de cam\u00e9ras en angle, ax\u00e9e sur la stabilit\u00e9 et la durabilit\u00e9.<\/p>","protected":false},"featured_media":160062,"template":"","meta":{"_acf_changed":false},"product_brand":[],"product_cat":[4954],"product_tag":[],"class_list":{"0":"post-160064","1":"product","2":"type-product","3":"status-publish","4":"has-post-thumbnail","6":"product_cat-axis-stativ-fasten","7":"pa_brands-axis","8":"pa_farg-vit","9":"tm-no-options","11":"first","12":"onbackorder","13":"sale","14":"taxable","15":"shipping-taxable","16":"purchasable","17":"product-type-simple"},"acf":[],"_links":{"self":[{"href":"https:\/\/secureus.se\/fr\/wp-json\/wp\/v2\/product\/160064","targetHints":{"allow":["GET"]}}],"collection":[{"href":"https:\/\/secureus.se\/fr\/wp-json\/wp\/v2\/product"}],"about":[{"href":"https:\/\/secureus.se\/fr\/wp-json\/wp\/v2\/types\/product"}],"wp:featuredmedia":[{"embeddable":true,"href":"https:\/\/secureus.se\/fr\/wp-json\/wp\/v2\/media\/160062"}],"wp:attachment":[{"href":"https:\/\/secureus.se\/fr\/wp-json\/wp\/v2\/media?parent=160064"}],"wp:term":[{"taxonomy":"product_brand","embeddable":true,"href":"https:\/\/secureus.se\/fr\/wp-json\/wp\/v2\/product_brand?post=160064"},{"taxonomy":"product_cat","embeddable":true,"href":"https:\/\/secureus.se\/fr\/wp-json\/wp\/v2\/product_cat?post=160064"},{"taxonomy":"product_tag","embeddable":true,"href":"https:\/\/secureus.se\/fr\/wp-json\/wp\/v2\/product_tag?post=160064"}],"curies":[{"name":"wp","href":"https:\/\/api.w.org\/{rel}","templated":true}]}}