{"id":160066,"date":"2025-11-21T11:12:27","date_gmt":"2025-11-21T10:12:27","guid":{"rendered":"https:\/\/secureus.se\/?post_type=product&#038;p=160066"},"modified":"2026-04-23T13:10:50","modified_gmt":"2026-04-23T11:10:50","slug":"axis-tu6007-e-kabel-8m","status":"publish","type":"product","link":"https:\/\/secureus.se\/fr\/axis-tu6007-e-kabel-8m\/","title":{"rendered":"C\u00e2ble AXIS TU6007-E, 8 m"},"content":{"rendered":"<h1>C\u00e2ble AXIS TU6007-E, 8 m<\/h1>\n<div class=\"dad65929\">\n<div class=\"_4f9bf79 d7dc56a8 _43c05b5\">\n<div class=\"ds-message _63c77b1\">\n<div class=\"ds-markdown\">\n<p class=\"ds-markdown-paragraph\"><strong>Pr\u00e9sentation du produit<\/strong><\/p>\n<p class=\"ds-markdown-paragraph\">Le c\u00e2ble Axis TU6007-E est un c\u00e2ble robuste et flexible sp\u00e9cialement con\u00e7u pour la deuxi\u00e8me g\u00e9n\u00e9ration de cam\u00e9ras modulaires de la s\u00e9rie Axis F.<\/p>\n<p class=\"ds-markdown-paragraph\">Avec un rayon de courbure de 30 mm et une protection IP66\/67 sur le connecteur SMA, le c\u00e2ble convient \u00e0 une utilisation aussi bien en int\u00e9rieur qu&#039;en ext\u00e9rieur.<\/p>\n<p class=\"ds-markdown-paragraph\">Il est disponible en deux longueurs \u2013 1 m\u00e8tre et 8 m\u00e8tres \u2013 et est compatible avec les unit\u00e9s principales Axis F91 ainsi qu&#039;avec les unit\u00e9s de capteurs F21, F72 et F41.<\/p>\n<p class=\"ds-markdown-paragraph\"><strong>Caract\u00e9ristiques principales<\/strong><\/p>\n<ul>\n<li>\n<p class=\"ds-markdown-paragraph\">Uniquement pour les appareils photo de la s\u00e9rie F de 2e g\u00e9n\u00e9ration<\/p>\n<\/li>\n<li>\n<p class=\"ds-markdown-paragraph\">protection IP66\/67 (c\u00f4t\u00e9 SMA)<\/p>\n<\/li>\n<li>\n<p class=\"ds-markdown-paragraph\">Rayon de courbure 30 mm<\/p>\n<\/li>\n<li>\n<p class=\"ds-markdown-paragraph\">Con\u00e7u pour une utilisation en ext\u00e9rieur<\/p>\n<\/li>\n<li>\n<p class=\"ds-markdown-paragraph\">Disponible en 1 m et 8 m<\/p>\n<\/li>\n<\/ul>\n<p class=\"ds-markdown-paragraph\"><strong>Compatibilit\u00e9<\/strong><\/p>\n<ul>\n<li>\n<p class=\"ds-markdown-paragraph\">Unit\u00e9 principale Axis F91<\/p>\n<\/li>\n<li>\n<p class=\"ds-markdown-paragraph\">Unit\u00e9 de capteur Axis F21<\/p>\n<\/li>\n<li>\n<p class=\"ds-markdown-paragraph\">Unit\u00e9 de capteur Axis F72<\/p>\n<\/li>\n<li>\n<p class=\"ds-markdown-paragraph\">Unit\u00e9 de capteur Axis F41<\/p>\n<\/li>\n<\/ul>\n<p class=\"ds-markdown-paragraph\"><strong>Informations techniques<\/strong><\/p>\n<ul>\n<li>\n<p class=\"ds-markdown-paragraph\">Longueur : 8 m (26 pi)<\/p>\n<\/li>\n<li>\n<p class=\"ds-markdown-paragraph\">Couleur: Noir<\/p>\n<\/li>\n<li>\n<p class=\"ds-markdown-paragraph\">Imp\u00e9dance : 50 ohms<\/p>\n<\/li>\n<li>\n<p class=\"ds-markdown-paragraph\">Fr\u00e9quence : 0\u20133 GHz<\/p>\n<\/li>\n<li>\n<p class=\"ds-markdown-paragraph\">Connecteurs : SMA, FAKRA<\/p>\n<\/li>\n<li>\n<p class=\"ds-markdown-paragraph\">Temp\u00e9rature : -40 \u00b0C \u00e0 +75 \u00b0C<\/p>\n<\/li>\n<li>\n<p class=\"ds-markdown-paragraph\">Poids : 124 g (version 8 m)<\/p>\n<\/li>\n<\/ul>\n<p class=\"ds-markdown-paragraph\"><strong>Certifications<\/strong><\/p>\n<ul>\n<li>\n<p class=\"ds-markdown-paragraph\">UL CM E164469-F6<\/p>\n<\/li>\n<li>\n<p class=\"ds-markdown-paragraph\">UN ECE R118<\/p>\n<\/li>\n<\/ul>\n<p class=\"ds-markdown-paragraph\">L&#039;Axis TU6007-E offre une solution de connectivit\u00e9 fiable pour les syst\u00e8mes de cam\u00e9ras modulaires avanc\u00e9s dans des environnements exigeants.<\/p>\n<\/div>\n<\/div>\n<\/div>\n<\/div>\n<div class=\"sc-bczRLJ fySwpa\">\n<div class=\"sc-bczRLJ kEeNDb\"><\/div>\n<\/div>","protected":false},"excerpt":{"rendered":"<p>C\u00e2ble robuste pour int\u00e9rieur\/ext\u00e9rieur pour la s\u00e9rie Axis F. Protection IP66\/67, rayon de courbure 30 mm.<\/p>\n<p>Compatible avec les mod\u00e8les F91, F21, F72 et F41. R\u00e9siste aux temp\u00e9ratures extr\u00eames (-40\u00b0C \u00e0 +75\u00b0C).<\/p>\n<p>Id\u00e9al pour les cam\u00e9ras modulaires en environnements difficiles.<\/p>","protected":false},"featured_media":160065,"template":"","meta":{"_acf_changed":false},"product_brand":[],"product_cat":[4956],"product_tag":[],"class_list":{"0":"post-160066","1":"product","2":"type-product","3":"status-publish","4":"has-post-thumbnail","6":"product_cat-ovrigt-fran-axis","7":"pa_brands-axis","8":"pa_farg-svart","9":"tm-no-options","11":"first","12":"instock","13":"sale","14":"taxable","15":"shipping-taxable","16":"purchasable","17":"product-type-simple"},"acf":[],"_links":{"self":[{"href":"https:\/\/secureus.se\/fr\/wp-json\/wp\/v2\/product\/160066","targetHints":{"allow":["GET"]}}],"collection":[{"href":"https:\/\/secureus.se\/fr\/wp-json\/wp\/v2\/product"}],"about":[{"href":"https:\/\/secureus.se\/fr\/wp-json\/wp\/v2\/types\/product"}],"wp:featuredmedia":[{"embeddable":true,"href":"https:\/\/secureus.se\/fr\/wp-json\/wp\/v2\/media\/160065"}],"wp:attachment":[{"href":"https:\/\/secureus.se\/fr\/wp-json\/wp\/v2\/media?parent=160066"}],"wp:term":[{"taxonomy":"product_brand","embeddable":true,"href":"https:\/\/secureus.se\/fr\/wp-json\/wp\/v2\/product_brand?post=160066"},{"taxonomy":"product_cat","embeddable":true,"href":"https:\/\/secureus.se\/fr\/wp-json\/wp\/v2\/product_cat?post=160066"},{"taxonomy":"product_tag","embeddable":true,"href":"https:\/\/secureus.se\/fr\/wp-json\/wp\/v2\/product_tag?post=160066"}],"curies":[{"name":"wp","href":"https:\/\/api.w.org\/{rel}","templated":true}]}}