{"id":160071,"date":"2025-11-21T11:12:28","date_gmt":"2025-11-21T10:12:28","guid":{"rendered":"https:\/\/secureus.se\/?post_type=product&#038;p=160071"},"modified":"2026-04-23T13:10:46","modified_gmt":"2026-04-23T11:10:46","slug":"axis-tu6004-e-kabel-for-modulara-kameror-i-f-serien-8-m-ip67","status":"publish","type":"product","link":"https:\/\/secureus.se\/fr\/axis-tu6004-e-kabel-for-modulara-kameror-i-f-serien-8-m-ip67\/","title":{"rendered":"C\u00e2ble AXIS TU6004-E pour cam\u00e9ras modulaires s\u00e9rie F, 8 m, IP67"},"content":{"rendered":"<h1>C\u00e2ble AXIS TU6004-E pour cam\u00e9ras modulaires s\u00e9rie F, 8 m, IP67<\/h1>\n<p class=\"ds-markdown-paragraph\"><strong>Pr\u00e9sentation du produit<\/strong><\/p>\n<p class=\"ds-markdown-paragraph\">L&#039;Axis TU6004-E est un c\u00e2ble professionnel d&#039;int\u00e9rieur et d&#039;ext\u00e9rieur sp\u00e9cialement con\u00e7u pour la deuxi\u00e8me g\u00e9n\u00e9ration de cam\u00e9ras modulaires de la s\u00e9rie F d&#039;Axis.<\/p>\n<p class=\"ds-markdown-paragraph\">Ce c\u00e2ble flexible et robuste offre une capacit\u00e9 de bande passante \u00e9lev\u00e9e afin de minimiser la latence entre les unit\u00e9s de capteurs et les unit\u00e9s principales.<\/p>\n<p class=\"ds-markdown-paragraph\">Gr\u00e2ce \u00e0 son niveau de protection avanc\u00e9 et \u00e0 sa large compatibilit\u00e9, il est id\u00e9al pour les installations de surveillance exigeantes, aussi bien en bureau qu&#039;en ext\u00e9rieur.<\/p>\n<p class=\"ds-markdown-paragraph\"><strong>Caract\u00e9ristiques principales<\/strong><\/p>\n<ul>\n<li>\n<p class=\"ds-markdown-paragraph\">Indice de protection IP67, IP66 et IP6K9K pour une protection fiable<\/p>\n<\/li>\n<li>\n<p class=\"ds-markdown-paragraph\">Rayon de courbure de 40 mm pour une installation flexible<\/p>\n<\/li>\n<li>\n<p class=\"ds-markdown-paragraph\">Bande passante \u00e9lev\u00e9e pour une latence minimale<\/p>\n<\/li>\n<li>\n<p class=\"ds-markdown-paragraph\">Con\u00e7u pour une utilisation int\u00e9rieure et ext\u00e9rieure<\/p>\n<\/li>\n<li>\n<p class=\"ds-markdown-paragraph\">Disponible en versions 1 m, 8 m et 30 m<\/p>\n<\/li>\n<\/ul>\n<p class=\"ds-markdown-paragraph\"><strong>Compatibilit\u00e9<\/strong><\/p>\n<ul>\n<li>\n<p class=\"ds-markdown-paragraph\">Unit\u00e9s principales Axis F91<\/p>\n<\/li>\n<li>\n<p class=\"ds-markdown-paragraph\">Unit\u00e9s de capteurs Axis F21<\/p>\n<\/li>\n<li>\n<p class=\"ds-markdown-paragraph\">Capteur de d\u00f4me Axis F4105-LRE<\/p>\n<\/li>\n<li>\n<p class=\"ds-markdown-paragraph\">Capteur \u00e0 micro-orifice Axis F7225-RE<\/p>\n<\/li>\n<li>\n<p class=\"ds-markdown-paragraph\">La longueur peut \u00eatre personnalis\u00e9e gr\u00e2ce au kit de connecteurs Axis TU6003.<\/p>\n<\/li>\n<li>\n<p class=\"ds-markdown-paragraph\"><strong>Informations techniques<\/strong><\/p>\n<ul>\n<li>\n<p class=\"ds-markdown-paragraph\">Longueur : 8 m (26 pi)<\/p>\n<\/li>\n<li>\n<p class=\"ds-markdown-paragraph\">Couleur: Noir<\/p>\n<\/li>\n<li>\n<p class=\"ds-markdown-paragraph\">Imp\u00e9dance : 50 ohms<\/p>\n<\/li>\n<li>\n<p class=\"ds-markdown-paragraph\">Gamme de fr\u00e9quences : 0\u20133 GHz<\/p>\n<\/li>\n<li>\n<p class=\"ds-markdown-paragraph\">Connecteurs : SMA et FAKRA<\/p>\n<\/li>\n<li>\n<p class=\"ds-markdown-paragraph\">R\u00e9sistance \u00e0 la temp\u00e9rature : -40 \u00b0C \u00e0 +75 \u00b0C<\/p>\n<\/li>\n<li>\n<p class=\"ds-markdown-paragraph\">R\u00e9sistance \u00e0 l&#039;humidit\u00e9 : 10\u2013100% HR (avec condensation)<\/p>\n<\/li>\n<li>\n<p class=\"ds-markdown-paragraph\">Poids : 300 g (version 8 m)<\/p>\n<\/li>\n<\/ul>\n<\/li>\n<\/ul>\n<div class=\"sc-bczRLJ fySwpa\">\n<div class=\"sc-bczRLJ kEeNDb\">\n<p class=\"ds-markdown-paragraph\"><strong>Certifications et garanties<\/strong><\/p>\n<ul>\n<li>\n<p class=\"ds-markdown-paragraph\">UL CL2 R\u00e9sistant \u00e0 la lumi\u00e8re du soleil E335585-T<\/p>\n<\/li>\n<li>\n<p class=\"ds-markdown-paragraph\">UN ECE R118<\/p>\n<\/li>\n<li>\n<p class=\"ds-markdown-paragraph\">Garantie de 3 ans d&#039;Axis<\/p>\n<\/li>\n<\/ul>\n<p class=\"ds-markdown-paragraph\">Le c\u00e2ble Axis TU6004-E repr\u00e9sente une technologie de pointe pour les syst\u00e8mes de vid\u00e9osurveillance professionnels, ax\u00e9e sur la fiabilit\u00e9, la performance et une longue dur\u00e9e de vie dans des conditions environnementales vari\u00e9es.<\/p>\n<\/div>\n<\/div>","protected":false},"excerpt":{"rendered":"<div class=\"_4f9bf79 _43c05b5\">\n<div class=\"ds-message _63c77b1\">\n<div class=\"ds-markdown\">\n<p class=\"ds-markdown-paragraph\">C\u00e2ble robuste certifi\u00e9 IP67 pour la s\u00e9rie Axis F.<\/p>\n<p class=\"ds-markdown-paragraph\">Rayon de courbure de 40 mm, bande passante \u00e9lev\u00e9e pour une latence minimale.<\/p>\n<p class=\"ds-markdown-paragraph\">Compatible avec F91, F21, F4105-LRE et F7225-RE.<\/p>\n<p class=\"ds-markdown-paragraph\">Fonctionne dans des conditions de temp\u00e9ratures extr\u00eames (-40\u00b0C \u00e0 +75\u00b0C).<\/p>\n<p class=\"ds-markdown-paragraph\">Disponible en versions 1 m, 8 m et 30 m.<\/p>\n<\/div>\n<\/div>\n<div class=\"ds-theme\"><\/div>\n<div class=\"ds-flex _0a3d93b\">\n<div class=\"ds-flex _965abe9\">\n<div class=\"ds-icon-button db183363\" role=\"button\">\n<div class=\"ds-icon-button__hover-bg\"><\/div>\n<\/div>\n<div class=\"ds-icon-button db183363\" role=\"button\">\n<div class=\"ds-icon-button__hover-bg\">\n<div class=\"_4f9bf79 _43c05b5\">\n<div class=\"ds-message _63c77b1\">\n<div class=\"ds-markdown\">\n<p class=\"ds-markdown-paragraph\">\n<\/div>\n<\/div>\n<div class=\"ds-theme\"><\/div>\n<div class=\"ds-flex _0a3d93b\">\n<div class=\"ds-flex _965abe9\">\n<div class=\"ds-icon-button db183363\" role=\"button\">\n<div class=\"ds-icon-button__hover-bg\"><\/div>\n<div class=\"ds-icon\"><\/div>\n<\/div>\n<div class=\"ds-icon-button db183363 ds-icon-button--disabled\" role=\"button\">\n<div class=\"ds-icon\"><\/div>\n<\/div>\n<div class=\"ds-icon-button db183363\" role=\"button\">\n<div class=\"ds-icon-button__hover-bg\"><\/div>\n<div class=\"ds-icon\"><\/div>\n<\/div>\n<div class=\"ds-icon-button db183363\" role=\"button\">\n<div class=\"ds-icon-button__hover-bg\"><\/div>\n<div class=\"ds-icon\"><\/div>\n<\/div>\n<div class=\"ds-icon-button db183363\" role=\"button\">\n<div class=\"ds-icon-button__hover-bg\"><\/div>\n<div class=\"ds-icon\"><\/div>\n<\/div>\n<\/div>\n<div><\/div>\n<\/div>\n<\/div>\n<div class=\"_9663006\" data-um-id=\"33\">\n<div class=\"d29f3d7d ds-message _63c77b1\"><\/div>\n<\/div>\n<\/div>\n<div class=\"ds-icon\"><\/div>\n<\/div>\n<div class=\"ds-icon-button db183363\" role=\"button\">\n<div class=\"ds-icon-button__hover-bg\"><\/div>\n<div class=\"ds-icon\"><\/div>\n<\/div>\n<div class=\"ds-icon-button db183363\" role=\"button\">\n<div class=\"ds-icon-button__hover-bg\"><\/div>\n<div class=\"ds-icon\"><\/div>\n<\/div>\n<\/div>\n<div><\/div>\n<\/div>\n<\/div>\n<div class=\"_9663006\" data-um-id=\"33\">\n<div class=\"d29f3d7d ds-message _63c77b1\"><\/div>\n<\/div>","protected":false},"featured_media":160070,"template":"","meta":{"_acf_changed":false},"product_brand":[],"product_cat":[4956],"product_tag":[],"class_list":{"0":"post-160071","1":"product","2":"type-product","3":"status-publish","4":"has-post-thumbnail","6":"product_cat-ovrigt-fran-axis","7":"pa_brands-axis","8":"pa_farg-svart","9":"tm-no-options","11":"first","12":"onbackorder","13":"sale","14":"taxable","15":"shipping-taxable","16":"purchasable","17":"product-type-simple"},"acf":[],"_links":{"self":[{"href":"https:\/\/secureus.se\/fr\/wp-json\/wp\/v2\/product\/160071","targetHints":{"allow":["GET"]}}],"collection":[{"href":"https:\/\/secureus.se\/fr\/wp-json\/wp\/v2\/product"}],"about":[{"href":"https:\/\/secureus.se\/fr\/wp-json\/wp\/v2\/types\/product"}],"wp:featuredmedia":[{"embeddable":true,"href":"https:\/\/secureus.se\/fr\/wp-json\/wp\/v2\/media\/160070"}],"wp:attachment":[{"href":"https:\/\/secureus.se\/fr\/wp-json\/wp\/v2\/media?parent=160071"}],"wp:term":[{"taxonomy":"product_brand","embeddable":true,"href":"https:\/\/secureus.se\/fr\/wp-json\/wp\/v2\/product_brand?post=160071"},{"taxonomy":"product_cat","embeddable":true,"href":"https:\/\/secureus.se\/fr\/wp-json\/wp\/v2\/product_cat?post=160071"},{"taxonomy":"product_tag","embeddable":true,"href":"https:\/\/secureus.se\/fr\/wp-json\/wp\/v2\/product_tag?post=160071"}],"curies":[{"name":"wp","href":"https:\/\/api.w.org\/{rel}","templated":true}]}}