{"id":160078,"date":"2025-11-21T11:12:28","date_gmt":"2025-11-21T10:12:28","guid":{"rendered":"https:\/\/secureus.se\/?post_type=product&#038;p=160078"},"modified":"2026-04-09T11:22:58","modified_gmt":"2026-04-09T09:22:58","slug":"axis-m3086-v-4mp-mini-dome-kamera-med-deep-learning-inomhus","status":"publish","type":"product","link":"https:\/\/secureus.se\/fr\/axis-m3086-v-4mp-mini-dome-kamera-med-deep-learning-inomhus\/","title":{"rendered":"Cam\u00e9ra mini-d\u00f4me d'int\u00e9rieur AXIS M3086-V 4MP avec Deep Learning"},"content":{"rendered":"<h1>Cam\u00e9ra mini-d\u00f4me d'int\u00e9rieur AXIS M3086-V 4MP avec Deep Learning<\/h1>\n<p class=\"ds-markdown-paragraph\"><strong>Pr\u00e9sentation du produit<\/strong><\/p>\n<p class=\"ds-markdown-paragraph\">L&#039;Axis M3086-V est une mini-cam\u00e9ra d\u00f4me 4MP \u00e9conomique dot\u00e9e d&#039;une technologie d&#039;apprentissage profond avanc\u00e9e pour une analyse vid\u00e9o intelligente.<\/p>\n<p class=\"ds-markdown-paragraph\">Gr\u00e2ce \u00e0 sa conception compacte et r\u00e9sistante au vandalisme, cette cam\u00e9ra est id\u00e9ale pour les installations int\u00e9rieures n\u00e9cessitant une surveillance discr\u00e8te et des analyses avanc\u00e9es.<\/p>\n<p class=\"ds-markdown-paragraph\"><strong>Qualit\u00e9 d&#039;image et performances avanc\u00e9es<\/strong><br \/>\nL&#039;appareil photo offre une qualit\u00e9 d&#039;image exceptionnelle avec une r\u00e9solution de 4 MP et un grand angle de 130\u00b0.<\/p>\n<p class=\"ds-markdown-paragraph\">Gr\u00e2ce \u00e0 la technologie Axis Lightfinder, il offre des images aux couleurs nettes m\u00eame en faible luminosit\u00e9, tandis que la plage dynamique \u00e9tendue (WDR) assure une qualit\u00e9 d&#039;image optimale dans les sc\u00e9narios pr\u00e9sentant de forts contrastes lumineux.<\/p>\n<p class=\"ds-markdown-paragraph\">L&#039;appareil photo est livr\u00e9 avec la mise au point en usine et ne n\u00e9cessite aucun r\u00e9glage manuel.<\/p>\n<p class=\"ds-markdown-paragraph\"><strong>Analyse intelligente gr\u00e2ce \u00e0 l&#039;apprentissage profond<\/strong><br \/>\nGr\u00e2ce \u00e0 une unit\u00e9 de traitement d\u00e9di\u00e9e \u00e0 l&#039;apprentissage profond, la cam\u00e9ra permet une analyse IA avanc\u00e9e directement int\u00e9gr\u00e9e.<\/p>\n<p class=\"ds-markdown-paragraph\">AXIS Object Analytics est pr\u00e9install\u00e9 et peut d\u00e9tecter et classifier les personnes, les v\u00e9hicules et les types de v\u00e9hicules en temps r\u00e9el.<\/p>\n<p class=\"ds-markdown-paragraph\">La cam\u00e9ra prend \u00e9galement en charge AXIS Audio Analytics (dans la variante microphone) pour la d\u00e9tection et la classification du son.<\/p>\n<p class=\"ds-markdown-paragraph\"><strong>Construction robuste et s\u00fbre<\/strong><br \/>\nAvec une protection IP42 contre la poussi\u00e8re et les projections d&#039;eau et une protection antivandale IK08, la cam\u00e9ra est adapt\u00e9e aux environnements exigeants.<\/p>\n<p class=\"ds-markdown-paragraph\">Gr\u00e2ce \u00e0 sa conception compacte et \u00e0 sa fixation \u00e0 ba\u00efonnette, l&#039;installation est rapide et facile. Axis Edge Vault garantit la cybers\u00e9curit\u00e9 gr\u00e2ce \u00e0 un chiffrement mat\u00e9riel et une protection contre les acc\u00e8s non autoris\u00e9s.<\/p>\n<p class=\"ds-markdown-paragraph\"><strong>Informations techniques<\/strong><\/p>\n<ul>\n<li>\n<p class=\"ds-markdown-paragraph\">Capteur : CMOS RVB 1\/2,7\u2033<\/p>\n<\/li>\n<li>\n<p class=\"ds-markdown-paragraph\">Objectif : objectif fixe de 2,4 mm, F2.1<\/p>\n<\/li>\n<li>\n<p class=\"ds-markdown-paragraph\">Sensibilit\u00e9 \u00e0 la lumi\u00e8re\u00a0: 0,19 lux en couleur avec Lightfinder<\/p>\n<\/li>\n<li>\n<p class=\"ds-markdown-paragraph\">Compression vid\u00e9o\u00a0: H.264, H.265, Motion JPEG<\/p>\n<\/li>\n<li>\n<p class=\"ds-markdown-paragraph\">R\u00e9seau\u00a0: Alimentation par Ethernet (PoE)<\/p>\n<\/li>\n<li>\n<p class=\"ds-markdown-paragraph\">Stockage\u00a0: carte microSD et NAS<\/p>\n<\/li>\n<li>\n<p class=\"ds-markdown-paragraph\">Certifications : CE, FCC, IP42, IK08<\/p>\n<\/li>\n<\/ul>\n<p class=\"ds-markdown-paragraph\"><strong>Fonctions d&#039;analyse<\/strong><\/p>\n<ul>\n<li>\n<p class=\"ds-markdown-paragraph\">AXIS Object Analytics : D\u00e9tection de personnes et de v\u00e9hicules<\/p>\n<\/li>\n<li>\n<p class=\"ds-markdown-paragraph\">AXIS Audio Analytics\u00a0: D\u00e9tection et classification des sons<\/p>\n<\/li>\n<li>\n<p class=\"ds-markdown-paragraph\">M\u00e9tadonn\u00e9es de sc\u00e8ne AXIS\u00a0: Extraction avanc\u00e9e des m\u00e9tadonn\u00e9es<\/p>\n<\/li>\n<li>\n<p class=\"ds-markdown-paragraph\">D\u00e9tection de mouvement vid\u00e9o AXIS\u00a0: D\u00e9tection de mouvement<\/p>\n<\/li>\n<li>\n<p class=\"ds-markdown-paragraph\">Assistance pour les applications ACAP<\/p>\n<\/li>\n<\/ul>\n<p class=\"ds-markdown-paragraph\">L&#039;Axis M3086-V combine une technologie d&#039;imagerie avanc\u00e9e et des analyses intelligentes pour cr\u00e9er une solution de surveillance compl\u00e8te pour les environnements int\u00e9rieurs modernes.<\/p>\n<p class=\"ds-markdown-paragraph\">Gr\u00e2ce \u00e0 sa conception compacte et \u00e0 ses capacit\u00e9s d&#039;analyse \u00e9tendues, la cam\u00e9ra offre \u00e0 la fois une s\u00e9curit\u00e9 pr\u00e9ventive et une surveillance post-mortem efficace.<\/p>\n<div class=\"sc-bczRLJ gTFQwC\">\n<div class=\"sc-bczRLJ fySwpa\">\n<div class=\"sc-bczRLJ kEeNDb\"><\/div>\n<\/div>\n<\/div>","protected":false},"excerpt":{"rendered":"<p>D\u00f4me d'int\u00e9rieur compact avec analyse d'apprentissage en profondeur. 4MP, grand angle de 130\u00b0, WDR et Lightfinder pour une bonne image m\u00eame en cas de faible luminosit\u00e9. IA int\u00e9gr\u00e9e pour la d\u00e9tection des personnes et des v\u00e9hicules.<\/p>\n<p>R\u00e9sistant au vandalisme (IK08), facile \u00e0 installer avec PoE, id\u00e9al pour une surveillance intelligente avec des analyses avanc\u00e9es.<\/p>","protected":false},"featured_media":160074,"template":"","meta":{"_acf_changed":false},"product_brand":[],"product_cat":[4950],"product_tag":[],"class_list":{"0":"post-160078","1":"product","2":"type-product","3":"status-publish","4":"has-post-thumbnail","6":"product_cat-axis-domekameror","7":"pa_brands-axis","8":"pa_farg-vit","9":"tm-no-options","11":"first","12":"instock","13":"sale","14":"taxable","15":"shipping-taxable","16":"purchasable","17":"product-type-simple"},"acf":[],"_links":{"self":[{"href":"https:\/\/secureus.se\/fr\/wp-json\/wp\/v2\/product\/160078","targetHints":{"allow":["GET"]}}],"collection":[{"href":"https:\/\/secureus.se\/fr\/wp-json\/wp\/v2\/product"}],"about":[{"href":"https:\/\/secureus.se\/fr\/wp-json\/wp\/v2\/types\/product"}],"wp:featuredmedia":[{"embeddable":true,"href":"https:\/\/secureus.se\/fr\/wp-json\/wp\/v2\/media\/160074"}],"wp:attachment":[{"href":"https:\/\/secureus.se\/fr\/wp-json\/wp\/v2\/media?parent=160078"}],"wp:term":[{"taxonomy":"product_brand","embeddable":true,"href":"https:\/\/secureus.se\/fr\/wp-json\/wp\/v2\/product_brand?post=160078"},{"taxonomy":"product_cat","embeddable":true,"href":"https:\/\/secureus.se\/fr\/wp-json\/wp\/v2\/product_cat?post=160078"},{"taxonomy":"product_tag","embeddable":true,"href":"https:\/\/secureus.se\/fr\/wp-json\/wp\/v2\/product_tag?post=160078"}],"curies":[{"name":"wp","href":"https:\/\/api.w.org\/{rel}","templated":true}]}}