{"id":160088,"date":"2025-11-21T11:12:28","date_gmt":"2025-11-21T10:12:28","guid":{"rendered":"https:\/\/secureus.se\/?post_type=product&#038;p=160088"},"modified":"2026-04-23T13:10:30","modified_gmt":"2026-04-23T11:10:30","slug":"axis-p9117-pv-hornmonterad-kamera-for-inomhusbruk","status":"publish","type":"product","link":"https:\/\/secureus.se\/fr\/axis-p9117-pv-hornmonterad-kamera-for-inomhusbruk\/","title":{"rendered":"Cam\u00e9ra d&#039;angle AXIS P9117-PV pour une utilisation en int\u00e9rieur"},"content":{"rendered":"<h1>Cam\u00e9ra d&#039;angle AXIS P9117-PV pour une utilisation en int\u00e9rieur<\/h1>\n<p class=\"ds-markdown-paragraph\"><strong>Pr\u00e9sentation du produit<\/strong><\/p>\n<p class=\"ds-markdown-paragraph\">L&#039;Axis P9117-PV est une cam\u00e9ra d&#039;angle sp\u00e9cialement con\u00e7ue pour une utilisation en int\u00e9rieur, offrant une vue panoramique compl\u00e8te \u00e0 360\u00b0 sans angles morts.<\/p>\n<p class=\"ds-markdown-paragraph\">Gr\u00e2ce \u00e0 sa conception compacte et r\u00e9sistante aux ligatures, cette cam\u00e9ra est id\u00e9ale pour les environnements exigeants tels que les \u00e9tablissements de sant\u00e9, les prisons et les espaces publics o\u00f9 la s\u00e9curit\u00e9 et la surveillance sont une priorit\u00e9.<\/p>\n<p class=\"ds-markdown-paragraph\"><strong>Qualit\u00e9 d&#039;image avanc\u00e9e gr\u00e2ce au capteur 6 MP<\/strong><\/p>\n<p class=\"ds-markdown-paragraph\">L&#039;appareil photo est \u00e9quip\u00e9 d&#039;un capteur de 6 m\u00e9gapixels et d&#039;un objectif st\u00e9r\u00e9ographique qui offre une qualit\u00e9 d&#039;image exceptionnelle avec un champ de vision horizontal et vertical de 176\u00b0.<\/p>\n<p class=\"ds-markdown-paragraph\">Gr\u00e2ce \u00e0 Axis Lightfinder et \u00e0 la technologie Forensic WDR, des images claires et d\u00e9taill\u00e9es sont garanties m\u00eame dans des conditions d&#039;\u00e9clairage difficiles ou en quasi-obscurit\u00e9.<\/p>\n<p class=\"ds-markdown-paragraph\"><strong>Analyse intelligente gr\u00e2ce \u00e0 l&#039;apprentissage profond<\/strong><\/p>\n<p class=\"ds-markdown-paragraph\">Gr\u00e2ce \u00e0 son processeur d&#039;apprentissage profond int\u00e9gr\u00e9, la cam\u00e9ra permet une analyse IA avanc\u00e9e directement dans l&#039;appareil.<\/p>\n<p class=\"ds-markdown-paragraph\">AXIS Object Analytics d\u00e9tecte et classe automatiquement les personnes et les v\u00e9hicules, tandis que le microphone int\u00e9gr\u00e9 permet \u00e0 AXIS Audio Analytics de d\u00e9tecter les sons.<\/p>\n<p class=\"ds-markdown-paragraph\"><strong>Construction robuste et s\u00fbre<\/strong><\/p>\n<p class=\"ds-markdown-paragraph\">Gr\u00e2ce \u00e0 ses indices de protection IP66 et IK10, la cam\u00e9ra est prot\u00e9g\u00e9e contre la poussi\u00e8re, l&#039;eau et le vandalisme.<\/p>\n<p class=\"ds-markdown-paragraph\">Sa conception r\u00e9sistante \u00e0 la ligature le rend difficile \u00e0 manipuler ou \u00e0 endommager.<\/p>\n<p class=\"ds-markdown-paragraph\">Axis Edge Vault assure une cybers\u00e9curit\u00e9 mat\u00e9rielle gr\u00e2ce \u00e0 un stockage chiffr\u00e9 et des flux vid\u00e9o sign\u00e9s.<\/p>\n<p class=\"ds-markdown-paragraph\"><strong>Informations techniques<\/strong><\/p>\n<ul>\n<li>\n<p class=\"ds-markdown-paragraph\">Capteur\u00a0: CMOS RVB 1\/1,8\u2033, 6\u00a0MP<\/p>\n<\/li>\n<li>\n<p class=\"ds-markdown-paragraph\">Objectif : objectif fixe de 1,1 mm, F2.2<\/p>\n<\/li>\n<li>\n<p class=\"ds-markdown-paragraph\">Champ de vision : 176\u00b0 horizontal et vertical (vue d&#039;ensemble)<\/p>\n<\/li>\n<li>\n<p class=\"ds-markdown-paragraph\">Compression vid\u00e9o\u00a0: H.264, H.265, Motion JPEG<\/p>\n<\/li>\n<li>\n<p class=\"ds-markdown-paragraph\">Audio : Microphone MEMS int\u00e9gr\u00e9<\/p>\n<\/li>\n<li>\n<p class=\"ds-markdown-paragraph\">R\u00e9seau\u00a0: Alimentation par Ethernet (PoE)<\/p>\n<\/li>\n<li>\n<p class=\"ds-markdown-paragraph\">Stockage\u00a0: carte microSD et NAS<\/p>\n<\/li>\n<li>\n<p class=\"ds-markdown-paragraph\">Certifications : IP66, IK10<\/p>\n<\/li>\n<\/ul>\n<p class=\"ds-markdown-paragraph\"><strong>Fonctions d&#039;analyse<\/strong><\/p>\n<ul>\n<li>\n<p class=\"ds-markdown-paragraph\">AXIS Object Analytics : D\u00e9tection de personnes et de v\u00e9hicules<\/p>\n<\/li>\n<li>\n<p class=\"ds-markdown-paragraph\">AXIS Audio Analytics\u00a0: D\u00e9tection et classification des sons<\/p>\n<\/li>\n<li>\n<p class=\"ds-markdown-paragraph\">D\u00e9tection de mouvement vid\u00e9o AXIS\u00a0: D\u00e9tection de mouvement<\/p>\n<\/li>\n<li>\n<p class=\"ds-markdown-paragraph\">Assistance pour les applications ACAP<\/p>\n<\/li>\n<\/ul>\n<p class=\"ds-markdown-paragraph\"><strong>Assemblage et installation<\/strong><\/p>\n<p class=\"ds-markdown-paragraph\">La cam\u00e9ra est sp\u00e9cialement con\u00e7ue pour un montage en angle sur un mur ou sur un mur et un plafond, offrant une couverture optimale sans angles morts.<\/p>\n<p class=\"ds-markdown-paragraph\">Il est facile \u00e0 installer et \u00e0 nettoyer, ce qui le rend id\u00e9al pour les environnements aux exigences d&#039;hygi\u00e8ne \u00e9lev\u00e9es.<\/p>\n<p class=\"ds-markdown-paragraph\">L&#039;Axis P9117-PV combine une technologie panoramique avanc\u00e9e avec des analyses intelligentes pour cr\u00e9er une solution de surveillance fiable pour les environnements int\u00e9rieurs exigeants o\u00f9 la s\u00e9curit\u00e9 et la discr\u00e9tion sont essentielles.<\/p>","protected":false},"excerpt":{"rendered":"<p>Cam\u00e9ra int\u00e9rieure avec vue panoramique \u00e0 360\u00b0 sans angle mort. 6 MP, microphone int\u00e9gr\u00e9 et analyse IA pour la d\u00e9tection de personnes et de v\u00e9hicules.<\/p>\n<p>R\u00e9sistant aux ligatures, protection IK10\/IP66.<\/p>\n<p>Id\u00e9al pour les \u00e9tablissements de sant\u00e9, les prisons et les lieux publics.<\/p>","protected":false},"featured_media":160084,"template":"","meta":{"_acf_changed":false},"product_brand":[],"product_cat":[4957],"product_tag":[],"class_list":{"0":"post-160088","1":"product","2":"type-product","3":"status-publish","4":"has-post-thumbnail","6":"product_cat-axis-horn-takkameror","7":"pa_brands-axis","8":"pa_farg-vit","9":"tm-no-options","11":"first","12":"onbackorder","13":"sale","14":"taxable","15":"shipping-taxable","16":"purchasable","17":"product-type-simple"},"acf":[],"_links":{"self":[{"href":"https:\/\/secureus.se\/fr\/wp-json\/wp\/v2\/product\/160088","targetHints":{"allow":["GET"]}}],"collection":[{"href":"https:\/\/secureus.se\/fr\/wp-json\/wp\/v2\/product"}],"about":[{"href":"https:\/\/secureus.se\/fr\/wp-json\/wp\/v2\/types\/product"}],"wp:featuredmedia":[{"embeddable":true,"href":"https:\/\/secureus.se\/fr\/wp-json\/wp\/v2\/media\/160084"}],"wp:attachment":[{"href":"https:\/\/secureus.se\/fr\/wp-json\/wp\/v2\/media?parent=160088"}],"wp:term":[{"taxonomy":"product_brand","embeddable":true,"href":"https:\/\/secureus.se\/fr\/wp-json\/wp\/v2\/product_brand?post=160088"},{"taxonomy":"product_cat","embeddable":true,"href":"https:\/\/secureus.se\/fr\/wp-json\/wp\/v2\/product_cat?post=160088"},{"taxonomy":"product_tag","embeddable":true,"href":"https:\/\/secureus.se\/fr\/wp-json\/wp\/v2\/product_tag?post=160088"}],"curies":[{"name":"wp","href":"https:\/\/api.w.org\/{rel}","templated":true}]}}