{"id":160102,"date":"2025-11-21T11:12:28","date_gmt":"2025-11-21T10:12:28","guid":{"rendered":"https:\/\/secureus.se\/?post_type=product&#038;p=160102"},"modified":"2026-04-01T12:16:08","modified_gmt":"2026-04-01T10:16:08","slug":"axis-m3086-v-m30-serien-4mp-vandalskyddad-ip-minidomkamera-med-zipstream-24-mm-fast-objektiv-ip42","status":"publish","type":"product","link":"https:\/\/secureus.se\/fr\/axis-m3086-v-m30-serien-4mp-vandalskyddad-ip-minidomkamera-med-zipstream-24-mm-fast-objektiv-ip42\/","title":{"rendered":"S\u00e9rie AXIS M3086-V M30, cam\u00e9ra IP mini-d\u00f4me 4MP anti-vandalisme avec zipstream, objectif fixe 2,4mm, IP42"},"content":{"rendered":"<h1>S\u00e9rie AXIS M3086-V M30, cam\u00e9ra IP mini-d\u00f4me 4MP anti-vandalisme avec zipstream, objectif fixe 2,4mm, IP42<\/h1>\n<div class=\"dad65929\">\n<div class=\"_4f9bf79 d7dc56a8 _43c05b5\">\n<div class=\"ds-message _63c77b1\">\n<div class=\"ds-markdown\">\n<p class=\"ds-markdown-paragraph\"><strong>Pr\u00e9sentation du produit<\/strong><\/p>\n<p class=\"ds-markdown-paragraph\">L&#039;Axis M3086-V est une mini-cam\u00e9ra d\u00f4me 4MP \u00e9conomique qui combine une technologie d&#039;imagerie avanc\u00e9e avec une analyse IA intelligente pour une surveillance int\u00e9rieure professionnelle.<\/p>\n<p class=\"ds-markdown-paragraph\">Gr\u00e2ce \u00e0 sa conception compacte et r\u00e9sistante au vandalisme, cette cam\u00e9ra est id\u00e9ale pour les magasins, les bureaux et les espaces publics o\u00f9 une surveillance discr\u00e8te et fiable est n\u00e9cessaire.<\/p>\n<p class=\"ds-markdown-paragraph\"><strong>Qualit\u00e9 d&#039;image exceptionnelle dans toutes les conditions d&#039;\u00e9clairage<\/strong><br \/>\nLa cam\u00e9ra offre une r\u00e9solution de 4 MP avec un grand angle de 130\u00b0 qui assure une couverture \u00e9tendue sans angles morts.<\/p>\n<p class=\"ds-markdown-paragraph\">Gr\u00e2ce \u00e0 la technologie Axis Lightfinder, elle offre des images aux couleurs nettes m\u00eame en faible luminosit\u00e9, tandis que la plage dynamique \u00e9tendue (WDR) garantit une qualit\u00e9 d&#039;image optimale dans les situations de fort contraste lumineux. La mise au point est effectu\u00e9e en usine et ne n\u00e9cessite aucun r\u00e9glage manuel.<\/p>\n<p class=\"ds-markdown-paragraph\"><strong>Analyse intelligente gr\u00e2ce \u00e0 l&#039;apprentissage profond<\/strong><br \/>\nGr\u00e2ce \u00e0 une unit\u00e9 de traitement d\u00e9di\u00e9e \u00e0 l&#039;apprentissage profond, la cam\u00e9ra permet une analyse IA avanc\u00e9e directement int\u00e9gr\u00e9e.<\/p>\n<p class=\"ds-markdown-paragraph\">AXIS Object Analytics est pr\u00e9install\u00e9 et peut d\u00e9tecter et classifier les personnes, les v\u00e9hicules et les types de v\u00e9hicules en temps r\u00e9el.<\/p>\n<p class=\"ds-markdown-paragraph\">La cam\u00e9ra prend \u00e9galement en charge AXIS Audio Analytics (dans la variante microphone) pour la d\u00e9tection et la classification du son.<\/p>\n<p class=\"ds-markdown-paragraph\"><strong>Construction robuste et s\u00fbre<\/strong><br \/>\nAvec une protection IP42 contre la poussi\u00e8re et les projections d&#039;eau et une protection antivandale IK08, la cam\u00e9ra est adapt\u00e9e aux environnements exigeants.<\/p>\n<p class=\"ds-markdown-paragraph\">Gr\u00e2ce \u00e0 sa conception compacte et \u00e0 sa fixation \u00e0 ba\u00efonnette, l&#039;installation est rapide et facile. Axis Edge Vault garantit la cybers\u00e9curit\u00e9 gr\u00e2ce \u00e0 un chiffrement mat\u00e9riel et une protection contre les acc\u00e8s non autoris\u00e9s.<\/p>\n<p class=\"ds-markdown-paragraph\"><strong>Informations techniques<\/strong><\/p>\n<ul>\n<li>\n<p class=\"ds-markdown-paragraph\">Capteur\u00a0: CMOS RVB 1\/2,7\u2033, 4\u00a0MP<\/p>\n<\/li>\n<li>\n<p class=\"ds-markdown-paragraph\">Objectif : objectif fixe de 2,4 mm, F2.1<\/p>\n<\/li>\n<li>\n<p class=\"ds-markdown-paragraph\">Champ de vision\u00a0: 130\u00b0 horizontal, 93\u00b0 vertical<\/p>\n<\/li>\n<li>\n<p class=\"ds-markdown-paragraph\">Sensibilit\u00e9 \u00e0 la lumi\u00e8re\u00a0: 0,19 lux en couleur avec Lightfinder<\/p>\n<\/li>\n<li>\n<p class=\"ds-markdown-paragraph\">Compression vid\u00e9o\u00a0: H.264, H.265, Motion JPEG<\/p>\n<\/li>\n<li>\n<p class=\"ds-markdown-paragraph\">Fr\u00e9quence d&#039;images\u00a0: 25\/30 images\/seconde<\/p>\n<\/li>\n<li>\n<p class=\"ds-markdown-paragraph\">R\u00e9seau\u00a0: Alimentation par Ethernet (PoE)<\/p>\n<\/li>\n<li>\n<p class=\"ds-markdown-paragraph\">Stockage\u00a0: carte microSD et NAS<\/p>\n<\/li>\n<li>\n<p class=\"ds-markdown-paragraph\">Consommation \u00e9lectrique : typique 3,6 W<\/p>\n<\/li>\n<li>\n<p class=\"ds-markdown-paragraph\">Certifications : IP42, IK08<\/p>\n<\/li>\n<\/ul>\n<p class=\"ds-markdown-paragraph\"><strong>Fonctions d&#039;analyse<\/strong><\/p>\n<ul>\n<li>\n<p class=\"ds-markdown-paragraph\">AXIS Object Analytics : D\u00e9tection de personnes et de v\u00e9hicules<\/p>\n<\/li>\n<li>\n<p class=\"ds-markdown-paragraph\">M\u00e9tadonn\u00e9es de sc\u00e8ne AXIS\u00a0: Extraction avanc\u00e9e des m\u00e9tadonn\u00e9es<\/p>\n<\/li>\n<li>\n<p class=\"ds-markdown-paragraph\">AXIS Audio Analytics\u00a0: D\u00e9tection et classification des sons (variante microphone)<\/p>\n<\/li>\n<li>\n<p class=\"ds-markdown-paragraph\">D\u00e9tection de mouvement vid\u00e9o AXIS\u00a0: D\u00e9tection de mouvement<\/p>\n<\/li>\n<li>\n<p class=\"ds-markdown-paragraph\">Bouclier de protection des donn\u00e9es AXIS Live\u00a0: Protection de la vie priv\u00e9e<\/p>\n<\/li>\n<li>\n<p class=\"ds-markdown-paragraph\">Assistance pour les applications ACAP<\/p>\n<\/li>\n<\/ul>\n<p class=\"ds-markdown-paragraph\"><strong>Assemblage et accessoires<\/strong><br \/>\nLa conception compacte de l&#039;appareil et sa fixation \u00e0 ba\u00efonnette permettent une installation rapide et facile.<\/p>\n<p class=\"ds-markdown-paragraph\">Elle offre une large gamme d&#039;accessoires de montage pour une installation flexible et peut \u00eatre compl\u00e9t\u00e9e par des accessoires audio et d&#039;E\/S pour des fonctionnalit\u00e9s \u00e9tendues.<\/p>\n<p class=\"ds-markdown-paragraph\">L&#039;Axis M3086-V combine une technologie d&#039;imagerie avanc\u00e9e et des analyses intelligentes pour cr\u00e9er une solution de surveillance rentable pour les environnements int\u00e9rieurs modernes.<\/p>\n<p class=\"ds-markdown-paragraph\">Gr\u00e2ce \u00e0 sa conception antivandale et \u00e0 ses capacit\u00e9s d&#039;analyse \u00e9tendues, la cam\u00e9ra offre \u00e0 la fois fiabilit\u00e9 et fonctionnalit\u00e9s avanc\u00e9es pour les besoins de surveillance professionnelle.<\/p>\n<\/div>\n<\/div>\n<div class=\"ds-theme\"><\/div>\n<\/div>\n<\/div>","protected":false},"excerpt":{"rendered":"<p>D\u00f4me d'int\u00e9rieur \u00e9conomique avec 4MP et un grand angle de 130\u00b0. WDR et Lightfinder pour une bonne image dans toutes les conditions de luminosit\u00e9.<\/p>\n<p>Analyse AI pour la d\u00e9tection des personnes et des v\u00e9hicules. R\u00e9sistant au vandalisme (IK08), installation facile avec PoE.<\/p>\n<p>Id\u00e9al pour les magasins et les bureaux.<\/p>","protected":false},"featured_media":160098,"template":"","meta":{"_acf_changed":false},"product_brand":[],"product_cat":[4950],"product_tag":[],"class_list":{"0":"post-160102","1":"product","2":"type-product","3":"status-publish","4":"has-post-thumbnail","6":"product_cat-axis-domekameror","7":"pa_brands-axis","8":"pa_farg-vit","9":"tm-no-options","11":"first","12":"onbackorder","13":"sale","14":"taxable","15":"shipping-taxable","16":"purchasable","17":"product-type-simple"},"acf":[],"_links":{"self":[{"href":"https:\/\/secureus.se\/fr\/wp-json\/wp\/v2\/product\/160102","targetHints":{"allow":["GET"]}}],"collection":[{"href":"https:\/\/secureus.se\/fr\/wp-json\/wp\/v2\/product"}],"about":[{"href":"https:\/\/secureus.se\/fr\/wp-json\/wp\/v2\/types\/product"}],"wp:featuredmedia":[{"embeddable":true,"href":"https:\/\/secureus.se\/fr\/wp-json\/wp\/v2\/media\/160098"}],"wp:attachment":[{"href":"https:\/\/secureus.se\/fr\/wp-json\/wp\/v2\/media?parent=160102"}],"wp:term":[{"taxonomy":"product_brand","embeddable":true,"href":"https:\/\/secureus.se\/fr\/wp-json\/wp\/v2\/product_brand?post=160102"},{"taxonomy":"product_cat","embeddable":true,"href":"https:\/\/secureus.se\/fr\/wp-json\/wp\/v2\/product_cat?post=160102"},{"taxonomy":"product_tag","embeddable":true,"href":"https:\/\/secureus.se\/fr\/wp-json\/wp\/v2\/product_tag?post=160102"}],"curies":[{"name":"wp","href":"https:\/\/api.w.org\/{rel}","templated":true}]}}