{"id":160105,"date":"2025-11-21T11:12:28","date_gmt":"2025-11-21T10:12:28","guid":{"rendered":"https:\/\/secureus.se\/?post_type=product&#038;p=160105"},"modified":"2026-04-23T13:01:54","modified_gmt":"2026-04-23T11:01:54","slug":"axis-m3216-lve-m32-serien-4mp-zipstream-ip-dome-kamera-29-mm-fast-objektiv-ir-30m-ip66-vit","status":"publish","type":"product","link":"https:\/\/secureus.se\/fr\/axis-m3216-lve-m32-serien-4mp-zipstream-ip-dome-kamera-29-mm-fast-objektiv-ir-30m-ip66-vit\/","title":{"rendered":"S\u00e9rie AXIS M3216-LVE M32, cam\u00e9ra d\u00f4me IP Zipstream 4MP, objectif fixe 2,9mm, IR 30M, IP66, blanc"},"content":{"rendered":"<h1>S\u00e9rie AXIS M3216-LVE M32, cam\u00e9ra d\u00f4me IP Zipstream 4MP, objectif fixe 2,9mm, IR 30M, IP66, blanc<\/h1>\n<h3>Pr\u00e9sentation du produit<\/h3>\n<p class=\"ds-markdown-paragraph\">L'AXIS M3216-LVE est une cam\u00e9ra r\u00e9seau \u00e9conomique de 4MP en forme de d\u00f4me. Elle est con\u00e7ue pour offrir une excellente qualit\u00e9 d'image dans toutes les conditions d'\u00e9clairage et dispose d'une intelligence int\u00e9gr\u00e9e pour l'analyse avanc\u00e9e directement dans la cam\u00e9ra (\" on the edge \").<\/p>\n<h3>Principales caract\u00e9ristiques<\/h3>\n<ul>\n<li>\n<p class=\"ds-markdown-paragraph\"><strong>Excellente qualit\u00e9 d'image 4MP :<\/strong>\u00a0Image nette en haute r\u00e9solution.<\/p>\n<\/li>\n<li>\n<p class=\"ds-markdown-paragraph\"><strong>Technologie d'imagerie avanc\u00e9e :<\/strong><\/p>\n<ul>\n<li>\n<p class=\"ds-markdown-paragraph\"><strong>Viseur :<\/strong>\u00a0Permet d'obtenir une bonne image couleur m\u00eame en cas de faible luminosit\u00e9.<\/p>\n<\/li>\n<li>\n<p class=\"ds-markdown-paragraph\"><strong>WDR m\u00e9dico-l\u00e9gal :<\/strong>\u00a0G\u00e8re bien les ombres noires et les zones lumineuses (jusqu'\u00e0 120 dB).<\/p>\n<\/li>\n<li>\n<p class=\"ds-markdown-paragraph\"><strong>Optimis\u00e9IR :<\/strong>\u00a0\u00c9clairage IR efficace d'une port\u00e9e de 30 m\u00e8tres.<\/p>\n<\/li>\n<\/ul>\n<\/li>\n<li>\n<p class=\"ds-markdown-paragraph\"><strong>Analyse de l'apprentissage profond :<\/strong>\u00a0Peut identifier et classer\u00a0<strong>personnes et v\u00e9hicules<\/strong>\u00a0(voitures, bus, camions, v\u00e9los). Prend en charge des sc\u00e9narios tels que le franchissement de lignes, l'entr\u00e9e dans une zone et le comptage.<\/p>\n<\/li>\n<li>\n<p class=\"ds-markdown-paragraph\"><strong>Connexions audio et E\/S :<\/strong>\u00a0Permet de connecter un microphone, des haut-parleurs et des capteurs externes.<\/p>\n<\/li>\n<li>\n<p class=\"ds-markdown-paragraph\"><strong>Protection int\u00e9gr\u00e9e de la cybers\u00e9curit\u00e9 :<\/strong>\u00a0Fonctions de s\u00e9curit\u00e9 compl\u00e8tes pour prot\u00e9ger la cam\u00e9ra et le r\u00e9seau.<\/p>\n<\/li>\n<\/ul>\n<h3>Sp\u00e9cifications techniques<\/h3>\n<div class=\"ds-scroll-area _1210dd7 c03cafe9\">\n<div class=\"ds-scroll-area__gutters\">\n<div class=\"ds-scroll-area__vertical-gutter\"><\/div>\n<\/div>\n<table>\n<thead>\n<tr>\n<th>Cat\u00e9gorie<\/th>\n<th>Sp\u00e9cification<\/th>\n<\/tr>\n<\/thead>\n<tbody>\n<tr>\n<td><strong>Capteur d&#039;images<\/strong><\/td>\n<td>1\/2.7\u2033 RGB CMOS<\/td>\n<\/tr>\n<tr>\n<td><strong>Objectif<\/strong><\/td>\n<td>Objectif fixe de 2,9 mm, F2.0. Champ de vision horizontal : 102\u00b0.<\/td>\n<\/tr>\n<tr>\n<td><strong>Mode 24 heures sur 24<\/strong><\/td>\n<td>Filtre de coupure IR automatique<\/td>\n<\/tr>\n<tr>\n<td><strong>\u00c9clairage minimum<\/strong><\/td>\n<td>Couleur : 10 lux (avec WDR et Lightfinder). Noir et blanc : 0 lux (avec IR activ\u00e9)<\/td>\n<\/tr>\n<tr>\n<td><strong>Plage de r\u00e9glage<\/strong><\/td>\n<td>Angle panoramique : \u00b1190\u00b0, Angle d'inclinaison : -10\u00b0 \u00e0 +80\u00b0, Rotation : \u00b1190\u00b0.<\/td>\n<\/tr>\n<tr>\n<td><strong>Processeur (SoC)<\/strong><\/td>\n<td>ARTPEC-8 avec unit\u00e9 d'apprentissage profond (DLPU)<\/td>\n<\/tr>\n<tr>\n<td><strong>M\u00e9moire<\/strong><\/td>\n<td>1 GB RAM, 8 GB Flash<\/td>\n<\/tr>\n<tr>\n<td><strong>Compression vid\u00e9o<\/strong><\/td>\n<td>H.264, H.265, Motion JPEG<\/td>\n<\/tr>\n<tr>\n<td><strong>Taux de rafra\u00eechissement<\/strong><\/td>\n<td>Jusqu'\u00e0 30 images par seconde dans toutes les r\u00e9solutions<\/td>\n<\/tr>\n<tr>\n<td><strong>Compression audio<\/strong><\/td>\n<td>AAC, G.711, G.726, Opus, LPCM<\/td>\n<\/tr>\n<tr>\n<td><strong>Protocoles de r\u00e9seau<\/strong><\/td>\n<td>IPv4\/IPv6, HTTP\/HTTPS, RTSP, ONVIF, SIP et autres.<\/td>\n<\/tr>\n<tr>\n<td><strong>Alimentation<\/strong><\/td>\n<td>Alimentation par Ethernet (PoE) - IEEE 802.3af\/at<\/td>\n<\/tr>\n<tr>\n<td><strong>Temp\u00e9rature de fonctionnement<\/strong><\/td>\n<td>-40 \u00b0C \u00e0 50 \u00b0C<\/td>\n<\/tr>\n<tr>\n<td><strong>Stockage<\/strong><\/td>\n<td>Prise en charge des cartes microSD et NAS (network attached storage)<\/td>\n<\/tr>\n<tr>\n<td><strong>Classe de protection<\/strong><\/td>\n<td>IP66, IK10<\/td>\n<\/tr>\n<\/tbody>\n<\/table>\n<\/div>\n<h3>Accessoires fournis<\/h3>\n<p class=\"ds-markdown-paragraph\">Guide d'installation, gabarit de per\u00e7age, embout RESISTORxe TR20, connexion \u00e0 la borne, joints de c\u00e2ble, bande de contact et protection contre les intemp\u00e9ries.<\/p>\n<h3>Accessoires en option<\/h3>\n<ul>\n<li>\n<p class=\"ds-markdown-paragraph\">AXIS TP3822-E Protection contre les intemp\u00e9ries (Noir)<\/p>\n<\/li>\n<li>\n<p class=\"ds-markdown-paragraph\">Bo\u00eetier AXIS TP3821-E (Noir)<\/p>\n<\/li>\n<li>\n<p class=\"ds-markdown-paragraph\">AXIS TM3815-E Parabole \u00e0 d\u00f4me (fum\u00e9)<\/p>\n<\/li>\n<li>\n<p class=\"ds-markdown-paragraph\">Cartes de surveillance AXIS (cartes m\u00e9moire)<\/p>\n<\/li>\n<\/ul>\n<h3>Domaines d&#039;utilisation<\/h3>\n<p class=\"ds-markdown-paragraph\">La cam\u00e9ra convient \u00e0 la surveillance des magasins, des bureaux, des \u00e9coles, des transports publics et des environnements industriels o\u00f9 l'analyse intelligente et la haute qualit\u00e9 d'image sont importantes.<\/p>","protected":false},"excerpt":{"rendered":"<p>Une cam\u00e9ra d\u00f4me 4MP \u00e9conomique dot\u00e9e d'une technologie d'imagerie avanc\u00e9e pour une excellente qualit\u00e9 d'image dans toutes les conditions d'\u00e9clairage.<\/p>\n<p>La cam\u00e9ra est dot\u00e9e d'une analyse IA int\u00e9gr\u00e9e permettant d'identifier les personnes et les v\u00e9hicules directement dans la cam\u00e9ra, ainsi que de connexions audio et d'E\/S pour l'int\u00e9gration du syst\u00e8me.<\/p>\n<p>Avec IP66\/I<\/p>","protected":false},"featured_media":160103,"template":"","meta":{"_acf_changed":false},"product_brand":[],"product_cat":[4950],"product_tag":[],"class_list":{"0":"post-160105","1":"product","2":"type-product","3":"status-publish","4":"has-post-thumbnail","6":"product_cat-axis-domekameror","7":"pa_brands-axis","8":"pa_farg-vit","9":"tm-no-options","11":"first","12":"instock","13":"sale","14":"taxable","15":"shipping-taxable","16":"purchasable","17":"product-type-simple"},"acf":[],"_links":{"self":[{"href":"https:\/\/secureus.se\/fr\/wp-json\/wp\/v2\/product\/160105","targetHints":{"allow":["GET"]}}],"collection":[{"href":"https:\/\/secureus.se\/fr\/wp-json\/wp\/v2\/product"}],"about":[{"href":"https:\/\/secureus.se\/fr\/wp-json\/wp\/v2\/types\/product"}],"wp:featuredmedia":[{"embeddable":true,"href":"https:\/\/secureus.se\/fr\/wp-json\/wp\/v2\/media\/160103"}],"wp:attachment":[{"href":"https:\/\/secureus.se\/fr\/wp-json\/wp\/v2\/media?parent=160105"}],"wp:term":[{"taxonomy":"product_brand","embeddable":true,"href":"https:\/\/secureus.se\/fr\/wp-json\/wp\/v2\/product_brand?post=160105"},{"taxonomy":"product_cat","embeddable":true,"href":"https:\/\/secureus.se\/fr\/wp-json\/wp\/v2\/product_cat?post=160105"},{"taxonomy":"product_tag","embeddable":true,"href":"https:\/\/secureus.se\/fr\/wp-json\/wp\/v2\/product_tag?post=160105"}],"curies":[{"name":"wp","href":"https:\/\/api.w.org\/{rel}","templated":true}]}}