{"id":160133,"date":"2025-11-21T11:12:29","date_gmt":"2025-11-21T10:12:29","guid":{"rendered":"https:\/\/secureus.se\/?post_type=product&#038;p=160133"},"modified":"2026-04-01T12:18:28","modified_gmt":"2026-04-01T10:18:28","slug":"axis-p4705-plve-p47-serien-2x2mp-zipstream-360-25x-optisk-zoom-multisensor-ip-panoramic-dome-kamera-326-812-mm-varifokalt-objektiv-ip67","status":"publish","type":"product","link":"https:\/\/secureus.se\/fr\/axis-p4705-plve-p47-serien-2x2mp-zipstream-360-25x-optisk-zoom-multisensor-ip-panoramic-dome-kamera-326-812-mm-varifokalt-objektiv-ip67\/","title":{"rendered":"AXIS P4705-PLVE S\u00e9rie P47, cam\u00e9ra d\u00f4me panoramique IP 2x2MP Zipstream 360\u00b0 avec zoom optique 2,5x, objectif varifocal 3,26-8,12mm, IP67"},"content":{"rendered":"<h1>AXIS P4705-PLVE S\u00e9rie P47, cam\u00e9ra d\u00f4me panoramique IP 2x2MP Zipstream 360\u00b0 avec zoom optique 2,5x, objectif varifocal 3,26-8,12mm, IP67<\/h1>\n<div class=\"dad65929\">\n<div class=\"_4f9bf79 d7dc56a8 _43c05b5\">\n<div class=\"ds-message _63c77b1\">\n<div class=\"ds-markdown\">\n<p class=\"ds-markdown-paragraph\">L&#039;AXIS P4705-PLVE est une cam\u00e9ra panoramique \u00e0 360\u00b0 r\u00e9volutionnaire qui combine deux capteurs de 2 MP dans une unit\u00e9 compacte avec une seule adresse IP.<\/p>\n<p class=\"ds-markdown-paragraph\">Cette cam\u00e9ra multidirectionnelle offre une flexibilit\u00e9 exceptionnelle gr\u00e2ce \u00e0 son zoom optique 2,5x (objectif varifocal 3,26-8,12 mm) et \u00e0 son r\u00e9glage de mise au point \u00e0 distance, simplifiant ainsi l&#039;installation et la personnalisation en fonction des besoins sp\u00e9cifiques de surveillance.<\/p>\n<p class=\"ds-markdown-paragraph\">Gr\u00e2ce \u00e0 ses deux capteurs qui d\u00e9livrent chacun des images nettes en 1080p jusqu&#039;\u00e0 30 images par seconde, la cam\u00e9ra couvre une large zone sans angles morts.<\/p>\n<p class=\"ds-markdown-paragraph\">L&#039;\u00e9clairage infrarouge \u00e0 360\u00b0 de pointe, avec LED contr\u00f4lables individuellement, garantit des images nettes m\u00eame dans l&#039;obscurit\u00e9 totale, tandis que la technologie Lightfinder assure des couleurs naturelles et des d\u00e9tails pr\u00e9cis en faible luminosit\u00e9. La technologie WDR (Wide Dynamic Range) d\u00e9di\u00e9e aux enqu\u00eates m\u00e9dico-l\u00e9gales permet de g\u00e9rer les conditions d&#039;\u00e9clairage difficiles gr\u00e2ce \u00e0 une plage dynamique allant jusqu&#039;\u00e0 120 dB.<\/p>\n<p class=\"ds-markdown-paragraph\">Construite sur le processeur ARTPEC-8 d&#039;Axis avec une unit\u00e9 de traitement d\u00e9di\u00e9e \u00e0 l&#039;apprentissage profond (DLPU), la cam\u00e9ra permet une analyse IA avanc\u00e9e directement sur les deux capteurs.<\/p>\n<p class=\"ds-markdown-paragraph\">Gr\u00e2ce \u00e0 AXIS Object Analytics, le syst\u00e8me d\u00e9tecte et classe automatiquement les personnes, les v\u00e9hicules et leurs types sur l&#039;ensemble de la zone surveill\u00e9e. La cam\u00e9ra prend en charge jusqu&#039;\u00e0 10 sc\u00e9narios d&#039;analyse simultan\u00e9s, notamment la d\u00e9tection de franchissement de ligne, la surveillance de zone et le comptage.<\/p>\n<p class=\"ds-markdown-paragraph\">Gr\u00e2ce \u00e0 sa protection robuste IP67 et IK10, la cam\u00e9ra r\u00e9siste aux intemp\u00e9ries et aux chocs. Ses fonctionnalit\u00e9s de cybers\u00e9curit\u00e9 int\u00e9gr\u00e9es incluent la plateforme Axis Edge Vault pour le stockage s\u00e9curis\u00e9 des cl\u00e9s cryptographiques et le chiffrement du syst\u00e8me de fichiers.<\/p>\n<p class=\"ds-markdown-paragraph\">La cam\u00e9ra est certifi\u00e9e conforme \u00e0 la norme ETSI EN 303 645 et porte le label de s\u00e9curit\u00e9 informatique BSI.<\/p>\n<p class=\"ds-markdown-paragraph\"><strong>Principales caract\u00e9ristiques techniques :<\/strong><\/p>\n<ul>\n<li>\n<p class=\"ds-markdown-paragraph\">2 capteurs de 2 MP avec zoom optique 2,5x (3,26-8,12 mm)<\/p>\n<\/li>\n<li>\n<p class=\"ds-markdown-paragraph\">\u00c9clairage infrarouge \u00e0 360\u00b0 avec une port\u00e9e jusqu&#039;\u00e0 30 m\u00e8tres<\/p>\n<\/li>\n<li>\n<p class=\"ds-markdown-paragraph\">Lightfinder et Forensic WDR pour une qualit\u00e9 d&#039;image exceptionnelle<\/p>\n<\/li>\n<li>\n<p class=\"ds-markdown-paragraph\">Processeur ARTPEC-8 avec unit\u00e9 de traitement d&#039;apprentissage profond (DLPU)<\/p>\n<\/li>\n<li>\n<p class=\"ds-markdown-paragraph\">Analyse par IA des deux capteurs avec AXIS Object Analytics<\/p>\n<\/li>\n<li>\n<p class=\"ds-markdown-paragraph\">Protection IP67 et IK10 pour une utilisation en ext\u00e9rieur<\/p>\n<\/li>\n<li>\n<p class=\"ds-markdown-paragraph\">Axis Edge Vault pour la cybers\u00e9curit\u00e9 avanc\u00e9e<\/p>\n<\/li>\n<li>\n<p class=\"ds-markdown-paragraph\">Prise en charge de la compression H.264\/H.265 avec Axis Zipstream<\/p>\n<\/li>\n<li>\n<p class=\"ds-markdown-paragraph\">Fonctionnement PoE (IEEE 802.3at) pour une installation facile<\/p>\n<\/li>\n<li>\n<p class=\"ds-markdown-paragraph\">Garantie de 5 ans<\/p>\n<\/li>\n<\/ul>\n<p class=\"ds-markdown-paragraph\">L&#039;AXIS P4705-PLVE est la solution ultime pour la surveillance de grandes zones o\u00f9 une couverture compl\u00e8te, une qualit\u00e9 d&#039;image \u00e9lev\u00e9e et des analyses intelligentes sont essentielles pour une solution de surveillance efficace et \u00e9volutive.<\/p>\n<\/div>\n<\/div>\n<\/div>\n<\/div>","protected":false},"excerpt":{"rendered":"<p>L'AXIS P4705-PLVE est une cam\u00e9ra panoramique \u00e0 360\u00b0 avanc\u00e9e, dot\u00e9e de deux capteurs de 2MP et d'un zoom optique 2,5x.<\/p>\n<p>Gr\u00e2ce \u00e0 l'\u00e9clairage IR \u00e0 360\u00b0, \u00e0 la technologie Lightfinder et \u00e0 l'analyse AI sur les deux capteurs, elle assure une surveillance compl\u00e8te avec une qualit\u00e9 d'image exceptionnelle. Protection IP67 pour une utilisation en ext\u00e9rieur.<\/p>","protected":false},"featured_media":160129,"template":"","meta":{"_acf_changed":false},"product_brand":[],"product_cat":[4950],"product_tag":[],"class_list":{"0":"post-160133","1":"product","2":"type-product","3":"status-publish","4":"has-post-thumbnail","6":"product_cat-axis-domekameror","7":"pa_brands-axis","8":"pa_farg-vit","9":"tm-no-options","11":"first","12":"onbackorder","13":"sale","14":"taxable","15":"shipping-taxable","16":"purchasable","17":"product-type-simple"},"acf":[],"_links":{"self":[{"href":"https:\/\/secureus.se\/fr\/wp-json\/wp\/v2\/product\/160133","targetHints":{"allow":["GET"]}}],"collection":[{"href":"https:\/\/secureus.se\/fr\/wp-json\/wp\/v2\/product"}],"about":[{"href":"https:\/\/secureus.se\/fr\/wp-json\/wp\/v2\/types\/product"}],"wp:featuredmedia":[{"embeddable":true,"href":"https:\/\/secureus.se\/fr\/wp-json\/wp\/v2\/media\/160129"}],"wp:attachment":[{"href":"https:\/\/secureus.se\/fr\/wp-json\/wp\/v2\/media?parent=160133"}],"wp:term":[{"taxonomy":"product_brand","embeddable":true,"href":"https:\/\/secureus.se\/fr\/wp-json\/wp\/v2\/product_brand?post=160133"},{"taxonomy":"product_cat","embeddable":true,"href":"https:\/\/secureus.se\/fr\/wp-json\/wp\/v2\/product_cat?post=160133"},{"taxonomy":"product_tag","embeddable":true,"href":"https:\/\/secureus.se\/fr\/wp-json\/wp\/v2\/product_tag?post=160133"}],"curies":[{"name":"wp","href":"https:\/\/api.w.org\/{rel}","templated":true}]}}