{"id":160137,"date":"2025-11-21T11:12:29","date_gmt":"2025-11-21T10:12:29","guid":{"rendered":"https:\/\/secureus.se\/?post_type=product&#038;p=160137"},"modified":"2026-04-09T11:21:47","modified_gmt":"2026-04-09T09:21:47","slug":"axis-p1465-le-p14-serien-2mp-zipstream-ip-bullet-kamera-29-mm-objektiv-ir-80m-ip67-vit","status":"publish","type":"product","link":"https:\/\/secureus.se\/fr\/axis-p1465-le-p14-serien-2mp-zipstream-ip-bullet-kamera-29-mm-objektiv-ir-80m-ip67-vit\/","title":{"rendered":"Cam\u00e9ra IP Bullet Zipstream AXIS P1465-LE s\u00e9rie P14, 2 MP, objectif 29 mm, infrarouge 80 m, IP67, blanche"},"content":{"rendered":"<h1>Cam\u00e9ra IP Bullet Zipstream AXIS P1465-LE s\u00e9rie P14, 2 MP, objectif 29 mm, infrarouge 80 m, IP67, blanche<\/h1>\n<h3 class=\"TypographyStyle--11lquxl jakscM titleText\" data-test-selector=\"OverviewTitle\">Pr\u00e9sentation du produit<\/h3>\n<div class=\"sc-bczRLJ eJpGGI\">\n<div class=\"headernamehrnone\">Cet appareil photo complet offre une excellente qualit\u00e9 d&#039;image quelles que soient les conditions d&#039;\u00e9clairage. Il poss\u00e8de une r\u00e9solution de 2 m\u00e9gapixels et une fr\u00e9quence d&#039;images allant jusqu&#039;\u00e0 60 images par seconde.<\/div>\n<div><\/div>\n<div class=\"headernamehrnone\">Gr\u00e2ce \u00e0 Lightfinder 2.0 et \u00e0 la technologie Forensic WDR, il offre des couleurs fid\u00e8les et des d\u00e9tails m\u00e9dico-l\u00e9gaux exceptionnels, m\u00eame dans des conditions d&#039;\u00e9clairage difficiles ou dans l&#039;obscurit\u00e9 quasi totale.<\/div>\n<div><\/div>\n<div class=\"headernamehrnone\">OptimizedIR permet une surveillance dans l&#039;obscurit\u00e9 totale jusqu&#039;\u00e0 40 m (131 pieds) sans avoir besoin d&#039;\u00e9clairage suppl\u00e9mentaire.<\/div>\n<div><\/div>\n<div class=\"headernamehrnone\">L&#039;exposition adaptative au mouvement r\u00e9duit le flou de mouvement caus\u00e9 par les objets qui s&#039;approchent ou sont proches.<\/div>\n<div><\/div>\n<div class=\"headernamehrnone\">L&#039;appareil photo est \u00e9galement disponible en deux versions avec des objectifs diff\u00e9rents\u00a0: un objectif grand angle de 9\u00a0mm pour la surveillance de grandes zones et un t\u00e9l\u00e9objectif de 29\u00a0mm pour la surveillance \u00e0 distance.<\/div>\n<div><\/div>\n<div class=\"headernamehrnone\">Cette cam\u00e9ra haute performance est bas\u00e9e sur l&#039;ARTPEC-8 et poss\u00e8de une unit\u00e9 de traitement d&#039;apprentissage profond (DLPU).<\/div>\n<div><\/div>\n<div class=\"headernamehrnone\">Cela permet d&#039;am\u00e9liorer les capacit\u00e9s de traitement et de stockage, ce qui vous permet de collecter et d&#039;analyser encore plus de donn\u00e9es qu&#039;auparavant, en p\u00e9riph\u00e9rie du r\u00e9seau.<\/div>\n<div><\/div>\n<div class=\"headernamehrnone\">Gr\u00e2ce \u00e0 AXIS Object Analytics, il est possible de d\u00e9tecter et de classifier les personnes, les v\u00e9hicules et les types de v\u00e9hicules, le tout adapt\u00e9 \u00e0 vos besoins sp\u00e9cifiques.<\/div>\n<div><\/div>\n<div class=\"headernamehrnone\">Gr\u00e2ce \u00e0 sa technologie bord \u00e0 bord, il peut \u00eatre connect\u00e9 \u00e0 une enceinte r\u00e9seau Axis pour une diffusion audio bidirectionnelle.<\/div>\n<div><\/div>\n<div class=\"headernamehrnone\">De plus, il peut \u00eatre aliment\u00e9 par courant continu et par PoE.<\/div>\n<div><\/div>\n<div class=\"headernamehrnone\">Et m\u00eame en cas de panne de courant, l&#039;alimentation CC redondante garantit une alimentation fiable pour prot\u00e9ger vos donn\u00e9es.<\/div>\n<div><\/div>\n<div class=\"headernamehrnone\">L&#039;AXIS P1465-LE poss\u00e8de des fonctionnalit\u00e9s de cybers\u00e9curit\u00e9 int\u00e9gr\u00e9es qui contribuent \u00e0 pr\u00e9venir les acc\u00e8s non autoris\u00e9s et \u00e0 prot\u00e9ger votre syst\u00e8me.<\/div>\n<div><\/div>\n<div class=\"headernamehrnone\">Axis Edge Vault prot\u00e8ge l&#039;identifiant de votre appareil Axis et simplifie l&#039;autorisation des produits Axis sur votre r\u00e9seau.<\/div>\n<div><\/div>\n<div class=\"headernamehrnone\">De plus, la signature du firmware et le d\u00e9marrage s\u00e9curis\u00e9 garantissent que le firmware n&#039;a pas \u00e9t\u00e9 compromis et que seul le firmware autoris\u00e9 est install\u00e9.<\/div>\n<div><\/div>\n<div class=\"headernamehrnone\">Et si n\u00e9cessaire, le d\u00e9marrage s\u00e9curis\u00e9 garantit que la cam\u00e9ra est totalement exempte de logiciels malveillants m\u00eame apr\u00e8s une r\u00e9initialisation d&#039;usine.<\/div>\n<div><\/div>\n<div class=\"headernamehrnone\">De plus, cette cam\u00e9ra robuste, con\u00e7ue pour l&#039;ext\u00e9rieur et dot\u00e9e des indices de protection IP66\/67, NEMA 4X et IK10, est prot\u00e9g\u00e9e contre la poussi\u00e8re, la pluie, la neige et les chocs et peut r\u00e9sister \u00e0 des vents allant jusqu&#039;\u00e0 50 m\/s.<\/div>\n<div><\/div>\n<div class=\"row headername\">\n<div class=\"item-header rd-hyg-item-header\"><strong>Principales caract\u00e9ristiques<\/strong><\/div>\n<div class=\"row\">\n<ul>\n<li>Lightfinder 2.0, WDR Forensic, IR optimis\u00e9<\/li>\n<li>Analyse avec apprentissage profond<\/li>\n<li>Connexions audio et E\/S<\/li>\n<li>Fonctionnalit\u00e9s de cybers\u00e9curit\u00e9 int\u00e9gr\u00e9es<\/li>\n<li>Deux lentilles alternatives<\/li>\n<\/ul>\n<\/div>\n<\/div>\n<div>\n<div class=\"row headername non-etl-overview\"><\/div>\n<\/div>\n<\/div>\n<div class=\"sc-bczRLJ fySwpa\">\n<div class=\"sc-bczRLJ kEeNDb\"><\/div>\n<\/div>","protected":false},"excerpt":{"rendered":"<p>Cam\u00e9ra IP Bullet Zipstream AXIS P1465-LE s\u00e9rie P14, 2 MP, objectif 29 mm, infrarouge 80 m, IP67, blanche<\/p>","protected":false},"featured_media":160134,"template":"","meta":{"_acf_changed":false},"product_brand":[],"product_cat":[4949],"product_tag":[],"class_list":{"0":"post-160137","1":"product","2":"type-product","3":"status-publish","4":"has-post-thumbnail","6":"product_cat-axis-bulletkameror","7":"pa_brands-axis","8":"pa_farg-vit","9":"tm-no-options","11":"first","12":"onbackorder","13":"sale","14":"taxable","15":"shipping-taxable","16":"purchasable","17":"product-type-simple"},"acf":[],"_links":{"self":[{"href":"https:\/\/secureus.se\/fr\/wp-json\/wp\/v2\/product\/160137","targetHints":{"allow":["GET"]}}],"collection":[{"href":"https:\/\/secureus.se\/fr\/wp-json\/wp\/v2\/product"}],"about":[{"href":"https:\/\/secureus.se\/fr\/wp-json\/wp\/v2\/types\/product"}],"wp:featuredmedia":[{"embeddable":true,"href":"https:\/\/secureus.se\/fr\/wp-json\/wp\/v2\/media\/160134"}],"wp:attachment":[{"href":"https:\/\/secureus.se\/fr\/wp-json\/wp\/v2\/media?parent=160137"}],"wp:term":[{"taxonomy":"product_brand","embeddable":true,"href":"https:\/\/secureus.se\/fr\/wp-json\/wp\/v2\/product_brand?post=160137"},{"taxonomy":"product_cat","embeddable":true,"href":"https:\/\/secureus.se\/fr\/wp-json\/wp\/v2\/product_cat?post=160137"},{"taxonomy":"product_tag","embeddable":true,"href":"https:\/\/secureus.se\/fr\/wp-json\/wp\/v2\/product_tag?post=160137"}],"curies":[{"name":"wp","href":"https:\/\/api.w.org\/{rel}","templated":true}]}}