{"id":160140,"date":"2025-11-21T11:12:29","date_gmt":"2025-11-21T10:12:29","guid":{"rendered":"https:\/\/secureus.se\/?post_type=product&#038;p=160140"},"modified":"2026-04-09T11:21:40","modified_gmt":"2026-04-09T09:21:40","slug":"axis-m2036-le-m20-serien-4mp-zipstream-ip-bullet-kamera-24-mm-fast-objektiv-ir-20m-ip66-vit","status":"publish","type":"product","link":"https:\/\/secureus.se\/fr\/axis-m2036-le-m20-serien-4mp-zipstream-ip-bullet-kamera-24-mm-fast-objektiv-ir-20m-ip66-vit\/","title":{"rendered":"Cam\u00e9ra IP Bullet Zipstream AXIS M2036-LE s\u00e9rie M20, 4 MP, objectif fixe 2,4 mm, vision infrarouge 20 m, IP66, blanche"},"content":{"rendered":"<h1>Cam\u00e9ra IP Bullet Zipstream AXIS M2036-LE s\u00e9rie M20, 4 MP, objectif fixe 2,4 mm, vision infrarouge 20 m, IP66, blanche<\/h1>\n<p class=\"ds-markdown-paragraph\">L&#039;AXIS M2036-LE est une cam\u00e9ra bullet 4MP \u00e9conomique qui combine une haute qualit\u00e9 d&#039;image avec une analyse IA avanc\u00e9e.<\/p>\n<p class=\"ds-markdown-paragraph\">Avec un objectif fixe de 2,4 mm et un champ de vision exceptionnellement large de 129\u00b0, l&#039;appareil photo couvre efficacement de vastes zones.<\/p>\n<p class=\"ds-markdown-paragraph\">Il offre des images nettes en Quad HD 1440p jusqu&#039;\u00e0 30 images par seconde.<\/p>\n<p class=\"ds-markdown-paragraph\">L&#039;appareil photo est \u00e9quip\u00e9 d&#039;une unit\u00e9 de traitement d&#039;apprentissage profond (DLPU) d\u00e9di\u00e9e qui permet une analyse intelligente directement dans l&#039;appareil.<\/p>\n<p class=\"ds-markdown-paragraph\">Avec AXIS Object Analytics, le syst\u00e8me d\u00e9tecte et classe automatiquement les personnes, les v\u00e9hicules et leurs diff\u00e9rents types. Il prend en charge jusqu&#039;\u00e0 10 sc\u00e9narios d&#039;analyse simultan\u00e9s, notamment la d\u00e9tection de franchissement de ligne et la surveillance de zone.<\/p>\n<p class=\"ds-markdown-paragraph\">Pour la surveillance dans des conditions d&#039;\u00e9clairage difficiles, la cam\u00e9ra offre une plage dynamique \u00e9tendue (WDR) jusqu&#039;\u00e0 115 dB, garantissant des images claires m\u00eame avec des contrastes forts.<\/p>\n<p class=\"ds-markdown-paragraph\">Gr\u00e2ce \u00e0 la technologie OptimizedIR et \u00e0 l&#039;\u00e9clairage infrarouge par LED de 865 nm, la cam\u00e9ra atteint une port\u00e9e de 20 m\u00e8tres dans l&#039;obscurit\u00e9 totale. La technologie Lightfinder garantit \u00e9galement des couleurs naturelles en faible luminosit\u00e9.<\/p>\n<p class=\"ds-markdown-paragraph\">Gr\u00e2ce \u00e0 sa protection robuste IP66\/IP67 et IK08, la cam\u00e9ra r\u00e9siste aux conditions climatiques les plus extr\u00eames. Ses fonctionnalit\u00e9s de cybers\u00e9curit\u00e9 int\u00e9gr\u00e9es incluent Axis Edge Vault pour une authentification s\u00e9curis\u00e9e de l&#039;appareil et un stockage chiffr\u00e9 des donn\u00e9es.<\/p>\n<p class=\"ds-markdown-paragraph\">La cam\u00e9ra prend en charge \u00e0 la fois le fonctionnement PoE et les cartes microSD pour une installation et un stockage flexibles.<\/p>\n<p class=\"ds-markdown-paragraph\"><strong>Principales caract\u00e9ristiques techniques :<\/strong><\/p>\n<ul>\n<li>\n<p class=\"ds-markdown-paragraph\">Capteur 4 MP avec objectif fixe de 2,4 mm, champ de vision de 129\u00b0<\/p>\n<\/li>\n<li>\n<p class=\"ds-markdown-paragraph\">Unit\u00e9 de traitement d&#039;apprentissage profond (DLPU) pour l&#039;analyse de l&#039;IA<\/p>\n<\/li>\n<li>\n<p class=\"ds-markdown-paragraph\">AXIS Object Analytics avec classification personnes\/v\u00e9hicules<\/p>\n<\/li>\n<li>\n<p class=\"ds-markdown-paragraph\">Plage dynamique \u00e9tendue (WDR) jusqu&#039;\u00e0 115 dB et \u00e9clairage infrarouge jusqu&#039;\u00e0 20 m\u00e8tres<\/p>\n<\/li>\n<li>\n<p class=\"ds-markdown-paragraph\">Protection IP66\/IP67 et IK08 pour une utilisation en ext\u00e9rieur<\/p>\n<\/li>\n<li>\n<p class=\"ds-markdown-paragraph\">Axis Edge Vault pour la cybers\u00e9curit\u00e9 avanc\u00e9e<\/p>\n<\/li>\n<li>\n<p class=\"ds-markdown-paragraph\">Prise en charge des formats H.264\/H.265 gr\u00e2ce \u00e0 la technologie Axis Zipstream<\/p>\n<\/li>\n<li>\n<p class=\"ds-markdown-paragraph\">Fonctionnement PoE (IEEE 802.3af\/at) pour une installation facile<\/p>\n<\/li>\n<li>\n<p class=\"ds-markdown-paragraph\">Garantie de 5 ans<\/p>\n<\/li>\n<\/ul>\n<p class=\"ds-markdown-paragraph\">L&#039;AXIS M2036-LE est un excellent choix pour les installations \u00e0 budget limit\u00e9 qui n\u00e9cessitent des analyses intelligentes et des performances fiables dans des environnements difficiles.<\/p>","protected":false},"excerpt":{"rendered":"<p>L&#039;AXIS M2036-LE est un appareil photo bullet 4MP abordable avec un objectif de 2,4 mm et un champ de vision large de 129\u00b0.<\/p>\n<p>Gr\u00e2ce \u00e0 l&#039;analyse IA (DLPU), \u00e0 l&#039;\u00e9clairage IR jusqu&#039;\u00e0 20 m et au WDR, il assure une surveillance fiable dans toutes les conditions d&#039;\u00e9clairage.<\/p>\n<p>Protection IP66 pour une utilisation en ext\u00e9rieur.<\/p>","protected":false},"featured_media":160138,"template":"","meta":{"_acf_changed":false},"product_brand":[],"product_cat":[4949],"product_tag":[],"class_list":{"0":"post-160140","1":"product","2":"type-product","3":"status-publish","4":"has-post-thumbnail","6":"product_cat-axis-bulletkameror","7":"pa_brands-axis","8":"pa_farg-vit","9":"tm-no-options","11":"first","12":"onbackorder","13":"sale","14":"taxable","15":"shipping-taxable","16":"purchasable","17":"product-type-simple"},"acf":[],"_links":{"self":[{"href":"https:\/\/secureus.se\/fr\/wp-json\/wp\/v2\/product\/160140","targetHints":{"allow":["GET"]}}],"collection":[{"href":"https:\/\/secureus.se\/fr\/wp-json\/wp\/v2\/product"}],"about":[{"href":"https:\/\/secureus.se\/fr\/wp-json\/wp\/v2\/types\/product"}],"wp:featuredmedia":[{"embeddable":true,"href":"https:\/\/secureus.se\/fr\/wp-json\/wp\/v2\/media\/160138"}],"wp:attachment":[{"href":"https:\/\/secureus.se\/fr\/wp-json\/wp\/v2\/media?parent=160140"}],"wp:term":[{"taxonomy":"product_brand","embeddable":true,"href":"https:\/\/secureus.se\/fr\/wp-json\/wp\/v2\/product_brand?post=160140"},{"taxonomy":"product_cat","embeddable":true,"href":"https:\/\/secureus.se\/fr\/wp-json\/wp\/v2\/product_cat?post=160140"},{"taxonomy":"product_tag","embeddable":true,"href":"https:\/\/secureus.se\/fr\/wp-json\/wp\/v2\/product_tag?post=160140"}],"curies":[{"name":"wp","href":"https:\/\/api.w.org\/{rel}","templated":true}]}}