{"id":160146,"date":"2025-11-21T11:12:30","date_gmt":"2025-11-21T10:12:30","guid":{"rendered":"https:\/\/secureus.se\/?post_type=product&#038;p=160146"},"modified":"2026-04-23T13:00:32","modified_gmt":"2026-04-23T11:00:32","slug":"axis-p1455-le-p14-serien-wdr-ip66-2mp-9mm-ip-bulletkamera-med-fast-objektiv-vit","status":"publish","type":"product","link":"https:\/\/secureus.se\/fr\/axis-p1455-le-p14-serien-wdr-ip66-2mp-9mm-ip-bulletkamera-med-fast-objektiv-vit\/","title":{"rendered":"Cam\u00e9ra IP bullet AXIS P1455-LE s\u00e9rie P14, WDR IP66 2MP, objectif fixe 9 mm, blanche"},"content":{"rendered":"<div class=\"sc-bczRLJ gTFQwC\">\n<div class=\"sc-bczRLJ eJpGGI\">\n<div class=\"row headername\">\n<div class=\"row\">\n<h1>Cam\u00e9ra IP bullet AXIS P1455-LE s\u00e9rie P14, WDR IP66 2MP, objectif fixe 9 mm, blanche<\/h1>\n<p class=\"ds-markdown-paragraph\">L&#039;AXIS P1455-LE est une cam\u00e9ra bullet 2MP riche en fonctionnalit\u00e9s qui offre une qualit\u00e9 d&#039;image exceptionnelle en HDTV 1080p jusqu&#039;\u00e0 60 images par seconde.<\/p>\n<p class=\"ds-markdown-paragraph\">Dot\u00e9e d&#039;un objectif fixe de 9 mm, la cam\u00e9ra offre un champ de vision optimal pour la surveillance de zones de taille moyenne.<\/p>\n<p class=\"ds-markdown-paragraph\">Il est \u00e9quip\u00e9 de la technologie d&#039;imagerie avanc\u00e9e d&#039;Axis, notamment Lightfinder 2.0 pour des couleurs naturelles en faible luminosit\u00e9 et Forensic WDR avec une plage dynamique allant jusqu&#039;\u00e0 120 dB pour des images d\u00e9taill\u00e9es dans des sc\u00e8nes \u00e0 contraste \u00e9lev\u00e9.<\/p>\n<p class=\"ds-markdown-paragraph\">La cam\u00e9ra est bas\u00e9e sur le processeur ARTPEC-7 avec unit\u00e9 de traitement d&#039;apprentissage automatique (MLPU) qui permet une analyse intelligente directement dans la cam\u00e9ra.<\/p>\n<p class=\"ds-markdown-paragraph\">Gr\u00e2ce \u00e0 AXIS Object Analytics, le syst\u00e8me peut d\u00e9tecter et classifier automatiquement les personnes et les v\u00e9hicules.<\/p>\n<p class=\"ds-markdown-paragraph\">Il prend en charge jusqu&#039;\u00e0 10 sc\u00e9narios d&#039;analyse parall\u00e8les, y compris le franchissement de lignes et l&#039;entr\u00e9e dans la zone de tir.<\/p>\n<p class=\"ds-markdown-paragraph\">Pour la surveillance nocturne, la cam\u00e9ra offre la technologie OptimizedIR avec des LED 850 nm efficaces qui atteignent jusqu&#039;\u00e0 40 m\u00e8tres.<\/p>\n<p class=\"ds-markdown-paragraph\">L&#039;exposition adaptative au mouvement minimise le flou de boug\u00e9 d\u00fb aux objets en mouvement, garantissant des images nettes m\u00eame lors de d\u00e9placements rapides. La technologie intelligente bord \u00e0 bord facilite l&#039;int\u00e9gration avec les enceintes r\u00e9seau Axis pour une communication bidirectionnelle.<\/p>\n<p class=\"ds-markdown-paragraph\">Gr\u00e2ce \u00e0 sa protection robuste IP66\/IP67 et IK10, la cam\u00e9ra peut r\u00e9sister aux conditions m\u00e9t\u00e9orologiques difficiles et aux contraintes physiques.<\/p>\n<p class=\"ds-markdown-paragraph\">La fonctionnalit\u00e9 de cybers\u00e9curit\u00e9 int\u00e9gr\u00e9e comprend Axis Edge Vault pour l&#039;authentification s\u00e9curis\u00e9e des appareils et le stockage chiffr\u00e9 des donn\u00e9es. La cam\u00e9ra prend en charge l&#039;alimentation PoE et les cartes microSD pour une installation et un stockage flexibles.<\/p>\n<p class=\"ds-markdown-paragraph\"><strong>Principales caract\u00e9ristiques techniques :<\/strong><\/p>\n<ul>\n<li>\n<p class=\"ds-markdown-paragraph\">Capteur 2MP avec objectif fixe de 9 mm<\/p>\n<\/li>\n<li>\n<p class=\"ds-markdown-paragraph\">Lightfinder 2.0 et WDR Forensic jusqu&#039;\u00e0 120 dB<\/p>\n<\/li>\n<li>\n<p class=\"ds-markdown-paragraph\">OptimizedIR avec \u00e9clairage infrarouge jusqu&#039;\u00e0 40 m\u00e8tres<\/p>\n<\/li>\n<li>\n<p class=\"ds-markdown-paragraph\">Processeur ARTPEC-7 avec unit\u00e9 de traitement d&#039;apprentissage automatique<\/p>\n<\/li>\n<li>\n<p class=\"ds-markdown-paragraph\">AXIS Object Analytics pour les personnes et les v\u00e9hicules<\/p>\n<\/li>\n<li>\n<p class=\"ds-markdown-paragraph\">Protection IP66\/IP67 et IK10 pour une utilisation en ext\u00e9rieur<\/p>\n<\/li>\n<li>\n<p class=\"ds-markdown-paragraph\">Axis Edge Vault pour la cybers\u00e9curit\u00e9 avanc\u00e9e<\/p>\n<\/li>\n<li>\n<p class=\"ds-markdown-paragraph\">Prise en charge des formats H.264\/H.265 gr\u00e2ce \u00e0 la technologie Axis Zipstream<\/p>\n<\/li>\n<li>\n<p class=\"ds-markdown-paragraph\">Fonctionnement PoE (IEEE 802.3af\/at) pour une installation facile<\/p>\n<\/li>\n<li>\n<p class=\"ds-markdown-paragraph\">Garantie de 5 ans<\/p>\n<\/li>\n<\/ul>\n<p class=\"ds-markdown-paragraph\">L&#039;AXIS P1455-LE est un excellent choix pour les besoins de surveillance exigeants o\u00f9 une haute qualit\u00e9 d&#039;image, des analyses intelligentes et une construction robuste sont essentielles pour une solution efficace et s\u00e9curis\u00e9e.<\/p>\n<\/div>\n<\/div>\n<div>\n<div class=\"row headername non-etl-overview\"><\/div>\n<\/div>\n<\/div>\n<\/div>","protected":false},"excerpt":{"rendered":"<p>L&#039;AXIS P1455-LE est un appareil photo bullet 2MP polyvalent avec un objectif fixe de 9 mm.<\/p>\n<p>Avec Lightfinder 2.0, la technologie WDR forensique et un \u00e9clairage infrarouge jusqu&#039;\u00e0 40 m, elle garantit une excellente qualit\u00e9 d&#039;image dans toutes les conditions d&#039;\u00e9clairage.<\/p>\n<p>La cam\u00e9ra est dot\u00e9e d&#039;une intelligence artificielle et d&#039;une protection IP66\/IP67 pour une surveillance ext\u00e9rieure fiable.<\/p>","protected":false},"featured_media":160145,"template":"","meta":{"_acf_changed":false},"product_brand":[],"product_cat":[4949],"product_tag":[],"class_list":{"0":"post-160146","1":"product","2":"type-product","3":"status-publish","4":"has-post-thumbnail","6":"product_cat-axis-bulletkameror","7":"pa_brands-axis","8":"pa_farg-vit","9":"tm-no-options","11":"first","12":"onbackorder","13":"sale","14":"taxable","15":"shipping-taxable","16":"purchasable","17":"product-type-simple"},"acf":[],"_links":{"self":[{"href":"https:\/\/secureus.se\/fr\/wp-json\/wp\/v2\/product\/160146","targetHints":{"allow":["GET"]}}],"collection":[{"href":"https:\/\/secureus.se\/fr\/wp-json\/wp\/v2\/product"}],"about":[{"href":"https:\/\/secureus.se\/fr\/wp-json\/wp\/v2\/types\/product"}],"wp:featuredmedia":[{"embeddable":true,"href":"https:\/\/secureus.se\/fr\/wp-json\/wp\/v2\/media\/160145"}],"wp:attachment":[{"href":"https:\/\/secureus.se\/fr\/wp-json\/wp\/v2\/media?parent=160146"}],"wp:term":[{"taxonomy":"product_brand","embeddable":true,"href":"https:\/\/secureus.se\/fr\/wp-json\/wp\/v2\/product_brand?post=160146"},{"taxonomy":"product_cat","embeddable":true,"href":"https:\/\/secureus.se\/fr\/wp-json\/wp\/v2\/product_cat?post=160146"},{"taxonomy":"product_tag","embeddable":true,"href":"https:\/\/secureus.se\/fr\/wp-json\/wp\/v2\/product_tag?post=160146"}],"curies":[{"name":"wp","href":"https:\/\/api.w.org\/{rel}","templated":true}]}}